{"id":113950,"date":"2019-03-19T12:53:50","date_gmt":"2019-03-19T11:53:50","guid":{"rendered":"http:\/\/web.editorialteide.com\/producto\/10-examens-nivell-c1-valencia-2019\/"},"modified":"2026-03-02T18:51:26","modified_gmt":"2026-03-02T17:51:26","slug":"10-examens-nivell-c1-valencia-2019","status":"publish","type":"product","link":"https:\/\/web.editorialteide.com\/ca\/producte\/10-examens-nivell-c1-valencia-2019\/","title":{"rendered":"10 ex\u00e0mens de valenci\u00e0 C1 (2019)"},"content":{"rendered":"<p>El llibre presenta 10 proves del nivell C1, elaborades d&#8217;acord amb els criteris del Marc Europeu Com\u00fa de Refer\u00e8ncia per a les lleng\u00fces (MECR), i que reprodueixen fidelment l&#8217;estructura que tenen els ex\u00e0mens actuals de la Junta Qualificadora de Coneixements de Valenci\u00e0 (JQCV).<\/p>\n<p>El manual tamb\u00e9 incorpora les solucions a les propostes de comprensi\u00f3 en el dossier encartat i una guia de control i revisi\u00f3 per a les propostes d&#8217;expressi\u00f3 al final del llibre.<\/p>\n<h2>Vincles d&#8217;inter\u00e8s<\/h2>\n<ul>\n<li><a href=\"http:\/\/guia.editorialteide.com\/f\/c57ad024a9\/\" target=\"_blank\" rel=\"noopener noreferrer\">Solucionari. 10 ex\u00e0mens de valenci\u00e0 C1<\/a><\/li>\n<\/ul>\n","protected":false},"excerpt":{"rendered":"<p>El llibre presenta 10 proves del nivell C1, elaborades d&#8217;acord amb els criteris del Marc Europeu Com\u00fa de Refer\u00e8ncia per a les lleng\u00fces (MECR), i que reprodueixen fidelment l&#8217;estructura que tenen els ex\u00e0mens actuals de la Junta Qualificadora de Coneixements de Valenci\u00e0 (JQCV). El manual tamb\u00e9 incorpora les solucions a les propostes de comprensi\u00f3 en &hellip; <a href=\"https:\/\/web.editorialteide.com\/ca\/producte\/10-examens-nivell-c1-valencia-2019\/\">Llegir m\u00e9s<\/a><\/p>\n","protected":false},"featured_media":115488,"template":"","meta":{"_links_to":"","_links_to_target":""},"product_brand":[],"product_cat":[202],"product_tag":[],"class_list":{"0":"post-113950","1":"product","2":"type-product","3":"status-publish","4":"has-post-thumbnail","6":"product_cat-comunidad-de-valencia-ca","7":"pa_asignatura-llengua-ca","8":"pa_curso-1-bat-valenciano-ca","9":"pa_format-llibre-text-ca","10":"pa_idioma-valencia-ca","12":"first","13":"instock","14":"taxable","15":"shipping-taxable","16":"purchasable","17":"product-type-simple"},"_links":{"self":[{"href":"https:\/\/web.editorialteide.com\/ca\/wp-json\/wp\/v2\/product\/113950","targetHints":{"allow":["GET"]}}],"collection":[{"href":"https:\/\/web.editorialteide.com\/ca\/wp-json\/wp\/v2\/product"}],"about":[{"href":"https:\/\/web.editorialteide.com\/ca\/wp-json\/wp\/v2\/types\/product"}],"wp:featuredmedia":[{"embeddable":true,"href":"https:\/\/web.editorialteide.com\/ca\/wp-json\/wp\/v2\/media\/115488"}],"wp:attachment":[{"href":"https:\/\/web.editorialteide.com\/ca\/wp-json\/wp\/v2\/media?parent=113950"}],"wp:term":[{"taxonomy":"product_brand","embeddable":true,"href":"https:\/\/web.editorialteide.com\/ca\/wp-json\/wp\/v2\/product_brand?post=113950"},{"taxonomy":"product_cat","embeddable":true,"href":"https:\/\/web.editorialteide.com\/ca\/wp-json\/wp\/v2\/product_cat?post=113950"},{"taxonomy":"product_tag","embeddable":true,"href":"https:\/\/web.editorialteide.com\/ca\/wp-json\/wp\/v2\/product_tag?post=113950"}],"curies":[{"name":"wp","href":"https:\/\/api.w.org\/{rel}","templated":true}]}}