{"id":114503,"date":"2019-05-02T07:43:25","date_gmt":"2019-05-02T06:43:25","guid":{"rendered":"http:\/\/web.editorialteide.com\/producto\/el-gos-dels-baskerville-adaptacio-comics\/"},"modified":"2026-03-02T18:51:22","modified_gmt":"2026-03-02T17:51:22","slug":"el-gos-dels-baskerville-adaptacio-comics","status":"publish","type":"product","link":"https:\/\/web.editorialteide.com\/ca\/producte\/el-gos-dels-baskerville-adaptacio-comics\/","title":{"rendered":"El gos dels Baskerville (Col\u00b7lecci\u00f3 DUAL)"},"content":{"rendered":"<p>L&#8217;adaptaci\u00f3 d&#8217;<i>El gos dels Baskerville<\/i> que presentem \u00e9s una versi\u00f3 pensada perqu\u00e8 el p\u00fablic juvenil gaudeixi descobrint aquesta obra d&#8217;Arthur Conan Doyle. La novel\u00b7la se situa a mig cam\u00ed del g\u00e8nere detectivesc i el de terror, i est\u00e0 protagonitzada per Sherlock Holmes i el seu company inseparable, el doctor Watson.<br \/>\nPer il\u00b7lustrar aquest cas sherlocki\u00e0, l&#8217;oferim tamb\u00e9 en format de c\u00f2mic, amb la recreaci\u00f3 de l&#8217;Anglaterra victoriana i una magn\u00edfica caracteritzaci\u00f3 dels personatges de l&#8217;obra, perqu\u00e8 el jove lector no es perdi cap detall de les aventures del detectiu m\u00e9s fam\u00f3s del m\u00f3n.<\/p>\n","protected":false},"excerpt":{"rendered":"<p>L&#8217;adaptaci\u00f3 d&#8217;El gos dels Baskerville que presentem \u00e9s una versi\u00f3 pensada perqu\u00e8 el p\u00fablic juvenil gaudeixi descobrint aquesta obra d&#8217;Arthur Conan Doyle. La novel\u00b7la se situa a mig cam\u00ed del g\u00e8nere detectivesc i el de terror, i est\u00e0 protagonitzada per Sherlock Holmes i el seu company inseparable, el doctor Watson. Per il\u00b7lustrar aquest cas sherlocki\u00e0, &hellip; <a href=\"https:\/\/web.editorialteide.com\/ca\/producte\/el-gos-dels-baskerville-adaptacio-comics\/\">Llegir m\u00e9s<\/a><\/p>\n","protected":false},"featured_media":114594,"template":"","meta":{"_links_to":"","_links_to_target":""},"product_brand":[],"product_cat":[195,202,205],"product_tag":[],"class_list":{"0":"post-114503","1":"product","2":"type-product","3":"status-publish","4":"has-post-thumbnail","6":"product_cat-catalunya-ca","7":"product_cat-comunidad-de-valencia-ca","8":"product_cat-illes-balears-ca","9":"pa_asignatura-llengua-catalana-i-literatura-ca","10":"pa_format-llibre-text-ca","11":"pa_idioma-catalan-ca","13":"first","14":"instock","15":"taxable","16":"shipping-taxable","17":"purchasable","18":"product-type-simple"},"_links":{"self":[{"href":"https:\/\/web.editorialteide.com\/ca\/wp-json\/wp\/v2\/product\/114503","targetHints":{"allow":["GET"]}}],"collection":[{"href":"https:\/\/web.editorialteide.com\/ca\/wp-json\/wp\/v2\/product"}],"about":[{"href":"https:\/\/web.editorialteide.com\/ca\/wp-json\/wp\/v2\/types\/product"}],"wp:featuredmedia":[{"embeddable":true,"href":"https:\/\/web.editorialteide.com\/ca\/wp-json\/wp\/v2\/media\/114594"}],"wp:attachment":[{"href":"https:\/\/web.editorialteide.com\/ca\/wp-json\/wp\/v2\/media?parent=114503"}],"wp:term":[{"taxonomy":"product_brand","embeddable":true,"href":"https:\/\/web.editorialteide.com\/ca\/wp-json\/wp\/v2\/product_brand?post=114503"},{"taxonomy":"product_cat","embeddable":true,"href":"https:\/\/web.editorialteide.com\/ca\/wp-json\/wp\/v2\/product_cat?post=114503"},{"taxonomy":"product_tag","embeddable":true,"href":"https:\/\/web.editorialteide.com\/ca\/wp-json\/wp\/v2\/product_tag?post=114503"}],"curies":[{"name":"wp","href":"https:\/\/api.w.org\/{rel}","templated":true}]}}