{"id":114534,"date":"2019-05-02T07:42:10","date_gmt":"2019-05-02T06:42:10","guid":{"rendered":"http:\/\/web.editorialteide.com\/producto\/matematiques-2-epo-emocionat-val\/"},"modified":"2026-03-02T18:51:33","modified_gmt":"2026-03-02T17:51:33","slug":"matematiques-2-epo-emocionat-val","status":"publish","type":"product","link":"https:\/\/web.editorialteide.com\/ca\/producte\/matematiques-2-epo-emocionat-val\/","title":{"rendered":"Matem\u00e0tiques 2 EPO. Estrat\u00e8gies de c\u00e0lcul &#8211; Emociona&#8217;t (VAL)"},"content":{"rendered":"","protected":false},"excerpt":{"rendered":"","protected":false},"featured_media":114686,"template":"","meta":{"_links_to":"","_links_to_target":""},"product_brand":[],"product_cat":[202],"product_tag":[],"class_list":{"0":"post-114534","1":"product","2":"type-product","3":"status-publish","4":"has-post-thumbnail","6":"product_cat-comunidad-de-valencia-ca","7":"pa_asignatura-matematiques-ca","8":"pa_curso-2-epo-ca","9":"pa_format-llibre-text-ca","10":"pa_idioma-valencia-ca","11":"pa_project-emocionat-val-ca","13":"first","14":"instock","15":"taxable","16":"shipping-taxable","17":"purchasable","18":"product-type-simple"},"_links":{"self":[{"href":"https:\/\/web.editorialteide.com\/ca\/wp-json\/wp\/v2\/product\/114534","targetHints":{"allow":["GET"]}}],"collection":[{"href":"https:\/\/web.editorialteide.com\/ca\/wp-json\/wp\/v2\/product"}],"about":[{"href":"https:\/\/web.editorialteide.com\/ca\/wp-json\/wp\/v2\/types\/product"}],"wp:featuredmedia":[{"embeddable":true,"href":"https:\/\/web.editorialteide.com\/ca\/wp-json\/wp\/v2\/media\/114686"}],"wp:attachment":[{"href":"https:\/\/web.editorialteide.com\/ca\/wp-json\/wp\/v2\/media?parent=114534"}],"wp:term":[{"taxonomy":"product_brand","embeddable":true,"href":"https:\/\/web.editorialteide.com\/ca\/wp-json\/wp\/v2\/product_brand?post=114534"},{"taxonomy":"product_cat","embeddable":true,"href":"https:\/\/web.editorialteide.com\/ca\/wp-json\/wp\/v2\/product_cat?post=114534"},{"taxonomy":"product_tag","embeddable":true,"href":"https:\/\/web.editorialteide.com\/ca\/wp-json\/wp\/v2\/product_tag?post=114534"}],"curies":[{"name":"wp","href":"https:\/\/api.w.org\/{rel}","templated":true}]}}