{"id":117355,"date":"2019-07-01T08:34:24","date_gmt":"2019-07-01T07:34:24","guid":{"rendered":"http:\/\/web.editorialteide.com\/producto\/10-examens-valencia-c2-2019\/"},"modified":"2026-03-02T18:51:29","modified_gmt":"2026-03-02T17:51:29","slug":"10-examens-valencia-c2-2019","status":"publish","type":"product","link":"https:\/\/web.editorialteide.com\/ca\/producte\/10-examens-valencia-c2-2019\/","title":{"rendered":"10 ex\u00e0mens de valenci\u00e0 C2 (2019)"},"content":{"rendered":"<p>La finalitat del llibre \u00e9s respondre a la demanda d&#8217;aprenents que necessiten materials nous i actualitzats per a preparar les proves de la Junta Qualificadora de Coneixements de Valenci\u00e0 (<span class=\"hiddenSpellError\">JQCV<\/span>).<br \/>\nTotes les propostes responen a una \u00e0mplia varietat de textos de proced\u00e8ncia molt diversa a fi d&#8217;oferir als usuaris un repertori textual ben divers. El manual tamb\u00e9 incorpora les solucions a les propostes de comprensi\u00f3 en el dossier encartat i una guia de control i revisi\u00f3 per a les propostes d&#8217;expressi\u00f3 al final del llibre. Cal recordar, a m\u00e9s, que tots els exercicis que componen les proves s\u00f3n del tot v\u00e0lids per a preparar tamb\u00e9 ex\u00e0mens d&#8217;altres entitats certificadores, com ara els de la\u00a0<span class=\"hiddenSpellError\">CIEACOVA<\/span>\u00a0o els de l&#8217;<span class=\"hiddenSpellError\">EOI<\/span>.<\/p>\n<h2>Vincles d&#8217;inter\u00e8s<\/h2>\n<ul>\n<li><a href=\"http:\/\/guia.editorialteide.com\/f\/0ff876a5b9\/\" target=\"_blank\" rel=\"noopener noreferrer\">Solucionari. 10 ex\u00e0mens de valenci\u00e0 C2<\/a><\/li>\n<\/ul>\n","protected":false},"excerpt":{"rendered":"<p>La finalitat del llibre \u00e9s respondre a la demanda d&#8217;aprenents que necessiten materials nous i actualitzats per a preparar les proves de la Junta Qualificadora de Coneixements de Valenci\u00e0 (JQCV). Totes les propostes responen a una \u00e0mplia varietat de textos de proced\u00e8ncia molt diversa a fi d&#8217;oferir als usuaris un repertori textual ben divers. El &hellip; <a href=\"https:\/\/web.editorialteide.com\/ca\/producte\/10-examens-valencia-c2-2019\/\">Llegir m\u00e9s<\/a><\/p>\n","protected":false},"featured_media":117356,"template":"","meta":{"_links_to":"","_links_to_target":""},"product_brand":[],"product_cat":[202],"product_tag":[],"class_list":{"0":"post-117355","1":"product","2":"type-product","3":"status-publish","4":"has-post-thumbnail","6":"product_cat-comunidad-de-valencia-ca","7":"pa_asignatura-llengua-ca","8":"pa_curso-1-bac-ca","9":"pa_format-llibre-text-ca","10":"pa_idioma-valencia-ca","12":"first","13":"instock","14":"taxable","15":"shipping-taxable","16":"purchasable","17":"product-type-simple"},"_links":{"self":[{"href":"https:\/\/web.editorialteide.com\/ca\/wp-json\/wp\/v2\/product\/117355","targetHints":{"allow":["GET"]}}],"collection":[{"href":"https:\/\/web.editorialteide.com\/ca\/wp-json\/wp\/v2\/product"}],"about":[{"href":"https:\/\/web.editorialteide.com\/ca\/wp-json\/wp\/v2\/types\/product"}],"wp:featuredmedia":[{"embeddable":true,"href":"https:\/\/web.editorialteide.com\/ca\/wp-json\/wp\/v2\/media\/117356"}],"wp:attachment":[{"href":"https:\/\/web.editorialteide.com\/ca\/wp-json\/wp\/v2\/media?parent=117355"}],"wp:term":[{"taxonomy":"product_brand","embeddable":true,"href":"https:\/\/web.editorialteide.com\/ca\/wp-json\/wp\/v2\/product_brand?post=117355"},{"taxonomy":"product_cat","embeddable":true,"href":"https:\/\/web.editorialteide.com\/ca\/wp-json\/wp\/v2\/product_cat?post=117355"},{"taxonomy":"product_tag","embeddable":true,"href":"https:\/\/web.editorialteide.com\/ca\/wp-json\/wp\/v2\/product_tag?post=117355"}],"curies":[{"name":"wp","href":"https:\/\/api.w.org\/{rel}","templated":true}]}}