{"id":128139,"date":"2019-10-30T08:46:20","date_gmt":"2019-10-30T08:46:20","guid":{"rendered":"http:\/\/web.editorialteide.com\/producto\/10-examens-de-nivell-elemental-b1-catala-2019\/"},"modified":"2026-03-02T18:46:35","modified_gmt":"2026-03-02T17:46:35","slug":"10-examens-de-nivell-elemental-b1-catala-2019","status":"publish","type":"product","link":"https:\/\/web.editorialteide.com\/ca\/producte\/10-examens-de-nivell-elemental-b1-catala-2019\/","title":{"rendered":"10 ex\u00e0mens de catal\u00e0 B1 &#8211; Nivell elemental (2019)"},"content":{"rendered":"<h2>Vincles d&#8217;inter\u00e8s<\/h2>\n<ul>\n<li><a href=\"http:\/\/guia.editorialteide.com\/f\/6e6dae8e47\/\" target=\"_blank\" rel=\"noopener noreferrer\">Solucionari. 10 ex\u00e0mens de catal\u00e0 B1<\/a><\/li>\n<\/ul>\n","protected":false},"excerpt":{"rendered":"<p>Vincles d&#8217;inter\u00e8s Solucionari. 10 ex\u00e0mens de catal\u00e0 B1<\/p>\n","protected":false},"featured_media":128140,"template":"","meta":{"_links_to":"","_links_to_target":""},"product_brand":[],"product_cat":[195,205],"product_tag":[],"class_list":{"0":"post-128139","1":"product","2":"type-product","3":"status-publish","4":"has-post-thumbnail","6":"product_cat-catalunya-ca","7":"product_cat-illes-balears-ca","8":"pa_asignatura-llengua-ca","9":"pa_format-llibre-text-ca","10":"pa_idioma-catalan-ca","12":"first","13":"instock","14":"taxable","15":"shipping-taxable","16":"purchasable","17":"product-type-simple"},"_links":{"self":[{"href":"https:\/\/web.editorialteide.com\/ca\/wp-json\/wp\/v2\/product\/128139","targetHints":{"allow":["GET"]}}],"collection":[{"href":"https:\/\/web.editorialteide.com\/ca\/wp-json\/wp\/v2\/product"}],"about":[{"href":"https:\/\/web.editorialteide.com\/ca\/wp-json\/wp\/v2\/types\/product"}],"wp:featuredmedia":[{"embeddable":true,"href":"https:\/\/web.editorialteide.com\/ca\/wp-json\/wp\/v2\/media\/128140"}],"wp:attachment":[{"href":"https:\/\/web.editorialteide.com\/ca\/wp-json\/wp\/v2\/media?parent=128139"}],"wp:term":[{"taxonomy":"product_brand","embeddable":true,"href":"https:\/\/web.editorialteide.com\/ca\/wp-json\/wp\/v2\/product_brand?post=128139"},{"taxonomy":"product_cat","embeddable":true,"href":"https:\/\/web.editorialteide.com\/ca\/wp-json\/wp\/v2\/product_cat?post=128139"},{"taxonomy":"product_tag","embeddable":true,"href":"https:\/\/web.editorialteide.com\/ca\/wp-json\/wp\/v2\/product_tag?post=128139"}],"curies":[{"name":"wp","href":"https:\/\/api.w.org\/{rel}","templated":true}]}}