{"id":138723,"date":"2020-02-24T10:14:28","date_gmt":"2020-02-24T10:14:28","guid":{"rendered":"http:\/\/web.editorialteide.com\/producto\/catala-elemental-b1-2020\/"},"modified":"2026-03-02T18:51:40","modified_gmt":"2026-03-02T17:51:40","slug":"catala-elemental-b1-2020","status":"publish","type":"product","link":"https:\/\/web.editorialteide.com\/ca\/producte\/catala-elemental-b1-2020\/","title":{"rendered":"Catal\u00e0 Elemental B1 (2020)"},"content":{"rendered":"<p style=\"text-align: justify;\"><span style=\"font-size: 14px;\"><em>Catal\u00e0 B1<\/em> \u00e9s una concreci\u00f3 did\u00e0ctica del nivell d&#8217;\u00fas i domini de la llengua que apareix descrit al <em>Marc com\u00fa de refer\u00e8ncia per a les lleng\u00fces: aprendre, ensenyar, avaluar.<\/em><\/span><\/p>\n<p style=\"text-align: justify;\"><span style=\"font-size: 14px;\">A les dotze unitats del llibre, les activitats socials presideixen el treball. Aix\u00f2 vol dir que tant els objectius com els continguts del material estan orientats a perqu\u00e8 els aprenents adquireixen compet\u00e8ncia gramatical, sociocultural i textual tot exposant-se a una \u00e0mplia varietat de situacions d&#8217;\u00fas i d&#8217;aprenentatge de la llengua.<\/span><\/p>\n<h2>Vincles d&#8217;inter\u00e8s<\/h2>\n<p><a href=\"http:\/\/guia.editorialteide.com\/f\/38b4f42753\/\" target=\"_blank\" rel=\"noopener noreferrer\">Solucionari. Catal\u00e0 B1<\/a><\/p>\n","protected":false},"excerpt":{"rendered":"<p>Catal\u00e0 B1 \u00e9s una concreci\u00f3 did\u00e0ctica del nivell d&#8217;\u00fas i domini de la llengua que apareix descrit al Marc com\u00fa de refer\u00e8ncia per a les lleng\u00fces: aprendre, ensenyar, avaluar. A les dotze unitats del llibre, les activitats socials presideixen el treball. Aix\u00f2 vol dir que tant els objectius com els continguts del material estan orientats &hellip; <a href=\"https:\/\/web.editorialteide.com\/ca\/producte\/catala-elemental-b1-2020\/\">Llegir m\u00e9s<\/a><\/p>\n","protected":false},"featured_media":146267,"template":"","meta":{"_links_to":"","_links_to_target":""},"product_brand":[],"product_cat":[195],"product_tag":[],"class_list":{"0":"post-138723","1":"product","2":"type-product","3":"status-publish","4":"has-post-thumbnail","6":"product_cat-catalunya-ca","7":"pa_asignatura-llengua-ca","8":"pa_format-llibre-text-ca","9":"pa_idioma-catalan-ca","11":"first","12":"instock","13":"sale","14":"taxable","15":"shipping-taxable","16":"purchasable","17":"product-type-simple"},"_links":{"self":[{"href":"https:\/\/web.editorialteide.com\/ca\/wp-json\/wp\/v2\/product\/138723","targetHints":{"allow":["GET"]}}],"collection":[{"href":"https:\/\/web.editorialteide.com\/ca\/wp-json\/wp\/v2\/product"}],"about":[{"href":"https:\/\/web.editorialteide.com\/ca\/wp-json\/wp\/v2\/types\/product"}],"wp:featuredmedia":[{"embeddable":true,"href":"https:\/\/web.editorialteide.com\/ca\/wp-json\/wp\/v2\/media\/146267"}],"wp:attachment":[{"href":"https:\/\/web.editorialteide.com\/ca\/wp-json\/wp\/v2\/media?parent=138723"}],"wp:term":[{"taxonomy":"product_brand","embeddable":true,"href":"https:\/\/web.editorialteide.com\/ca\/wp-json\/wp\/v2\/product_brand?post=138723"},{"taxonomy":"product_cat","embeddable":true,"href":"https:\/\/web.editorialteide.com\/ca\/wp-json\/wp\/v2\/product_cat?post=138723"},{"taxonomy":"product_tag","embeddable":true,"href":"https:\/\/web.editorialteide.com\/ca\/wp-json\/wp\/v2\/product_tag?post=138723"}],"curies":[{"name":"wp","href":"https:\/\/api.w.org\/{rel}","templated":true}]}}