{"id":150788,"date":"2020-11-03T10:28:02","date_gmt":"2020-11-03T09:28:02","guid":{"rendered":"http:\/\/web.editorialteide.com\/producto\/las-aventuras-de-tom-sawyer-b-t-2\/"},"modified":"2026-03-02T18:51:50","modified_gmt":"2026-03-02T17:51:50","slug":"las-aventuras-de-tom-sawyer-b-t-2","status":"publish","type":"product","link":"https:\/\/web.editorialteide.com\/ca\/producte\/las-aventuras-de-tom-sawyer-b-t-2\/","title":{"rendered":"Digital. Las aventuras de Tom Sawyer (Biblioteca Teide)"},"content":{"rendered":"<p>Mark Twain (1835-1910) es uno de los autores m\u00e1s relevantes de la literatura norteamericana. Destaca principalmente por dos de sus novelas: <em>Las aventuras de Tom Sawyer<\/em> y <em>Las aventuras de Huckleberry Finn<\/em>.<\/p>\n<p>En esta publicaci\u00f3n presentamos la primera en una versi\u00f3n adaptada por A. Gasol y T. Blanch para los j\u00f3venes lectores de hoy, esperando que sea un primer paso para llegar a leer alg\u00fan d\u00eda la versi\u00f3n \u00edntegra de esta gran novela.<\/p>\n","protected":false},"excerpt":{"rendered":"<p>Mark Twain (1835-1910) es uno de los autores m\u00e1s relevantes de la literatura norteamericana. Destaca principalmente por dos de sus novelas: Las aventuras de Tom Sawyer y Las aventuras de Huckleberry Finn. En esta publicaci\u00f3n presentamos la primera en una versi\u00f3n adaptada por A. Gasol y T. Blanch para los j\u00f3venes lectores de hoy, esperando &hellip; <a href=\"https:\/\/web.editorialteide.com\/ca\/producte\/las-aventuras-de-tom-sawyer-b-t-2\/\">Llegir m\u00e9s<\/a><\/p>\n","protected":false},"featured_media":126892,"template":"","meta":{"_links_to":"","_links_to_target":""},"product_brand":[],"product_cat":[189,190,191,192,193,194,195,196,198,202,197,203,204,205,206,207,208,209,210,211],"product_tag":[],"class_list":{"0":"post-150788","1":"product","2":"type-product","3":"status-publish","4":"has-post-thumbnail","6":"product_cat-andalucia-ca","7":"product_cat-aragon-ca","8":"product_cat-canarias-ca","9":"product_cat-cantabria-ca","10":"product_cat-castilla-la-mancha-ca","11":"product_cat-castilla-y-leon-ca","12":"product_cat-catalunya-ca","13":"product_cat-ceuta-ca","14":"product_cat-comunidad-de-madrid-ca","15":"product_cat-comunidad-de-valencia-ca","16":"product_cat-comunidad-foral-de-navarra-ca","17":"product_cat-extremadura-ca","18":"product_cat-galicia-ca","19":"product_cat-illes-balears-ca","20":"product_cat-la-rioja-ca","21":"product_cat-mec-ca","22":"product_cat-melilla-ca","23":"product_cat-pais-vasco-ca","24":"product_cat-principado-de-asturias-ca","25":"product_cat-region-de-murcia-ca","26":"pa_asignatura-llengua-castellana-i-literatura-ca","27":"pa_format-llibre-digital-ca","28":"pa_idioma-castellano-ca","29":"pa_project-lecturas-eso-ca","31":"first","32":"instock","33":"virtual","34":"taxable","35":"purchasable","36":"product-type-simple"},"_links":{"self":[{"href":"https:\/\/web.editorialteide.com\/ca\/wp-json\/wp\/v2\/product\/150788","targetHints":{"allow":["GET"]}}],"collection":[{"href":"https:\/\/web.editorialteide.com\/ca\/wp-json\/wp\/v2\/product"}],"about":[{"href":"https:\/\/web.editorialteide.com\/ca\/wp-json\/wp\/v2\/types\/product"}],"wp:featuredmedia":[{"embeddable":true,"href":"https:\/\/web.editorialteide.com\/ca\/wp-json\/wp\/v2\/media\/126892"}],"wp:attachment":[{"href":"https:\/\/web.editorialteide.com\/ca\/wp-json\/wp\/v2\/media?parent=150788"}],"wp:term":[{"taxonomy":"product_brand","embeddable":true,"href":"https:\/\/web.editorialteide.com\/ca\/wp-json\/wp\/v2\/product_brand?post=150788"},{"taxonomy":"product_cat","embeddable":true,"href":"https:\/\/web.editorialteide.com\/ca\/wp-json\/wp\/v2\/product_cat?post=150788"},{"taxonomy":"product_tag","embeddable":true,"href":"https:\/\/web.editorialteide.com\/ca\/wp-json\/wp\/v2\/product_tag?post=150788"}],"curies":[{"name":"wp","href":"https:\/\/api.w.org\/{rel}","templated":true}]}}