{"id":150866,"date":"2020-11-13T12:52:55","date_gmt":"2020-11-13T11:52:55","guid":{"rendered":"http:\/\/web.editorialteide.com\/producto\/fabulas-b-t-2\/"},"modified":"2026-03-02T18:51:50","modified_gmt":"2026-03-02T17:51:50","slug":"fabulas-b-t-2","status":"publish","type":"product","link":"https:\/\/web.editorialteide.com\/ca\/producte\/fabulas-b-t-2\/","title":{"rendered":"Digital. F\u00e1bulas (Biblioteca Teide)"},"content":{"rendered":"<p>Una meticulosa selecci\u00f3n y adaptaci\u00f3n de 80 f\u00e1bulas de F\u00e9lix Mar\u00eda Samaniego, autor a quien le debemos la renovaci\u00f3n de la tradici\u00f3n fabul\u00edstica en la literatura espa\u00f1ola. Recogemos, entre otras, f\u00e1bulas tan representativas como \u00ab<em>El Asno y el Cochino\u00bb<\/em>, \u00ab<em>La Cigarra y la Hormiga\u00bb<\/em>, \u00ab<em>La Lechera\u00bb<\/em>, \u00ab<em>La Zorra y las uvas\u00bb<\/em>, \u00ab<em>El Le\u00f3n enamorado\u00bb<\/em> y \u00ab<em>Los Gatos escrupulosos\u00bb<\/em>.<\/p>\n","protected":false},"excerpt":{"rendered":"<p>Una meticulosa selecci\u00f3n y adaptaci\u00f3n de 80 f\u00e1bulas de F\u00e9lix Mar\u00eda Samaniego, autor a quien le debemos la renovaci\u00f3n de la tradici\u00f3n fabul\u00edstica en la literatura espa\u00f1ola. Recogemos, entre otras, f\u00e1bulas tan representativas como \u00abEl Asno y el Cochino\u00bb, \u00abLa Cigarra y la Hormiga\u00bb, \u00abLa Lechera\u00bb, \u00abLa Zorra y las uvas\u00bb, \u00abEl Le\u00f3n enamorado\u00bb y &hellip; <a href=\"https:\/\/web.editorialteide.com\/ca\/producte\/fabulas-b-t-2\/\">Llegir m\u00e9s<\/a><\/p>\n","protected":false},"featured_media":150916,"template":"","meta":{"_links_to":"","_links_to_target":""},"product_brand":[],"product_cat":[189,190,191,192,193,194,195,196,198,202,197,203,204,205,206,207,208,209,210,211],"product_tag":[],"class_list":{"0":"post-150866","1":"product","2":"type-product","3":"status-publish","4":"has-post-thumbnail","6":"product_cat-andalucia-ca","7":"product_cat-aragon-ca","8":"product_cat-canarias-ca","9":"product_cat-cantabria-ca","10":"product_cat-castilla-la-mancha-ca","11":"product_cat-castilla-y-leon-ca","12":"product_cat-catalunya-ca","13":"product_cat-ceuta-ca","14":"product_cat-comunidad-de-madrid-ca","15":"product_cat-comunidad-de-valencia-ca","16":"product_cat-comunidad-foral-de-navarra-ca","17":"product_cat-extremadura-ca","18":"product_cat-galicia-ca","19":"product_cat-illes-balears-ca","20":"product_cat-la-rioja-ca","21":"product_cat-mec-ca","22":"product_cat-melilla-ca","23":"product_cat-pais-vasco-ca","24":"product_cat-principado-de-asturias-ca","25":"product_cat-region-de-murcia-ca","26":"pa_asignatura-llengua-castellana-i-literatura-ca","27":"pa_format-llibre-digital-ca","28":"pa_idioma-castellano-ca","29":"pa_project-lecturas-eso-ca","31":"first","32":"instock","33":"virtual","34":"taxable","35":"purchasable","36":"product-type-simple"},"_links":{"self":[{"href":"https:\/\/web.editorialteide.com\/ca\/wp-json\/wp\/v2\/product\/150866","targetHints":{"allow":["GET"]}}],"collection":[{"href":"https:\/\/web.editorialteide.com\/ca\/wp-json\/wp\/v2\/product"}],"about":[{"href":"https:\/\/web.editorialteide.com\/ca\/wp-json\/wp\/v2\/types\/product"}],"wp:featuredmedia":[{"embeddable":true,"href":"https:\/\/web.editorialteide.com\/ca\/wp-json\/wp\/v2\/media\/150916"}],"wp:attachment":[{"href":"https:\/\/web.editorialteide.com\/ca\/wp-json\/wp\/v2\/media?parent=150866"}],"wp:term":[{"taxonomy":"product_brand","embeddable":true,"href":"https:\/\/web.editorialteide.com\/ca\/wp-json\/wp\/v2\/product_brand?post=150866"},{"taxonomy":"product_cat","embeddable":true,"href":"https:\/\/web.editorialteide.com\/ca\/wp-json\/wp\/v2\/product_cat?post=150866"},{"taxonomy":"product_tag","embeddable":true,"href":"https:\/\/web.editorialteide.com\/ca\/wp-json\/wp\/v2\/product_tag?post=150866"}],"curies":[{"name":"wp","href":"https:\/\/api.w.org\/{rel}","templated":true}]}}