{"id":150869,"date":"2020-11-13T12:52:54","date_gmt":"2020-11-13T11:52:54","guid":{"rendered":"http:\/\/web.editorialteide.com\/producto\/capitans-valents-catcol-leccio-dual\/"},"modified":"2026-03-02T18:51:52","modified_gmt":"2026-03-02T17:51:52","slug":"capitans-valents-catcol-leccio-dual","status":"publish","type":"product","link":"https:\/\/web.editorialteide.com\/ca\/producte\/capitans-valents-catcol-leccio-dual\/","title":{"rendered":"Digital. Capitans valents (Col\u00b7lecci\u00f3 Dual)"},"content":{"rendered":"<p>Aquesta adaptaci\u00f3 liter\u00e0ria vol acostar els joves lectors a una faceta de Rudyard Kipling apartada de les seves obres de car\u00e0cter colonial. D&#8217;aquesta manera, lluny de la ingenu\u00eftat del seu fam\u00f3s personatge Mowgli, a <em>Capitans valents<\/em> l&#8217;autor ens presenta Harvey Cheyne, un jove de quinze anys ric i consentit que, per primera vegada, s&#8217;enfronta a la vida adulta a bord d&#8217;un pesquer que navega pels Grans Bancs de Terranova.<\/p>\n","protected":false},"excerpt":{"rendered":"<p>Aquesta adaptaci\u00f3 liter\u00e0ria vol acostar els joves lectors a una faceta de Rudyard Kipling apartada de les seves obres de car\u00e0cter colonial. D&#8217;aquesta manera, lluny de la ingenu\u00eftat del seu fam\u00f3s personatge Mowgli, a Capitans valents l&#8217;autor ens presenta Harvey Cheyne, un jove de quinze anys ric i consentit que, per primera vegada, s&#8217;enfronta a &hellip; <a href=\"https:\/\/web.editorialteide.com\/ca\/producte\/capitans-valents-catcol-leccio-dual\/\">Llegir m\u00e9s<\/a><\/p>\n","protected":false},"featured_media":135890,"template":"","meta":{"_links_to":"","_links_to_target":""},"product_brand":[],"product_cat":[195,202,205],"product_tag":[],"class_list":{"0":"post-150869","1":"product","2":"type-product","3":"status-publish","4":"has-post-thumbnail","6":"product_cat-catalunya-ca","7":"product_cat-comunidad-de-valencia-ca","8":"product_cat-illes-balears-ca","9":"pa_asignatura-llengua-catalana-i-literatura-ca","10":"pa_format-llibre-digital-ca","11":"pa_idioma-catalan-ca","12":"pa_project-lectures-eso-ca","14":"first","15":"instock","16":"virtual","17":"taxable","18":"purchasable","19":"product-type-simple"},"_links":{"self":[{"href":"https:\/\/web.editorialteide.com\/ca\/wp-json\/wp\/v2\/product\/150869","targetHints":{"allow":["GET"]}}],"collection":[{"href":"https:\/\/web.editorialteide.com\/ca\/wp-json\/wp\/v2\/product"}],"about":[{"href":"https:\/\/web.editorialteide.com\/ca\/wp-json\/wp\/v2\/types\/product"}],"wp:featuredmedia":[{"embeddable":true,"href":"https:\/\/web.editorialteide.com\/ca\/wp-json\/wp\/v2\/media\/135890"}],"wp:attachment":[{"href":"https:\/\/web.editorialteide.com\/ca\/wp-json\/wp\/v2\/media?parent=150869"}],"wp:term":[{"taxonomy":"product_brand","embeddable":true,"href":"https:\/\/web.editorialteide.com\/ca\/wp-json\/wp\/v2\/product_brand?post=150869"},{"taxonomy":"product_cat","embeddable":true,"href":"https:\/\/web.editorialteide.com\/ca\/wp-json\/wp\/v2\/product_cat?post=150869"},{"taxonomy":"product_tag","embeddable":true,"href":"https:\/\/web.editorialteide.com\/ca\/wp-json\/wp\/v2\/product_tag?post=150869"}],"curies":[{"name":"wp","href":"https:\/\/api.w.org\/{rel}","templated":true}]}}