{"id":150871,"date":"2020-11-13T12:52:53","date_gmt":"2020-11-13T11:52:53","guid":{"rendered":"http:\/\/web.editorialteide.com\/producto\/oliver-twist-catb-t\/"},"modified":"2026-03-02T18:51:52","modified_gmt":"2026-03-02T17:51:52","slug":"oliver-twist-catb-t","status":"publish","type":"product","link":"https:\/\/web.editorialteide.com\/ca\/producte\/oliver-twist-catb-t\/","title":{"rendered":"Digital. Oliver Twist (Biblioteca Teide)(CAT)"},"content":{"rendered":"<p>Charles Dickens \u00e9s considerat un dels novel\u00b7listes m\u00e9s grans de tots els temps. La seva fama, que ja va aconseguir en vida i que s&#8217;ha anat renovant generaci\u00f3 rere generaci\u00f3 fins als nostres dies, es basa en el conjunt de tota la seva obra, formada per un seguit de t\u00edtols que s&#8217;han guanyat amb escreix la condici\u00f3 de cl\u00e0ssics universals. Entre els protagonistes de les seves novel\u00b7les trobem personatges tan coneguts com David Copperfield, l&#8217;avarici\u00f3s senyor Scrooge, d&#8217;<em>El conte de Nadal<\/em>, i el mateix Oliver Twist, el nen que protagonitza el relat que us presentem aqu\u00ed, en una adaptaci\u00f3 escrita per Josep Lorman.<\/p>\n","protected":false},"excerpt":{"rendered":"<p>Charles Dickens \u00e9s considerat un dels novel\u00b7listes m\u00e9s grans de tots els temps. La seva fama, que ja va aconseguir en vida i que s&#8217;ha anat renovant generaci\u00f3 rere generaci\u00f3 fins als nostres dies, es basa en el conjunt de tota la seva obra, formada per un seguit de t\u00edtols que s&#8217;han guanyat amb escreix &hellip; <a href=\"https:\/\/web.editorialteide.com\/ca\/producte\/oliver-twist-catb-t\/\">Llegir m\u00e9s<\/a><\/p>\n","protected":false},"featured_media":150941,"template":"","meta":{"_links_to":"","_links_to_target":""},"product_brand":[],"product_cat":[195,202,205],"product_tag":[],"class_list":{"0":"post-150871","1":"product","2":"type-product","3":"status-publish","4":"has-post-thumbnail","6":"product_cat-catalunya-ca","7":"product_cat-comunidad-de-valencia-ca","8":"product_cat-illes-balears-ca","9":"pa_asignatura-llengua-catalana-i-literatura-ca","10":"pa_format-llibre-digital-ca","11":"pa_idioma-catalan-ca","12":"pa_project-lectures-eso-ca","14":"first","15":"instock","16":"virtual","17":"taxable","18":"purchasable","19":"product-type-simple"},"_links":{"self":[{"href":"https:\/\/web.editorialteide.com\/ca\/wp-json\/wp\/v2\/product\/150871","targetHints":{"allow":["GET"]}}],"collection":[{"href":"https:\/\/web.editorialteide.com\/ca\/wp-json\/wp\/v2\/product"}],"about":[{"href":"https:\/\/web.editorialteide.com\/ca\/wp-json\/wp\/v2\/types\/product"}],"wp:featuredmedia":[{"embeddable":true,"href":"https:\/\/web.editorialteide.com\/ca\/wp-json\/wp\/v2\/media\/150941"}],"wp:attachment":[{"href":"https:\/\/web.editorialteide.com\/ca\/wp-json\/wp\/v2\/media?parent=150871"}],"wp:term":[{"taxonomy":"product_brand","embeddable":true,"href":"https:\/\/web.editorialteide.com\/ca\/wp-json\/wp\/v2\/product_brand?post=150871"},{"taxonomy":"product_cat","embeddable":true,"href":"https:\/\/web.editorialteide.com\/ca\/wp-json\/wp\/v2\/product_cat?post=150871"},{"taxonomy":"product_tag","embeddable":true,"href":"https:\/\/web.editorialteide.com\/ca\/wp-json\/wp\/v2\/product_tag?post=150871"}],"curies":[{"name":"wp","href":"https:\/\/api.w.org\/{rel}","templated":true}]}}