{"id":150875,"date":"2020-11-13T12:52:52","date_gmt":"2020-11-13T11:52:52","guid":{"rendered":"http:\/\/web.editorialteide.com\/producto\/romeu-i-julieta-catb-t\/"},"modified":"2026-03-02T18:51:52","modified_gmt":"2026-03-02T17:51:52","slug":"romeu-i-julieta-catb-t","status":"publish","type":"product","link":"https:\/\/web.editorialteide.com\/ca\/producte\/romeu-i-julieta-catb-t\/","title":{"rendered":"Digital. Romeu i Julieta (Biblioteca Teide)"},"content":{"rendered":"<p><em>Romeu i Julieta<\/em> \u00e9s una de les obres m\u00e9s emblem\u00e0tiques de William Shakespeare. Estrenada el 1595, de seguida va assolir l&#8217;\u00e8xit, ja que per primer cop es feia servir l&#8217;amor com a tema central d&#8217;una trag\u00e8dia. D&#8217;aleshores en\u00e7\u00e0 aquesta obra ha estat un cl\u00e0ssic en la hist\u00f2ria del teatre. La present versi\u00f3 \u00e9s una adaptaci\u00f3 en prosa amb l&#8217;objectiu d&#8217;acostar l&#8217;obra als joves lectors actuals.<\/p>\n","protected":false},"excerpt":{"rendered":"<p>Romeu i Julieta \u00e9s una de les obres m\u00e9s emblem\u00e0tiques de William Shakespeare. Estrenada el 1595, de seguida va assolir l&#8217;\u00e8xit, ja que per primer cop es feia servir l&#8217;amor com a tema central d&#8217;una trag\u00e8dia. D&#8217;aleshores en\u00e7\u00e0 aquesta obra ha estat un cl\u00e0ssic en la hist\u00f2ria del teatre. La present versi\u00f3 \u00e9s una adaptaci\u00f3 &hellip; <a href=\"https:\/\/web.editorialteide.com\/ca\/producte\/romeu-i-julieta-catb-t\/\">Llegir m\u00e9s<\/a><\/p>\n","protected":false},"featured_media":150975,"template":"","meta":{"_links_to":"","_links_to_target":""},"product_brand":[],"product_cat":[195,202,205],"product_tag":[],"class_list":{"0":"post-150875","1":"product","2":"type-product","3":"status-publish","4":"has-post-thumbnail","6":"product_cat-catalunya-ca","7":"product_cat-comunidad-de-valencia-ca","8":"product_cat-illes-balears-ca","9":"pa_asignatura-llengua-catalana-i-literatura-ca","10":"pa_format-llibre-digital-ca","11":"pa_idioma-catalan-ca","12":"pa_project-lectures-eso-ca","14":"first","15":"instock","16":"virtual","17":"taxable","18":"purchasable","19":"product-type-simple"},"_links":{"self":[{"href":"https:\/\/web.editorialteide.com\/ca\/wp-json\/wp\/v2\/product\/150875","targetHints":{"allow":["GET"]}}],"collection":[{"href":"https:\/\/web.editorialteide.com\/ca\/wp-json\/wp\/v2\/product"}],"about":[{"href":"https:\/\/web.editorialteide.com\/ca\/wp-json\/wp\/v2\/types\/product"}],"wp:featuredmedia":[{"embeddable":true,"href":"https:\/\/web.editorialteide.com\/ca\/wp-json\/wp\/v2\/media\/150975"}],"wp:attachment":[{"href":"https:\/\/web.editorialteide.com\/ca\/wp-json\/wp\/v2\/media?parent=150875"}],"wp:term":[{"taxonomy":"product_brand","embeddable":true,"href":"https:\/\/web.editorialteide.com\/ca\/wp-json\/wp\/v2\/product_brand?post=150875"},{"taxonomy":"product_cat","embeddable":true,"href":"https:\/\/web.editorialteide.com\/ca\/wp-json\/wp\/v2\/product_cat?post=150875"},{"taxonomy":"product_tag","embeddable":true,"href":"https:\/\/web.editorialteide.com\/ca\/wp-json\/wp\/v2\/product_tag?post=150875"}],"curies":[{"name":"wp","href":"https:\/\/api.w.org\/{rel}","templated":true}]}}