{"id":150876,"date":"2020-11-13T12:52:51","date_gmt":"2020-11-13T11:52:51","guid":{"rendered":"http:\/\/web.editorialteide.com\/producto\/lestrany-cas-del-dr-jekyll-i-el-sr-hydecatb-t\/"},"modified":"2026-03-02T18:51:52","modified_gmt":"2026-03-02T17:51:52","slug":"lestrany-cas-del-dr-jekyll-i-el-sr-hydecatb-t","status":"publish","type":"product","link":"https:\/\/web.editorialteide.com\/ca\/producte\/lestrany-cas-del-dr-jekyll-i-el-sr-hydecatb-t\/","title":{"rendered":"Digital. L&#8217;Estrany cas del Dr. Jekyll i el Sr. Hyde (Biblioteca Teide)"},"content":{"rendered":"<p>Robert Louis Stevenson (1850-1894) \u00e9s un dels autors m\u00e9s rellevants de la literatura anglesa. <em>L&#8217;illa del tresor<\/em>, novel\u00b7la pertanyent al g\u00e8nere d&#8217;aventures, \u00e9s l&#8217;obra que l&#8217;ha fet m\u00e9s c\u00e8lebre. Tot i aix\u00f2, la narraci\u00f3 que presentem aqu\u00ed, <em>L&#8217;estrany cas del doctor Jekyll i el senyor Hyde<\/em>, es troba entre les millors en qu\u00e8 es barregen el g\u00e8nere de terror i el suspens. En aquesta obra Stevenson reflexiona sobre la pres\u00e8ncia de la bondat i la maldat en l&#8217;\u00e9sser hum\u00e0.<\/p>\n","protected":false},"excerpt":{"rendered":"<p>Robert Louis Stevenson (1850-1894) \u00e9s un dels autors m\u00e9s rellevants de la literatura anglesa. L&#8217;illa del tresor, novel\u00b7la pertanyent al g\u00e8nere d&#8217;aventures, \u00e9s l&#8217;obra que l&#8217;ha fet m\u00e9s c\u00e8lebre. Tot i aix\u00f2, la narraci\u00f3 que presentem aqu\u00ed, L&#8217;estrany cas del doctor Jekyll i el senyor Hyde, es troba entre les millors en qu\u00e8 es barregen &hellip; <a href=\"https:\/\/web.editorialteide.com\/ca\/producte\/lestrany-cas-del-dr-jekyll-i-el-sr-hydecatb-t\/\">Llegir m\u00e9s<\/a><\/p>\n","protected":false},"featured_media":150979,"template":"","meta":{"_links_to":"","_links_to_target":""},"product_brand":[],"product_cat":[195,202,205],"product_tag":[],"class_list":{"0":"post-150876","1":"product","2":"type-product","3":"status-publish","4":"has-post-thumbnail","6":"product_cat-catalunya-ca","7":"product_cat-comunidad-de-valencia-ca","8":"product_cat-illes-balears-ca","9":"pa_asignatura-llengua-catalana-i-literatura-ca","10":"pa_format-llibre-digital-ca","11":"pa_idioma-catalan-ca","12":"pa_project-lectures-eso-ca","14":"first","15":"instock","16":"virtual","17":"taxable","18":"purchasable","19":"product-type-simple"},"_links":{"self":[{"href":"https:\/\/web.editorialteide.com\/ca\/wp-json\/wp\/v2\/product\/150876","targetHints":{"allow":["GET"]}}],"collection":[{"href":"https:\/\/web.editorialteide.com\/ca\/wp-json\/wp\/v2\/product"}],"about":[{"href":"https:\/\/web.editorialteide.com\/ca\/wp-json\/wp\/v2\/types\/product"}],"wp:featuredmedia":[{"embeddable":true,"href":"https:\/\/web.editorialteide.com\/ca\/wp-json\/wp\/v2\/media\/150979"}],"wp:attachment":[{"href":"https:\/\/web.editorialteide.com\/ca\/wp-json\/wp\/v2\/media?parent=150876"}],"wp:term":[{"taxonomy":"product_brand","embeddable":true,"href":"https:\/\/web.editorialteide.com\/ca\/wp-json\/wp\/v2\/product_brand?post=150876"},{"taxonomy":"product_cat","embeddable":true,"href":"https:\/\/web.editorialteide.com\/ca\/wp-json\/wp\/v2\/product_cat?post=150876"},{"taxonomy":"product_tag","embeddable":true,"href":"https:\/\/web.editorialteide.com\/ca\/wp-json\/wp\/v2\/product_tag?post=150876"}],"curies":[{"name":"wp","href":"https:\/\/api.w.org\/{rel}","templated":true}]}}