{"id":153094,"date":"2021-04-20T11:27:22","date_gmt":"2021-04-20T10:27:22","guid":{"rendered":"https:\/\/web.editorialteide.com\/producto\/20-000-llegues-de-viatge-submariadaptacio-comics\/"},"modified":"2026-03-02T18:51:25","modified_gmt":"2026-03-02T17:51:25","slug":"20-000-llegues-de-viatge-submariadaptacio-comics","status":"publish","type":"product","link":"https:\/\/web.editorialteide.com\/ca\/producto\/20-000-llegues-de-viatge-submariadaptacio-comics\/","title":{"rendered":"20.000 LLEG\u00dcES DE VIATGE SUBMARI(ADAPTACIO COMICS)"},"content":{"rendered":"<p>Amb aquesta adaptaci\u00f3 de <i>Vint mil lleg\u00fces de viatge submar\u00ed<\/i>, de Jules Verne, volem apropar un gran cl\u00e0ssic de les novel\u00b7les d&#8217;aventures als lectors joves d&#8217;avui. Una gran part de l&#8217;atractiu de l&#8217;obra est\u00e0 en la creaci\u00f3 d&#8217;un \u00abplaneta Verne\u00bb, on els personatges viuen un munt de perip\u00e8cies. Amb aquesta lectura, ens embarcarem amb el capir\u00e0 Nemo a bord del <i>Nautilus<\/i>, on coneixerem el professor Aronnax, el seu ajudant Conseil i l&#8217;arponer Ned Land, i ens capbussarem en un viatge d&#8217;aventures extraordin\u00e0ries.<\/p>\n<p>Mides: 240&#215;170, 190 p\u00e0gines<\/p>\n","protected":false},"excerpt":{"rendered":"<p>Amb aquesta adaptaci\u00f3 de Vint mil lleg\u00fces de viatge submar\u00ed, de Jules Verne, volem apropar un gran cl\u00e0ssic de les novel\u00b7les d&#8217;aventures als lectors joves d&#8217;avui. Una gran part de l&#8217;atractiu de l&#8217;obra est\u00e0 en la creaci\u00f3 d&#8217;un \u00abplaneta Verne\u00bb, on els personatges viuen un munt de perip\u00e8cies. Amb aquesta lectura, ens embarcarem amb el &hellip; <a href=\"https:\/\/web.editorialteide.com\/ca\/producto\/20-000-llegues-de-viatge-submariadaptacio-comics\/\">Llegir m\u00e9s<\/a><\/p>\n","protected":false},"featured_media":153095,"template":"","meta":{"_links_to":"","_links_to_target":""},"product_brand":[],"product_cat":[17,26,18],"product_tag":[],"class_list":{"0":"post-153094","1":"product","2":"type-product","3":"status-publish","4":"has-post-thumbnail","6":"product_cat-catalunya","7":"product_cat-comunidad-de-valencia","8":"product_cat-illes-balears","9":"pa_asignatura-llengua-catalana-i-literatura","10":"pa_format-llibre-text","11":"pa_idioma-catalan","13":"first","14":"instock","15":"taxable","16":"shipping-taxable","17":"purchasable","18":"product-type-simple"},"_links":{"self":[{"href":"https:\/\/web.editorialteide.com\/ca\/wp-json\/wp\/v2\/product\/153094","targetHints":{"allow":["GET"]}}],"collection":[{"href":"https:\/\/web.editorialteide.com\/ca\/wp-json\/wp\/v2\/product"}],"about":[{"href":"https:\/\/web.editorialteide.com\/ca\/wp-json\/wp\/v2\/types\/product"}],"wp:featuredmedia":[{"embeddable":true,"href":"https:\/\/web.editorialteide.com\/ca\/wp-json\/wp\/v2\/media\/153095"}],"wp:attachment":[{"href":"https:\/\/web.editorialteide.com\/ca\/wp-json\/wp\/v2\/media?parent=153094"}],"wp:term":[{"taxonomy":"product_brand","embeddable":true,"href":"https:\/\/web.editorialteide.com\/ca\/wp-json\/wp\/v2\/product_brand?post=153094"},{"taxonomy":"product_cat","embeddable":true,"href":"https:\/\/web.editorialteide.com\/ca\/wp-json\/wp\/v2\/product_cat?post=153094"},{"taxonomy":"product_tag","embeddable":true,"href":"https:\/\/web.editorialteide.com\/ca\/wp-json\/wp\/v2\/product_tag?post=153094"}],"curies":[{"name":"wp","href":"https:\/\/api.w.org\/{rel}","templated":true}]}}