{"id":153096,"date":"2021-04-20T11:27:25","date_gmt":"2021-04-20T10:27:25","guid":{"rendered":"https:\/\/web.editorialteide.com\/producto\/els-treballs-dheracles-adaptacio-comics\/"},"modified":"2026-03-02T18:51:39","modified_gmt":"2026-03-02T17:51:39","slug":"els-treballs-dheracles-adaptacio-comics","status":"publish","type":"product","link":"https:\/\/web.editorialteide.com\/ca\/producto\/els-treballs-dheracles-adaptacio-comics\/","title":{"rendered":"Els treballs d&#8217;Heracles. Col\u00b7lecci\u00f3 Dual"},"content":{"rendered":"<p>El mite d&#8217;Her\u00e0cles ha estat \u00e0mpliament versionat i representat. Presentem, a la Col\u00b7lecci\u00f3 Dual, una versi\u00f3 d&#8217;<i>Els treballs d&#8217;Her\u00e0cles<\/i> a c\u00e0rrec d&#8217;Antoni Garcia Llorca, que ha optat per elaborar un text narratiu en qu\u00e8 recull el naixement llegendari de l&#8217;heroi, la seva participaci\u00f3 en la gigantom\u00e0quia i els seus dotze treballs. De la m\u00e0 de la professora Margalida Capell\u00e0, una introducci\u00f3, una exhaustiva guia de lectura i un seguit d&#8217;activitats volen apropar el mite al p\u00fablic lector jove, tot plegat acompanyat d&#8217;una versi\u00f3 en c\u00f2mic de les aventures de l&#8217;heroi.<\/p>\n<p>Mides: 240&#215;170<\/p>\n","protected":false},"excerpt":{"rendered":"<p>El mite d&#8217;Her\u00e0cles ha estat \u00e0mpliament versionat i representat. Presentem, a la Col\u00b7lecci\u00f3 Dual, una versi\u00f3 d&#8217;Els treballs d&#8217;Her\u00e0cles a c\u00e0rrec d&#8217;Antoni Garcia Llorca, que ha optat per elaborar un text narratiu en qu\u00e8 recull el naixement llegendari de l&#8217;heroi, la seva participaci\u00f3 en la gigantom\u00e0quia i els seus dotze treballs. De la m\u00e0 de &hellip; <a href=\"https:\/\/web.editorialteide.com\/ca\/producto\/els-treballs-dheracles-adaptacio-comics\/\">Llegir m\u00e9s<\/a><\/p>\n","protected":false},"featured_media":153097,"template":"","meta":{"_links_to":"","_links_to_target":""},"product_brand":[],"product_cat":[17,26,18],"product_tag":[],"class_list":{"0":"post-153096","1":"product","2":"type-product","3":"status-publish","4":"has-post-thumbnail","6":"product_cat-catalunya","7":"product_cat-comunidad-de-valencia","8":"product_cat-illes-balears","9":"pa_asignatura-llengua-catalana-i-literatura","10":"pa_format-llibre-text","11":"pa_idioma-catalan","13":"first","14":"instock","15":"taxable","16":"shipping-taxable","17":"purchasable","18":"product-type-simple"},"_links":{"self":[{"href":"https:\/\/web.editorialteide.com\/ca\/wp-json\/wp\/v2\/product\/153096","targetHints":{"allow":["GET"]}}],"collection":[{"href":"https:\/\/web.editorialteide.com\/ca\/wp-json\/wp\/v2\/product"}],"about":[{"href":"https:\/\/web.editorialteide.com\/ca\/wp-json\/wp\/v2\/types\/product"}],"wp:featuredmedia":[{"embeddable":true,"href":"https:\/\/web.editorialteide.com\/ca\/wp-json\/wp\/v2\/media\/153097"}],"wp:attachment":[{"href":"https:\/\/web.editorialteide.com\/ca\/wp-json\/wp\/v2\/media?parent=153096"}],"wp:term":[{"taxonomy":"product_brand","embeddable":true,"href":"https:\/\/web.editorialteide.com\/ca\/wp-json\/wp\/v2\/product_brand?post=153096"},{"taxonomy":"product_cat","embeddable":true,"href":"https:\/\/web.editorialteide.com\/ca\/wp-json\/wp\/v2\/product_cat?post=153096"},{"taxonomy":"product_tag","embeddable":true,"href":"https:\/\/web.editorialteide.com\/ca\/wp-json\/wp\/v2\/product_tag?post=153096"}],"curies":[{"name":"wp","href":"https:\/\/api.w.org\/{rel}","templated":true}]}}