{"id":153100,"date":"2021-04-20T11:27:27","date_gmt":"2021-04-20T10:27:27","guid":{"rendered":"https:\/\/web.editorialteide.com\/producto\/los-trabajos-de-heracles-adaptacion-comic\/"},"modified":"2026-03-02T18:51:39","modified_gmt":"2026-03-02T17:51:39","slug":"los-trabajos-de-heracles-adaptacion-comic","status":"publish","type":"product","link":"https:\/\/web.editorialteide.com\/ca\/producto\/los-trabajos-de-heracles-adaptacion-comic\/","title":{"rendered":"Los trabajos de Heracles. Colecci\u00f3n Dual"},"content":{"rendered":"<p>El mito de Heracles ha sido ampliamente versionado y representado. Presentamos en la Colecci\u00f3n Dual una versi\u00f3n de <i>Los trabajos de Heracles<\/i> a cargo de Antoni Garcia Llorca, quien ha optado por confeccionar un texto narrativo en el que recoge el nacimiento legendario del h\u00e9roe, su pariticipaci\u00f3n en la Gigantomaquia as\u00ed como sus doce trabajos. De la mano de la profesora Margalida Capell\u00e0, una introducci\u00f3n, una exhaustiva gu\u00eda de lectura y una serie de actividades pretenden acercar el mito al joven p\u00fablico lector, todo ello acompa\u00f1ado de una versi\u00f3n en c\u00f3mic de las aventuras del h\u00e9roe.<\/p>\n<p>Medidas: 170&#215;240<\/p>\n","protected":false},"excerpt":{"rendered":"<p>El mito de Heracles ha sido ampliamente versionado y representado. Presentamos en la Colecci\u00f3n Dual una versi\u00f3n de Los trabajos de Heracles a cargo de Antoni Garcia Llorca, quien ha optado por confeccionar un texto narrativo en el que recoge el nacimiento legendario del h\u00e9roe, su pariticipaci\u00f3n en la Gigantomaquia as\u00ed como sus doce trabajos. &hellip; <a href=\"https:\/\/web.editorialteide.com\/ca\/producto\/los-trabajos-de-heracles-adaptacion-comic\/\">Llegir m\u00e9s<\/a><\/p>\n","protected":false},"featured_media":153101,"template":"","meta":{"_links_to":"","_links_to_target":""},"product_brand":[],"product_cat":[28,29,30,31,32,33,17,34,35,26,36,37,38,18,39,40,41,42,43,44],"product_tag":[],"class_list":{"0":"post-153100","1":"product","2":"type-product","3":"status-publish","4":"has-post-thumbnail","6":"product_cat-andalucia","7":"product_cat-aragon","8":"product_cat-canarias","9":"product_cat-cantabria","10":"product_cat-castilla-la-mancha","11":"product_cat-castilla-y-leon","12":"product_cat-catalunya","13":"product_cat-ceuta","14":"product_cat-comunidad-de-madrid","15":"product_cat-comunidad-de-valencia","16":"product_cat-comunidad-foral-de-navarra","17":"product_cat-extremadura","18":"product_cat-galicia","19":"product_cat-illes-balears","20":"product_cat-la-rioja","21":"product_cat-mec","22":"product_cat-melilla","23":"product_cat-pais-vasco","24":"product_cat-principado-de-asturias","25":"product_cat-region-de-murcia","26":"pa_asignatura-llengua-castellana-i-literatura","27":"pa_format-llibre-text","28":"pa_idioma-castellano","30":"first","31":"instock","32":"taxable","33":"shipping-taxable","34":"purchasable","35":"product-type-simple"},"_links":{"self":[{"href":"https:\/\/web.editorialteide.com\/ca\/wp-json\/wp\/v2\/product\/153100","targetHints":{"allow":["GET"]}}],"collection":[{"href":"https:\/\/web.editorialteide.com\/ca\/wp-json\/wp\/v2\/product"}],"about":[{"href":"https:\/\/web.editorialteide.com\/ca\/wp-json\/wp\/v2\/types\/product"}],"wp:featuredmedia":[{"embeddable":true,"href":"https:\/\/web.editorialteide.com\/ca\/wp-json\/wp\/v2\/media\/153101"}],"wp:attachment":[{"href":"https:\/\/web.editorialteide.com\/ca\/wp-json\/wp\/v2\/media?parent=153100"}],"wp:term":[{"taxonomy":"product_brand","embeddable":true,"href":"https:\/\/web.editorialteide.com\/ca\/wp-json\/wp\/v2\/product_brand?post=153100"},{"taxonomy":"product_cat","embeddable":true,"href":"https:\/\/web.editorialteide.com\/ca\/wp-json\/wp\/v2\/product_cat?post=153100"},{"taxonomy":"product_tag","embeddable":true,"href":"https:\/\/web.editorialteide.com\/ca\/wp-json\/wp\/v2\/product_tag?post=153100"}],"curies":[{"name":"wp","href":"https:\/\/api.w.org\/{rel}","templated":true}]}}