{"id":164399,"date":"2023-03-22T12:03:06","date_gmt":"2023-03-22T11:03:06","guid":{"rendered":"https:\/\/web.editorialteide.com\/producto\/cinc-moments-estel%c2%b7lars-de-la-humanitat-a-comics\/"},"modified":"2026-03-02T18:51:52","modified_gmt":"2026-03-02T17:51:52","slug":"cinc-moments-estel%c2%b7lars-de-la-humanitat-a-comics","status":"publish","type":"product","link":"https:\/\/web.editorialteide.com\/ca\/producte\/cinc-moments-estel%c2%b7lars-de-la-humanitat-a-comics\/","title":{"rendered":"Cinc moments estel\u00b7lars de la humanitat. Col\u00b7lecci\u00f3 Dual"},"content":{"rendered":"<p>La selecci\u00f3 dels cinc episodis dels <em>Moments estel\u00b7lars de la humanitat<\/em> de Stefan Zweig que formen aquesta edici\u00f3 s&#8217;ha fet tenint en compte diversos criteris. D&#8217;una banda, cada episodi s&#8217;emmarca en un temps i un segle diferents. D&#8217;aquesta manera, els lectors joves, a qui s&#8217;adre\u00e7a aquesta edici\u00f3, es poden fer una composici\u00f3 hist\u00f2rica de la humanitat que abra\u00e7a des del segle XV fins al segle XX. De l&#8217;altra, els llocs on s&#8217;esdevenen els fets es reparteixen al llarg de tot el planeta, tot mostrant les particularitats de cada empla\u00e7ament geogr\u00e0fic segons all\u00f2 que s&#8217;hi esdev\u00e9: la caiguda de Bizanci, a l&#8217;Europa oriental; el descobriment de l&#8217;oce\u00e0 Pac\u00edfic, a l&#8217;Am\u00e8rica Central; la vida del sublim m\u00fasic barroc H\u00e4ndel, a Anglaterra; la conquesta d&#8217;Eldorado californi\u00e0, a l&#8217;Am\u00e8rica del Nord, i les expedicions al pol Sud, a l&#8217;Ant\u00e0rtida.<\/p>\n","protected":false},"excerpt":{"rendered":"<p>La selecci\u00f3 dels cinc episodis dels Moments estel\u00b7lars de la humanitat de Stefan Zweig que formen aquesta edici\u00f3 s&#8217;ha fet tenint en compte diversos criteris. D&#8217;una banda, cada episodi s&#8217;emmarca en un temps i un segle diferents. D&#8217;aquesta manera, els lectors joves, a qui s&#8217;adre\u00e7a aquesta edici\u00f3, es poden fer una composici\u00f3 hist\u00f2rica de la &hellip; <a href=\"https:\/\/web.editorialteide.com\/ca\/producte\/cinc-moments-estel%c2%b7lars-de-la-humanitat-a-comics\/\">Llegir m\u00e9s<\/a><\/p>\n","protected":false},"featured_media":164406,"template":"","meta":{"_links_to":"","_links_to_target":""},"product_brand":[],"product_cat":[195,202,205],"product_tag":[],"class_list":{"0":"post-164399","1":"product","2":"type-product","3":"status-publish","4":"has-post-thumbnail","6":"product_cat-catalunya-ca","7":"product_cat-comunidad-de-valencia-ca","8":"product_cat-illes-balears-ca","9":"pa_asignatura-llengua-catalana-i-literatura-ca","10":"pa_format-llibre-text-ca","11":"pa_idioma-catalan-ca","13":"first","14":"instock","15":"taxable","16":"shipping-taxable","17":"purchasable","18":"product-type-simple"},"_links":{"self":[{"href":"https:\/\/web.editorialteide.com\/ca\/wp-json\/wp\/v2\/product\/164399","targetHints":{"allow":["GET"]}}],"collection":[{"href":"https:\/\/web.editorialteide.com\/ca\/wp-json\/wp\/v2\/product"}],"about":[{"href":"https:\/\/web.editorialteide.com\/ca\/wp-json\/wp\/v2\/types\/product"}],"wp:featuredmedia":[{"embeddable":true,"href":"https:\/\/web.editorialteide.com\/ca\/wp-json\/wp\/v2\/media\/164406"}],"wp:attachment":[{"href":"https:\/\/web.editorialteide.com\/ca\/wp-json\/wp\/v2\/media?parent=164399"}],"wp:term":[{"taxonomy":"product_brand","embeddable":true,"href":"https:\/\/web.editorialteide.com\/ca\/wp-json\/wp\/v2\/product_brand?post=164399"},{"taxonomy":"product_cat","embeddable":true,"href":"https:\/\/web.editorialteide.com\/ca\/wp-json\/wp\/v2\/product_cat?post=164399"},{"taxonomy":"product_tag","embeddable":true,"href":"https:\/\/web.editorialteide.com\/ca\/wp-json\/wp\/v2\/product_tag?post=164399"}],"curies":[{"name":"wp","href":"https:\/\/api.w.org\/{rel}","templated":true}]}}