{"id":169184,"date":"2023-09-19T14:03:34","date_gmt":"2023-09-19T13:03:34","guid":{"rendered":"https:\/\/web.editorialteide.com\/producto\/g-d-chip-3-tecnologia-y-digitalizacion-3-eso\/"},"modified":"2026-03-02T18:46:54","modified_gmt":"2026-03-02T17:46:54","slug":"g-d-chip-3-tecnologia-y-digitalizacion-3-eso","status":"publish","type":"product","link":"https:\/\/web.editorialteide.com\/ca\/producte\/g-d-chip-3-tecnologia-y-digitalizacion-3-eso\/","title":{"rendered":"Gu\u00eda Chip 3. Tecnolog\u00eda y digitalizaci\u00f3n 3 ESO"},"content":{"rendered":"","protected":false},"excerpt":{"rendered":"","protected":false},"featured_media":169268,"template":"","meta":{"_links_to":"","_links_to_target":""},"product_brand":[],"product_cat":[198],"product_tag":[],"class_list":{"0":"post-169184","1":"product","2":"type-product","3":"status-publish","4":"has-post-thumbnail","6":"product_cat-comunidad-de-madrid-ca","7":"pa_asignatura-tecnologia-ca","8":"pa_format-guia-professor-ca","9":"pa_idioma-castellano-ca","11":"first","12":"outofstock","13":"sale","14":"taxable","15":"shipping-taxable","16":"purchasable","17":"product-type-simple"},"_links":{"self":[{"href":"https:\/\/web.editorialteide.com\/ca\/wp-json\/wp\/v2\/product\/169184","targetHints":{"allow":["GET"]}}],"collection":[{"href":"https:\/\/web.editorialteide.com\/ca\/wp-json\/wp\/v2\/product"}],"about":[{"href":"https:\/\/web.editorialteide.com\/ca\/wp-json\/wp\/v2\/types\/product"}],"wp:featuredmedia":[{"embeddable":true,"href":"https:\/\/web.editorialteide.com\/ca\/wp-json\/wp\/v2\/media\/169268"}],"wp:attachment":[{"href":"https:\/\/web.editorialteide.com\/ca\/wp-json\/wp\/v2\/media?parent=169184"}],"wp:term":[{"taxonomy":"product_brand","embeddable":true,"href":"https:\/\/web.editorialteide.com\/ca\/wp-json\/wp\/v2\/product_brand?post=169184"},{"taxonomy":"product_cat","embeddable":true,"href":"https:\/\/web.editorialteide.com\/ca\/wp-json\/wp\/v2\/product_cat?post=169184"},{"taxonomy":"product_tag","embeddable":true,"href":"https:\/\/web.editorialteide.com\/ca\/wp-json\/wp\/v2\/product_tag?post=169184"}],"curies":[{"name":"wp","href":"https:\/\/api.w.org\/{rel}","templated":true}]}}