{"id":170354,"date":"2024-03-20T08:51:16","date_gmt":"2024-03-20T07:51:16","guid":{"rendered":"https:\/\/web.editorialteide.com\/producto\/zancada-3-educacion-fisica-3-eso-andalucia\/"},"modified":"2026-03-02T18:52:40","modified_gmt":"2026-03-02T17:52:40","slug":"zancada-3-educacion-fisica-3-eso-andalucia","status":"publish","type":"product","link":"https:\/\/web.editorialteide.com\/ca\/producte\/zancada-3-educacion-fisica-3-eso-andalucia\/","title":{"rendered":"Zancada 3. Educaci\u00f3n f\u00edsica 3 ESO. Andaluc\u00eda"},"content":{"rendered":"","protected":false},"excerpt":{"rendered":"","protected":false},"featured_media":170377,"template":"","meta":{"_links_to":"","_links_to_target":""},"product_brand":[],"product_cat":[189],"product_tag":[],"class_list":{"0":"post-170354","1":"product","2":"type-product","3":"status-publish","4":"has-post-thumbnail","6":"product_cat-andalucia-ca","7":"pa_asignatura-educacio-fisica","8":"pa_format-llibre-text-ca","9":"pa_idioma-castellano-ca","11":"first","12":"instock","13":"taxable","14":"shipping-taxable","15":"purchasable","16":"product-type-simple"},"_links":{"self":[{"href":"https:\/\/web.editorialteide.com\/ca\/wp-json\/wp\/v2\/product\/170354","targetHints":{"allow":["GET"]}}],"collection":[{"href":"https:\/\/web.editorialteide.com\/ca\/wp-json\/wp\/v2\/product"}],"about":[{"href":"https:\/\/web.editorialteide.com\/ca\/wp-json\/wp\/v2\/types\/product"}],"wp:featuredmedia":[{"embeddable":true,"href":"https:\/\/web.editorialteide.com\/ca\/wp-json\/wp\/v2\/media\/170377"}],"wp:attachment":[{"href":"https:\/\/web.editorialteide.com\/ca\/wp-json\/wp\/v2\/media?parent=170354"}],"wp:term":[{"taxonomy":"product_brand","embeddable":true,"href":"https:\/\/web.editorialteide.com\/ca\/wp-json\/wp\/v2\/product_brand?post=170354"},{"taxonomy":"product_cat","embeddable":true,"href":"https:\/\/web.editorialteide.com\/ca\/wp-json\/wp\/v2\/product_cat?post=170354"},{"taxonomy":"product_tag","embeddable":true,"href":"https:\/\/web.editorialteide.com\/ca\/wp-json\/wp\/v2\/product_tag?post=170354"}],"curies":[{"name":"wp","href":"https:\/\/api.w.org\/{rel}","templated":true}]}}