{"id":170689,"date":"2024-05-24T11:59:08","date_gmt":"2024-05-24T10:59:08","guid":{"rendered":"https:\/\/web.editorialteide.com\/producto\/buleria-2-musica-2-eso-andalucia\/"},"modified":"2026-03-02T18:50:53","modified_gmt":"2026-03-02T17:50:53","slug":"buleria-2-musica-2-eso-andalucia","status":"publish","type":"product","link":"https:\/\/web.editorialteide.com\/ca\/producte\/buleria-2-musica-2-eso-andalucia\/","title":{"rendered":"BULER\u00cdA 2. M\u00daSICA 2 ESO ANDALUC\u00cdA"},"content":{"rendered":"","protected":false},"excerpt":{"rendered":"","protected":false},"featured_media":175166,"template":"","meta":{"_links_to":"","_links_to_target":""},"product_brand":[],"product_cat":[421],"product_tag":[],"class_list":{"0":"post-170689","1":"product","2":"type-product","3":"status-publish","4":"has-post-thumbnail","6":"product_cat-sin-categorizar-ca","7":"pa_asignatura-musica-ca","8":"pa_format-llibre-text-ca","9":"pa_idioma-castellano-ca","11":"first","12":"instock","13":"taxable","14":"shipping-taxable","15":"purchasable","16":"product-type-simple"},"_links":{"self":[{"href":"https:\/\/web.editorialteide.com\/ca\/wp-json\/wp\/v2\/product\/170689","targetHints":{"allow":["GET"]}}],"collection":[{"href":"https:\/\/web.editorialteide.com\/ca\/wp-json\/wp\/v2\/product"}],"about":[{"href":"https:\/\/web.editorialteide.com\/ca\/wp-json\/wp\/v2\/types\/product"}],"wp:featuredmedia":[{"embeddable":true,"href":"https:\/\/web.editorialteide.com\/ca\/wp-json\/wp\/v2\/media\/175166"}],"wp:attachment":[{"href":"https:\/\/web.editorialteide.com\/ca\/wp-json\/wp\/v2\/media?parent=170689"}],"wp:term":[{"taxonomy":"product_brand","embeddable":true,"href":"https:\/\/web.editorialteide.com\/ca\/wp-json\/wp\/v2\/product_brand?post=170689"},{"taxonomy":"product_cat","embeddable":true,"href":"https:\/\/web.editorialteide.com\/ca\/wp-json\/wp\/v2\/product_cat?post=170689"},{"taxonomy":"product_tag","embeddable":true,"href":"https:\/\/web.editorialteide.com\/ca\/wp-json\/wp\/v2\/product_tag?post=170689"}],"curies":[{"name":"wp","href":"https:\/\/api.w.org\/{rel}","templated":true}]}}