{"id":170742,"date":"2024-06-12T15:38:00","date_gmt":"2024-06-12T14:38:00","guid":{"rendered":"https:\/\/web.editorialteide.com\/producto\/g-d-buleria-1-musica-1-eso-andalucia\/"},"modified":"2026-03-02T18:50:53","modified_gmt":"2026-03-02T17:50:53","slug":"g-d-buleria-1-musica-1-eso-andalucia","status":"publish","type":"product","link":"https:\/\/web.editorialteide.com\/ca\/producte\/g-d-buleria-1-musica-1-eso-andalucia\/","title":{"rendered":"G.D. BULER\u00cdA 1. M\u00daSICA 1 ESO ANDALUC\u00cdA"},"content":{"rendered":"","protected":false},"excerpt":{"rendered":"","protected":false},"featured_media":175164,"template":"","meta":{"_links_to":"","_links_to_target":""},"product_brand":[],"product_cat":[421],"product_tag":[],"class_list":{"0":"post-170742","1":"product","2":"type-product","3":"status-publish","4":"has-post-thumbnail","6":"product_cat-sin-categorizar-ca","7":"pa_asignatura-musica-ca","8":"pa_format-guia-professor-ca","9":"pa_idioma-castellano-ca","11":"first","12":"outofstock","13":"sale","14":"taxable","15":"shipping-taxable","16":"purchasable","17":"product-type-simple"},"_links":{"self":[{"href":"https:\/\/web.editorialteide.com\/ca\/wp-json\/wp\/v2\/product\/170742","targetHints":{"allow":["GET"]}}],"collection":[{"href":"https:\/\/web.editorialteide.com\/ca\/wp-json\/wp\/v2\/product"}],"about":[{"href":"https:\/\/web.editorialteide.com\/ca\/wp-json\/wp\/v2\/types\/product"}],"wp:featuredmedia":[{"embeddable":true,"href":"https:\/\/web.editorialteide.com\/ca\/wp-json\/wp\/v2\/media\/175164"}],"wp:attachment":[{"href":"https:\/\/web.editorialteide.com\/ca\/wp-json\/wp\/v2\/media?parent=170742"}],"wp:term":[{"taxonomy":"product_brand","embeddable":true,"href":"https:\/\/web.editorialteide.com\/ca\/wp-json\/wp\/v2\/product_brand?post=170742"},{"taxonomy":"product_cat","embeddable":true,"href":"https:\/\/web.editorialteide.com\/ca\/wp-json\/wp\/v2\/product_cat?post=170742"},{"taxonomy":"product_tag","embeddable":true,"href":"https:\/\/web.editorialteide.com\/ca\/wp-json\/wp\/v2\/product_tag?post=170742"}],"curies":[{"name":"wp","href":"https:\/\/api.w.org\/{rel}","templated":true}]}}