{"id":180490,"date":"2025-10-21T10:53:03","date_gmt":"2025-10-21T09:53:03","guid":{"rendered":"https:\/\/web.editorialteide.com\/producto\/digital-buleria-4-musica-4-eso-andalucia\/"},"modified":"2026-03-02T18:52:40","modified_gmt":"2026-03-02T17:52:40","slug":"digital-buleria-4-musica-4-eso-andalucia","status":"publish","type":"product","link":"https:\/\/web.editorialteide.com\/ca\/producte\/digital-buleria-4-musica-4-eso-andalucia\/","title":{"rendered":"Digital. Buler\u00eda 4. M\u00fasica 4 Eso Andaluc\u00eda"},"content":{"rendered":"","protected":false},"excerpt":{"rendered":"","protected":false},"featured_media":0,"template":"","meta":{"_links_to":"","_links_to_target":""},"product_brand":[],"product_cat":[409],"product_tag":[],"class_list":{"0":"post-180490","1":"product","2":"type-product","3":"status-publish","5":"product_cat-sin-categorizar","6":"pa_asignatura-musica-ca","7":"pa_format-llibre-digital-ca","8":"pa_idioma-castellano-ca","10":"first","11":"instock","12":"sale","13":"virtual","14":"taxable","15":"purchasable","16":"product-type-simple"},"_links":{"self":[{"href":"https:\/\/web.editorialteide.com\/ca\/wp-json\/wp\/v2\/product\/180490","targetHints":{"allow":["GET"]}}],"collection":[{"href":"https:\/\/web.editorialteide.com\/ca\/wp-json\/wp\/v2\/product"}],"about":[{"href":"https:\/\/web.editorialteide.com\/ca\/wp-json\/wp\/v2\/types\/product"}],"wp:attachment":[{"href":"https:\/\/web.editorialteide.com\/ca\/wp-json\/wp\/v2\/media?parent=180490"}],"wp:term":[{"taxonomy":"product_brand","embeddable":true,"href":"https:\/\/web.editorialteide.com\/ca\/wp-json\/wp\/v2\/product_brand?post=180490"},{"taxonomy":"product_cat","embeddable":true,"href":"https:\/\/web.editorialteide.com\/ca\/wp-json\/wp\/v2\/product_cat?post=180490"},{"taxonomy":"product_tag","embeddable":true,"href":"https:\/\/web.editorialteide.com\/ca\/wp-json\/wp\/v2\/product_tag?post=180490"}],"curies":[{"name":"wp","href":"https:\/\/api.w.org\/{rel}","templated":true}]}}