{"id":180543,"date":"2025-10-28T11:04:11","date_gmt":"2025-10-28T10:04:11","guid":{"rendered":"https:\/\/web.editorialteide.com\/producto\/g-d-buleria-4-musica-4-eso-andalucia\/"},"modified":"2026-03-02T18:52:45","modified_gmt":"2026-03-02T17:52:45","slug":"g-d-buleria-4-musica-4-eso-andalucia","status":"publish","type":"product","link":"https:\/\/web.editorialteide.com\/ca\/producte\/g-d-buleria-4-musica-4-eso-andalucia\/","title":{"rendered":"G.D. BULER\u00cdA 4. M\u00daSICA 4 ESO ANDALUC\u00cdA"},"content":{"rendered":"","protected":false},"excerpt":{"rendered":"","protected":false},"featured_media":0,"template":"","meta":{"_links_to":"","_links_to_target":""},"product_brand":[],"product_cat":[421],"product_tag":[],"class_list":{"0":"post-180543","1":"product","2":"type-product","3":"status-publish","5":"product_cat-sin-categorizar-ca","6":"pa_asignatura-musica-ca","7":"pa_format-guia-professor-ca","8":"pa_idioma-castellano-ca","10":"first","11":"outofstock","12":"sale","13":"taxable","14":"shipping-taxable","15":"purchasable","16":"product-type-simple"},"_links":{"self":[{"href":"https:\/\/web.editorialteide.com\/ca\/wp-json\/wp\/v2\/product\/180543","targetHints":{"allow":["GET"]}}],"collection":[{"href":"https:\/\/web.editorialteide.com\/ca\/wp-json\/wp\/v2\/product"}],"about":[{"href":"https:\/\/web.editorialteide.com\/ca\/wp-json\/wp\/v2\/types\/product"}],"wp:attachment":[{"href":"https:\/\/web.editorialteide.com\/ca\/wp-json\/wp\/v2\/media?parent=180543"}],"wp:term":[{"taxonomy":"product_brand","embeddable":true,"href":"https:\/\/web.editorialteide.com\/ca\/wp-json\/wp\/v2\/product_brand?post=180543"},{"taxonomy":"product_cat","embeddable":true,"href":"https:\/\/web.editorialteide.com\/ca\/wp-json\/wp\/v2\/product_cat?post=180543"},{"taxonomy":"product_tag","embeddable":true,"href":"https:\/\/web.editorialteide.com\/ca\/wp-json\/wp\/v2\/product_tag?post=180543"}],"curies":[{"name":"wp","href":"https:\/\/api.w.org\/{rel}","templated":true}]}}