{"id":180776,"date":"2025-12-16T17:42:49","date_gmt":"2025-12-16T16:42:49","guid":{"rendered":"https:\/\/web.editorialteide.com\/producto\/10-examens-de-catala-nivell-c1-nova-edicio-2025\/"},"modified":"2026-03-02T18:52:44","modified_gmt":"2026-03-02T17:52:44","slug":"10-examens-de-catala-nivell-c1-nova-edicio-2025","status":"publish","type":"product","link":"https:\/\/web.editorialteide.com\/ca\/producte\/10-examens-de-catala-nivell-c1-nova-edicio-2025\/","title":{"rendered":"10 EX\u00c0MENS DE CATAL\u00c0 NIVELL C1 (NOVA EDICI\u00d3 2025)"},"content":{"rendered":"","protected":false},"excerpt":{"rendered":"","protected":false},"featured_media":180914,"template":"","meta":{"_links_to":"","_links_to_target":""},"product_brand":[],"product_cat":[421],"product_tag":[],"class_list":{"0":"post-180776","1":"product","2":"type-product","3":"status-publish","4":"has-post-thumbnail","6":"product_cat-sin-categorizar-ca","7":"pa_asignatura-llengua-catalana-i-literatura-ca","8":"pa_format-llibre-text-ca","9":"pa_idioma-catalan-ca","11":"first","12":"instock","13":"taxable","14":"shipping-taxable","15":"purchasable","16":"product-type-simple"},"_links":{"self":[{"href":"https:\/\/web.editorialteide.com\/ca\/wp-json\/wp\/v2\/product\/180776","targetHints":{"allow":["GET"]}}],"collection":[{"href":"https:\/\/web.editorialteide.com\/ca\/wp-json\/wp\/v2\/product"}],"about":[{"href":"https:\/\/web.editorialteide.com\/ca\/wp-json\/wp\/v2\/types\/product"}],"wp:featuredmedia":[{"embeddable":true,"href":"https:\/\/web.editorialteide.com\/ca\/wp-json\/wp\/v2\/media\/180914"}],"wp:attachment":[{"href":"https:\/\/web.editorialteide.com\/ca\/wp-json\/wp\/v2\/media?parent=180776"}],"wp:term":[{"taxonomy":"product_brand","embeddable":true,"href":"https:\/\/web.editorialteide.com\/ca\/wp-json\/wp\/v2\/product_brand?post=180776"},{"taxonomy":"product_cat","embeddable":true,"href":"https:\/\/web.editorialteide.com\/ca\/wp-json\/wp\/v2\/product_cat?post=180776"},{"taxonomy":"product_tag","embeddable":true,"href":"https:\/\/web.editorialteide.com\/ca\/wp-json\/wp\/v2\/product_tag?post=180776"}],"curies":[{"name":"wp","href":"https:\/\/api.w.org\/{rel}","templated":true}]}}