{"id":82910,"date":"2018-05-31T12:59:37","date_gmt":"2018-05-31T11:59:37","guid":{"rendered":"http:\/\/web.editorialteide.com\/producto\/odisea-adaptacion-comics\/"},"modified":"2026-03-02T18:51:19","modified_gmt":"2026-03-02T17:51:19","slug":"odisea-adaptacion-comics","status":"publish","type":"product","link":"https:\/\/web.editorialteide.com\/ca\/producte\/odisea-adaptacion-comics\/","title":{"rendered":"Odisea. Homero (Colecci\u00f3n DUAL)"},"content":{"rendered":"<p>La presente adaptaci\u00f3n de la <i>Odisea<\/i>, como el resto de los t\u00edtulos publicados en la Colecci\u00f3n Dual, tiene como finalidad ofrecer al gran p\u00fablico un cl\u00e1sico de la literatura universal.<br \/>\nPara facilitar su lectura se ha modernizado el texto bajo la forma de una narraci\u00f3n en tercera persona que permite disfrutar al m\u00e1ximo de las aventuras del m\u00edtico h\u00e9roe de la guerra de Troya.<br \/>\nAsimismo, la adaptaci\u00f3n se complementa con una versi\u00f3n en formato de c\u00f3mic realizada en exclusiva para esta edici\u00f3n que, sin duda, contribuir\u00e1 a que el p\u00fablico juvenil disfrute a\u00fan m\u00e1s de esta apasionante lectura.<\/p>\n<h2>Vinculos de inter\u00e9s<\/h2>\n<h3>Unidad 0<\/h3>\n<ul>\n<li><a href=\"https:\/\/www.google.es\/search?q=marvel+la+odisea&amp;hl=es&amp;dcr=0&amp;tbm=isch&amp;tbo=u&amp;source=univ&amp;sa=X&amp;ved=0ahUKEwiN-_fEw8_WAhVSZFAKHfRHCSQQsAQIMw&amp;biw=1440&amp;bih=767\" target=\"_blank\" rel=\"noopener noreferrer\">Actividad 14, p\u00e1gina 174. Enlace de consulta<\/a><\/li>\n<li><a href=\"https:\/\/www.youtube.com\/watch?v=DWr_FC-Vo4Y\" target=\"_blank\" rel=\"noopener noreferrer\">Actividad 15, p\u00e1gina 174. Enlace de consulta 1<\/a><\/li>\n<li><a href=\"http:\/\/posterdigital.com\/es\/\" target=\"_blank\" rel=\"noopener noreferrer\">Actividad 15, p\u00e1gina 174. Enlace de consulta 2<\/a><\/li>\n<li><a href=\"http:\/\/emonergasterion.blogspot.com.es\/p\/griego-i.html\" target=\"_blank\" rel=\"noopener noreferrer\">Actividad 5, p\u00e1gina 171. Enlace de consulta<\/a><\/li>\n<\/ul>\n","protected":false},"excerpt":{"rendered":"<p>La presente adaptaci\u00f3n de la Odisea, como el resto de los t\u00edtulos publicados en la Colecci\u00f3n Dual, tiene como finalidad ofrecer al gran p\u00fablico un cl\u00e1sico de la literatura universal. Para facilitar su lectura se ha modernizado el texto bajo la forma de una narraci\u00f3n en tercera persona que permite disfrutar al m\u00e1ximo de las &hellip; <a href=\"https:\/\/web.editorialteide.com\/ca\/producte\/odisea-adaptacion-comics\/\">Llegir m\u00e9s<\/a><\/p>\n","protected":false},"featured_media":108317,"template":"","meta":{"_links_to":"","_links_to_target":""},"product_brand":[],"product_cat":[189,190,191,192,193,194,195,196,198,202,197,203,204,205,206,207,208,209,210,211],"product_tag":[],"class_list":{"0":"post-82910","1":"product","2":"type-product","3":"status-publish","4":"has-post-thumbnail","6":"product_cat-andalucia-ca","7":"product_cat-aragon-ca","8":"product_cat-canarias-ca","9":"product_cat-cantabria-ca","10":"product_cat-castilla-la-mancha-ca","11":"product_cat-castilla-y-leon-ca","12":"product_cat-catalunya-ca","13":"product_cat-ceuta-ca","14":"product_cat-comunidad-de-madrid-ca","15":"product_cat-comunidad-de-valencia-ca","16":"product_cat-comunidad-foral-de-navarra-ca","17":"product_cat-extremadura-ca","18":"product_cat-galicia-ca","19":"product_cat-illes-balears-ca","20":"product_cat-la-rioja-ca","21":"product_cat-mec-ca","22":"product_cat-melilla-ca","23":"product_cat-pais-vasco-ca","24":"product_cat-principado-de-asturias-ca","25":"product_cat-region-de-murcia-ca","26":"pa_asignatura-llengua-castellana-i-literatura-ca","27":"pa_curso-1-eso-ca","28":"pa_format-llibre-text-ca","29":"pa_idioma-castellano-ca","31":"first","32":"instock","33":"taxable","34":"shipping-taxable","35":"purchasable","36":"product-type-simple"},"_links":{"self":[{"href":"https:\/\/web.editorialteide.com\/ca\/wp-json\/wp\/v2\/product\/82910","targetHints":{"allow":["GET"]}}],"collection":[{"href":"https:\/\/web.editorialteide.com\/ca\/wp-json\/wp\/v2\/product"}],"about":[{"href":"https:\/\/web.editorialteide.com\/ca\/wp-json\/wp\/v2\/types\/product"}],"wp:featuredmedia":[{"embeddable":true,"href":"https:\/\/web.editorialteide.com\/ca\/wp-json\/wp\/v2\/media\/108317"}],"wp:attachment":[{"href":"https:\/\/web.editorialteide.com\/ca\/wp-json\/wp\/v2\/media?parent=82910"}],"wp:term":[{"taxonomy":"product_brand","embeddable":true,"href":"https:\/\/web.editorialteide.com\/ca\/wp-json\/wp\/v2\/product_brand?post=82910"},{"taxonomy":"product_cat","embeddable":true,"href":"https:\/\/web.editorialteide.com\/ca\/wp-json\/wp\/v2\/product_cat?post=82910"},{"taxonomy":"product_tag","embeddable":true,"href":"https:\/\/web.editorialteide.com\/ca\/wp-json\/wp\/v2\/product_tag?post=82910"}],"curies":[{"name":"wp","href":"https:\/\/api.w.org\/{rel}","templated":true}]}}