{"id":82911,"date":"2018-05-31T12:59:36","date_gmt":"2018-05-31T11:59:36","guid":{"rendered":"http:\/\/web.editorialteide.com\/producto\/odissea-adaptacio-comics\/"},"modified":"2026-03-02T18:51:22","modified_gmt":"2026-03-02T17:51:22","slug":"odissea-adaptacio-comics","status":"publish","type":"product","link":"https:\/\/web.editorialteide.com\/ca\/producte\/odissea-adaptacio-comics\/","title":{"rendered":"Odissea. Homer (Col\u00b7lecci\u00f3 DUAL)"},"content":{"rendered":"<p>Aquesta adaptaci\u00f3 de l&#8217;<i>Odissea<\/i>, com la resta de t\u00edtols publicats en la Col\u00b7lecci\u00f3 Dual, t\u00e9 com a finalitat oferir al gran p\u00fablic un cl\u00e0ssic de la literatura universal. Per facilitar-ne la lectura, el relat s&#8217;ha modernitzat sota la forma d&#8217;una narraci\u00f3 en tercera persona que permet gaudir al m\u00e0xim de les aventures del m\u00edtic heroi de la guerra de Troia. Aix\u00ed mateix, l&#8217;adaptaci\u00f3 es complementa amb una versi\u00f3 en format de c\u00f2mic feta en exclusiva per a aquesta edici\u00f3 que, sens dubte, contribuir\u00e0 que el p\u00fablic juvenil gaudeixi encara m\u00e9s d&#8217;aquesta lectura tan apassionant.<\/p>\n<h2>Vincles d&#8217;inter\u00e8s<\/h2>\n<h3>Unitat 0<\/h3>\n<ul>\n<li><a href=\"https:\/\/www.google.es\/search?q=marvel+la+odisea&#038;hl=es&#038;dcr=0&#038;tbm=isch&#038;tbo=u&#038;source=univ&#038;sa=X&#038;ved=0ahUKEwiN-_fEw8_WAhVSZFAKHfRHCSQQsAQIMw&#038;biw=1440&#038;bih=767\" target=\"_blank\" rel=\"noopener noreferrer\">Activitat 14, p\u00e0gina 173. Enlla\u00e7 de consulta<\/a><\/li>\n<li><a href=\"https:\/\/www.youtube.com\/watch?v=DWr_FC-Vo4Y\" target=\"_blank\" rel=\"noopener noreferrer\">Activitat 15, p\u00e0gina 173. Enlla\u00e7 de consulta 1<\/a><\/li>\n<li><a href=\"http:\/\/posterdigital.com\/es\/\" target=\"_blank\" rel=\"noopener noreferrer\">Activitat 15, p\u00e0gina 173. Enllac de consulta 2<\/a><\/li>\n<li><a href=\"http:\/\/emonergasterion.blogspot.com.es\/p\/griego-i.html\" target=\"_blank\" rel=\"noopener noreferrer\">Activitat 5, p\u00e0gina 170. Enlla\u00e7 de consulta<\/a><\/li>\n<\/ul>\n","protected":false},"excerpt":{"rendered":"<p>Aquesta adaptaci\u00f3 de l&#8217;Odissea, com la resta de t\u00edtols publicats en la Col\u00b7lecci\u00f3 Dual, t\u00e9 com a finalitat oferir al gran p\u00fablic un cl\u00e0ssic de la literatura universal. Per facilitar-ne la lectura, el relat s&#8217;ha modernitzat sota la forma d&#8217;una narraci\u00f3 en tercera persona que permet gaudir al m\u00e0xim de les aventures del m\u00edtic heroi &hellip; <a href=\"https:\/\/web.editorialteide.com\/ca\/producte\/odissea-adaptacio-comics\/\">Llegir m\u00e9s<\/a><\/p>\n","protected":false},"featured_media":108307,"template":"","meta":{"_links_to":"","_links_to_target":""},"product_brand":[],"product_cat":[195,202,205],"product_tag":[],"class_list":{"0":"post-82911","1":"product","2":"type-product","3":"status-publish","4":"has-post-thumbnail","6":"product_cat-catalunya-ca","7":"product_cat-comunidad-de-valencia-ca","8":"product_cat-illes-balears-ca","9":"pa_asignatura-llengua-catalana-i-literatura-ca","10":"pa_curso-1-eso-ca","11":"pa_format-llibre-text-ca","12":"pa_idioma-catalan-ca","14":"first","15":"instock","16":"taxable","17":"shipping-taxable","18":"purchasable","19":"product-type-simple"},"_links":{"self":[{"href":"https:\/\/web.editorialteide.com\/ca\/wp-json\/wp\/v2\/product\/82911","targetHints":{"allow":["GET"]}}],"collection":[{"href":"https:\/\/web.editorialteide.com\/ca\/wp-json\/wp\/v2\/product"}],"about":[{"href":"https:\/\/web.editorialteide.com\/ca\/wp-json\/wp\/v2\/types\/product"}],"wp:featuredmedia":[{"embeddable":true,"href":"https:\/\/web.editorialteide.com\/ca\/wp-json\/wp\/v2\/media\/108307"}],"wp:attachment":[{"href":"https:\/\/web.editorialteide.com\/ca\/wp-json\/wp\/v2\/media?parent=82911"}],"wp:term":[{"taxonomy":"product_brand","embeddable":true,"href":"https:\/\/web.editorialteide.com\/ca\/wp-json\/wp\/v2\/product_brand?post=82911"},{"taxonomy":"product_cat","embeddable":true,"href":"https:\/\/web.editorialteide.com\/ca\/wp-json\/wp\/v2\/product_cat?post=82911"},{"taxonomy":"product_tag","embeddable":true,"href":"https:\/\/web.editorialteide.com\/ca\/wp-json\/wp\/v2\/product_tag?post=82911"}],"curies":[{"name":"wp","href":"https:\/\/api.w.org\/{rel}","templated":true}]}}