{"id":82948,"date":"2018-04-18T11:22:54","date_gmt":"2018-04-18T10:22:54","guid":{"rendered":"http:\/\/web.editorialteide.com\/producto\/otel%c2%b7lo-catalab-t\/"},"modified":"2026-03-02T18:51:07","modified_gmt":"2026-03-02T17:51:07","slug":"otel%c2%b7lo-catalab-t","status":"publish","type":"product","link":"https:\/\/web.editorialteide.com\/ca\/producte\/otel%c2%b7lo-catalab-t\/","title":{"rendered":"Otel\u00b7lo (Biblioteca Teide)"},"content":{"rendered":"<p>Presentem una adaptaci\u00f3 d&#8217;<i>Otel\u00b7lo<\/i>, un dels t\u00edtols m\u00e9s emblem\u00e0tics de la producci\u00f3 de William Shakespeare. Shakespeare la va escriure en la seva \u00e8poca de m\u00e9s plenitud creativa, un per\u00edode que coincideix amb els \u00faltims anys del regnat d&#8217;Elisabet I i els primers anys del regnat de Jaume I. \u00c9s una de les trag\u00e8dies m\u00e9s conegudes de l&#8217;autor i sobresurt especialment per la complexitat de l&#8217;acci\u00f3, per una trama molt ben lligada i per la tensi\u00f3 sostinguda que la travessa des del comen\u00e7ament fins al final, tot plegat rematat per la pres\u00e8ncia d&#8217;un dels malvats shakespearians m\u00e9s aconseguits: el personatge de Iago.<\/p>\n<p>Format: 144&#215;194 | 160 p\u00e0gines<\/p>\n<h2>Vincles d&#8217;inter\u00e8s<\/h2>\n<h3>Unitat 0<\/h3>\n<ul>\n<li><a href=\"http:\/\/www.shakespearesglobe.com\/about-us\/virtual-tour\" target=\"_blank\" rel=\"noopener noreferrer\">Activitat 15, p\u00e0gina 155. Enlla\u00e7 de consulta 1<\/a><\/li>\n<li><a href=\"http:\/\/www.ladeliteratura.com.uy\/sala\/complementos\/globo.pdf\" target=\"_blank\" rel=\"noopener noreferrer\">Activitat 15, p\u00e0gina 155. Enlla\u00e7 de consulta 2<\/a><\/li>\n<li><a href=\"https:\/\/es.wikipedia.org\/wiki\/Autor%C3%ADa_de_las_obras_de_Shakespeare\" target=\"_blank\" rel=\"noopener noreferrer\">Activitat 16, p\u00e0gina 155. Enlla\u00e7 de consulta<\/a><\/li>\n<li><a href=\"https:\/\/es.wikipedia.org\/wiki\/Guerra_turco-veneciana_(1570-1573)\" target=\"_blank\" rel=\"noopener noreferrer\">Activitat 17, p\u00e0gina 155. Enlla\u00e7 de consulta<\/a><\/li>\n<li><a href=\"http:\/\/www.shakespeare.emory.edu\/playdisplay.cfm?playid=22\" target=\"_blank\" rel=\"noopener noreferrer\">Activitat 18, p\u00e0gina 156. Enlla\u00e7 de consulta<\/a><\/li>\n<li><a href=\"http:\/\/www.shakespeare.emory.edu\/illustrated_playdisplay.cfm?playid=22\" target=\"_blank\" rel=\"noopener noreferrer\">Activitat 19, p\u00e0gina 156. Enlla\u00e7 de consulta 1<\/a><\/li>\n<li><a href=\"http:\/\/es.wikipedia.org\/wiki\/Otelo\" target=\"_blank\" rel=\"noopener noreferrer\">Activitat 19, p\u00e0gina 156. Enlla\u00e7 de consulta 2<\/a><\/li>\n<li><a href=\"http:\/\/www.harteconhache.com\/2012\/03\/el-final-de-otello.html\" target=\"_blank\" rel=\"noopener noreferrer\">Activitat 19, p\u00e0gina 156. Enlla\u00e7 de consulta 3<\/a><\/li>\n<li><a href=\"https:\/\/www.youtube.com\/watch?v=VotSRRQrRs0\" target=\"_blank\" rel=\"noopener noreferrer\">Activitat 21, p\u00e0gina 157. Enlla\u00e7 de consulta<\/a><\/li>\n<li><a href=\"https:\/\/www.youtube.com\/watch?v=h_F-pjvwTuc\" target=\"_blank\" rel=\"noopener noreferrer\">Activitat 22, p\u00e0gina 157. Enlla\u00e7 de consulta 1<\/a><\/li>\n<li><a href=\"https:\/\/www.youtube.com\/watch?v=bzfUZLClbYk\" target=\"_blank\" rel=\"noopener noreferrer\">Activitat 22, p\u00e0gina 157. Enlla\u00e7 de consulta 2<\/a><\/li>\n<li><a href=\"https:\/\/www.youtube.com\/watch?v=8gEw5ymM2HQ\" target=\"_blank\" rel=\"noopener noreferrer\">Activitat 23, p\u00e0gina 158. Enlla\u00e7 de consulta 1<\/a><\/li>\n<li><a href=\"https:\/\/www.youtube.com\/watch?v=cJH02M1340I\" target=\"_blank\" rel=\"noopener noreferrer\">Activitat 23, p\u00e0gina 158. Enlla\u00e7 de consulta 2<\/a><\/li>\n<li><a href=\"https:\/\/www.youtube.com\/watch?v=HPsPraewqkw\" target=\"_blank\" rel=\"noopener noreferrer\">Activitat 23, p\u00e0gina 158. Enlla\u00e7 de consulta 3<\/a><\/li>\n<li><a href=\"http:\/\/www.danza.es\/multimedia\/coreografias\/otelo\" target=\"_blank\" rel=\"noopener noreferrer\">Activitat 24, p\u00e0gina 158. Enlla\u00e7 de consulta 1<\/a><\/li>\n<li><a href=\"https:\/\/www.youtube.com\/watch?v=YjtnKtpAyvM\" target=\"_blank\" rel=\"noopener noreferrer\">Activitat 24, p\u00e0gina 158. Enlla\u00e7 de consulta 2<\/a><\/li>\n<li><a href=\"http:\/\/www.uhu.es\/cine.educacion\/cineyeducacion\/shaklear.htm\" target=\"_blank\" rel=\"noopener noreferrer\">Activitat 25, p\u00e0gina 158. Enlla\u00e7 de consulta 1<\/a><\/li>\n<li><a href=\"https:\/\/www.youtube.com\/watch?v=UregVRVCbbY\" target=\"_blank\" rel=\"noopener noreferrer\">Activitat 25, p\u00e0gina 158. Enlla\u00e7 de consulta 2<\/a><\/li>\n<li><a href=\"http:\/\/es.wikipedia.org\/wiki\/Shakespeare_in_Love\" target=\"_blank\" rel=\"noopener noreferrer\">Activitat 26, p\u00e0gina 159. Enlla\u00e7 de consulta<\/a><\/li>\n<\/ul>\n","protected":false},"excerpt":{"rendered":"<p>Presentem una adaptaci\u00f3 d&#8217;Otel\u00b7lo, un dels t\u00edtols m\u00e9s emblem\u00e0tics de la producci\u00f3 de William Shakespeare. Shakespeare la va escriure en la seva \u00e8poca de m\u00e9s plenitud creativa, un per\u00edode que coincideix amb els \u00faltims anys del regnat d&#8217;Elisabet I i els primers anys del regnat de Jaume I. \u00c9s una de les trag\u00e8dies m\u00e9s conegudes &hellip; <a href=\"https:\/\/web.editorialteide.com\/ca\/producte\/otel%c2%b7lo-catalab-t\/\">Llegir m\u00e9s<\/a><\/p>\n","protected":false},"featured_media":108265,"template":"","meta":{"_links_to":"","_links_to_target":""},"product_brand":[],"product_cat":[195,202,205],"product_tag":[],"class_list":{"0":"post-82948","1":"product","2":"type-product","3":"status-publish","4":"has-post-thumbnail","6":"product_cat-catalunya-ca","7":"product_cat-comunidad-de-valencia-ca","8":"product_cat-illes-balears-ca","9":"pa_asignatura-llengua-catalana-i-literatura-ca","10":"pa_curso-eso-ca","11":"pa_format-llibre-text-ca","12":"pa_idioma-catalan-ca","14":"first","15":"instock","16":"taxable","17":"shipping-taxable","18":"purchasable","19":"product-type-simple"},"_links":{"self":[{"href":"https:\/\/web.editorialteide.com\/ca\/wp-json\/wp\/v2\/product\/82948","targetHints":{"allow":["GET"]}}],"collection":[{"href":"https:\/\/web.editorialteide.com\/ca\/wp-json\/wp\/v2\/product"}],"about":[{"href":"https:\/\/web.editorialteide.com\/ca\/wp-json\/wp\/v2\/types\/product"}],"wp:featuredmedia":[{"embeddable":true,"href":"https:\/\/web.editorialteide.com\/ca\/wp-json\/wp\/v2\/media\/108265"}],"wp:attachment":[{"href":"https:\/\/web.editorialteide.com\/ca\/wp-json\/wp\/v2\/media?parent=82948"}],"wp:term":[{"taxonomy":"product_brand","embeddable":true,"href":"https:\/\/web.editorialteide.com\/ca\/wp-json\/wp\/v2\/product_brand?post=82948"},{"taxonomy":"product_cat","embeddable":true,"href":"https:\/\/web.editorialteide.com\/ca\/wp-json\/wp\/v2\/product_cat?post=82948"},{"taxonomy":"product_tag","embeddable":true,"href":"https:\/\/web.editorialteide.com\/ca\/wp-json\/wp\/v2\/product_tag?post=82948"}],"curies":[{"name":"wp","href":"https:\/\/api.w.org\/{rel}","templated":true}]}}