{"id":83001,"date":"2018-01-15T12:55:28","date_gmt":"2018-01-15T11:55:28","guid":{"rendered":"http:\/\/web.editorialteide.com\/producto\/lilla-del-tresor-adaptacio-comics\/"},"modified":"2026-03-02T18:51:18","modified_gmt":"2026-03-02T17:51:18","slug":"lilla-del-tresor-adaptacio-comics","status":"publish","type":"product","link":"https:\/\/web.editorialteide.com\/ca\/producte\/lilla-del-tresor-adaptacio-comics\/","title":{"rendered":"L&#8217;illa del tresor (Col\u00b7lecci\u00f3 DUAL)"},"content":{"rendered":"<p>Amb aquesta nova adaptaci\u00f3 de <i>L&#8217;illa del tresor<\/i> volem donar a con\u00e8ixer al p\u00fablic juvenil aquesta extraordin\u00e0ria novel\u00b7la d&#8217;una manera amena, amb el text il\u00b7lustrat en format de c\u00f2mic, que ajudar\u00e0 a despertar la imaginaci\u00f3 dels lectors i a fer encara m\u00e9s vius els personatges d&#8217;aquesta hist\u00f2ria. Sota el guiatge de Jim Hawkins i amb la companya sempre ambigua de John Silver <i>el Llarg<\/i> -aquest inoblidable pirata amb una sola cama i un lloro a l&#8217;espatlla-, el lector es veur\u00e0 traslladat a un m\u00f3n d&#8217;aventures apassionant i aprendr\u00e0 la necessitat de fer servir l&#8217;enginy i la valent\u00eda, aix\u00ed com la solidaritat i la responsabilitat, per aconseguir els propis somnis i superar els nombrosos obstacles que es presenten en la vida.<\/p>\n<h2>Vincles d&#8217;inter\u00e8s<\/h2>\n<h3>Unitat 0<\/h3>\n<ul>\n<li><a href=\"http:\/\/digital.nls.uk\/rlstevenson\/pics\/picture-e3.html\" target=\"_blank\" rel=\"noopener noreferrer\">P\u00e0gina 221, Activitat 15. Enlla\u00e7 de consulta 1<\/a><\/li>\n<li><a href=\"http:\/\/www.brandywine.org\/museum\/exhibitions\/nc-wyeths-treasure-island-classic-illustrations-classic-tale\" target=\"_blank\" rel=\"noopener noreferrer\">P\u00e0gina 221, Activitat 15. Enlla\u00e7 de consulta 2<\/a><\/li>\n<li><a href=\"http:\/\/lasaventurasdelpasado.blogspot.com.es\/2012_06_01_archive.html\" target=\"_blank\" rel=\"noopener noreferrer\">P\u00e0gina 221, Activitat 15. Enlla\u00e7 de consulta 3<\/a><\/li>\n<li><a href=\"http:\/\/www.libreriadh.com\/2014\/05\/la-isla-del-tesoro.html\" target=\"_blank\" rel=\"noopener noreferrer\">P\u00e0gina 221, Activitat 15. Enlla\u00e7 de consulta 4<\/a><\/li>\n<li><a href=\"https:\/\/youtu.be\/MrII0lze4fU\" target=\"_blank\" rel=\"noopener noreferrer\">P\u00e0gina 222, Activitat 17. Enlla\u00e7 de consulta<\/a><\/li>\n<\/ul>\n","protected":false},"excerpt":{"rendered":"<p>Amb aquesta nova adaptaci\u00f3 de L&#8217;illa del tresor volem donar a con\u00e8ixer al p\u00fablic juvenil aquesta extraordin\u00e0ria novel\u00b7la d&#8217;una manera amena, amb el text il\u00b7lustrat en format de c\u00f2mic, que ajudar\u00e0 a despertar la imaginaci\u00f3 dels lectors i a fer encara m\u00e9s vius els personatges d&#8217;aquesta hist\u00f2ria. Sota el guiatge de Jim Hawkins i amb &hellip; <a href=\"https:\/\/web.editorialteide.com\/ca\/producte\/lilla-del-tresor-adaptacio-comics\/\">Llegir m\u00e9s<\/a><\/p>\n","protected":false},"featured_media":108305,"template":"","meta":{"_links_to":"","_links_to_target":""},"product_brand":[],"product_cat":[195,202,205],"product_tag":[],"class_list":{"0":"post-83001","1":"product","2":"type-product","3":"status-publish","4":"has-post-thumbnail","6":"product_cat-catalunya-ca","7":"product_cat-comunidad-de-valencia-ca","8":"product_cat-illes-balears-ca","9":"pa_asignatura-llengua-catalana-i-literatura-ca","10":"pa_curso-1-eso-ca","11":"pa_format-llibre-text-ca","12":"pa_idioma-catalan-ca","14":"first","15":"instock","16":"taxable","17":"shipping-taxable","18":"purchasable","19":"product-type-simple"},"_links":{"self":[{"href":"https:\/\/web.editorialteide.com\/ca\/wp-json\/wp\/v2\/product\/83001","targetHints":{"allow":["GET"]}}],"collection":[{"href":"https:\/\/web.editorialteide.com\/ca\/wp-json\/wp\/v2\/product"}],"about":[{"href":"https:\/\/web.editorialteide.com\/ca\/wp-json\/wp\/v2\/types\/product"}],"wp:featuredmedia":[{"embeddable":true,"href":"https:\/\/web.editorialteide.com\/ca\/wp-json\/wp\/v2\/media\/108305"}],"wp:attachment":[{"href":"https:\/\/web.editorialteide.com\/ca\/wp-json\/wp\/v2\/media?parent=83001"}],"wp:term":[{"taxonomy":"product_brand","embeddable":true,"href":"https:\/\/web.editorialteide.com\/ca\/wp-json\/wp\/v2\/product_brand?post=83001"},{"taxonomy":"product_cat","embeddable":true,"href":"https:\/\/web.editorialteide.com\/ca\/wp-json\/wp\/v2\/product_cat?post=83001"},{"taxonomy":"product_tag","embeddable":true,"href":"https:\/\/web.editorialteide.com\/ca\/wp-json\/wp\/v2\/product_tag?post=83001"}],"curies":[{"name":"wp","href":"https:\/\/api.w.org\/{rel}","templated":true}]}}