{"id":83027,"date":"2017-10-24T08:21:26","date_gmt":"2017-10-24T07:21:26","guid":{"rendered":"http:\/\/web.editorialteide.com\/producto\/tirant-lo-blanc-episodis-amorosos-batx\/"},"modified":"2026-03-02T18:51:23","modified_gmt":"2026-03-02T17:51:23","slug":"tirant-lo-blanc-episodis-amorosos-batx","status":"publish","type":"product","link":"https:\/\/web.editorialteide.com\/ca\/producte\/tirant-lo-blanc-episodis-amorosos-batx\/","title":{"rendered":"Tirant lo Blanc. Episodis amorosos &#8211; Pas de lletres BATXILLERAT"},"content":{"rendered":"<p><i>Tirant lo Blanc<\/i> (1490) \u00e9s una de les m\u00e9s grans novel\u00b7les de la literatura universal. Tot i la diversitat tem\u00e0tica i textual de l&#8217;obra, aquesta edici\u00f3 respon a la selecci\u00f3 dels cap\u00edtols feta pel Departament d&#8217;Ensenyament de la Generalitat de Catalunya com a lectura prescriptiva al Batxillerat. L&#8217;edici\u00f3 es compon de 53 cap\u00edtols, dels 487 que t\u00e9 l&#8217;obra, agrupats en dotze blocs o seq\u00fc\u00e8ncies narratives l&#8217;acci\u00f3 de les quals transcorre a l&#8217;Imperi grec.<\/p>\n<p>Format: 144&#215;194 | 200 p\u00e0gines<\/p>\n","protected":false},"excerpt":{"rendered":"<p>Tirant lo Blanc (1490) \u00e9s una de les m\u00e9s grans novel\u00b7les de la literatura universal. Tot i la diversitat tem\u00e0tica i textual de l&#8217;obra, aquesta edici\u00f3 respon a la selecci\u00f3 dels cap\u00edtols feta pel Departament d&#8217;Ensenyament de la Generalitat de Catalunya com a lectura prescriptiva al Batxillerat. L&#8217;edici\u00f3 es compon de 53 cap\u00edtols, dels 487 &hellip; <a href=\"https:\/\/web.editorialteide.com\/ca\/producte\/tirant-lo-blanc-episodis-amorosos-batx\/\">Llegir m\u00e9s<\/a><\/p>\n","protected":false},"featured_media":108283,"template":"","meta":{"_links_to":"","_links_to_target":""},"product_brand":[],"product_cat":[195,202,205],"product_tag":[],"class_list":{"0":"post-83027","1":"product","2":"type-product","3":"status-publish","4":"has-post-thumbnail","6":"product_cat-catalunya-ca","7":"product_cat-comunidad-de-valencia-ca","8":"product_cat-illes-balears-ca","9":"pa_asignatura-llengua-catalana-i-literatura-ca","10":"pa_curso-1-batx-ca","11":"pa_format-llibre-text-ca","12":"pa_idioma-catalan-ca","14":"first","15":"instock","16":"taxable","17":"shipping-taxable","18":"purchasable","19":"product-type-simple"},"_links":{"self":[{"href":"https:\/\/web.editorialteide.com\/ca\/wp-json\/wp\/v2\/product\/83027","targetHints":{"allow":["GET"]}}],"collection":[{"href":"https:\/\/web.editorialteide.com\/ca\/wp-json\/wp\/v2\/product"}],"about":[{"href":"https:\/\/web.editorialteide.com\/ca\/wp-json\/wp\/v2\/types\/product"}],"wp:featuredmedia":[{"embeddable":true,"href":"https:\/\/web.editorialteide.com\/ca\/wp-json\/wp\/v2\/media\/108283"}],"wp:attachment":[{"href":"https:\/\/web.editorialteide.com\/ca\/wp-json\/wp\/v2\/media?parent=83027"}],"wp:term":[{"taxonomy":"product_brand","embeddable":true,"href":"https:\/\/web.editorialteide.com\/ca\/wp-json\/wp\/v2\/product_brand?post=83027"},{"taxonomy":"product_cat","embeddable":true,"href":"https:\/\/web.editorialteide.com\/ca\/wp-json\/wp\/v2\/product_cat?post=83027"},{"taxonomy":"product_tag","embeddable":true,"href":"https:\/\/web.editorialteide.com\/ca\/wp-json\/wp\/v2\/product_tag?post=83027"}],"curies":[{"name":"wp","href":"https:\/\/api.w.org\/{rel}","templated":true}]}}