{"id":83031,"date":"2017-09-12T12:03:23","date_gmt":"2017-09-12T11:03:23","guid":{"rendered":"http:\/\/web.editorialteide.com\/producto\/la-isla-del-tesoro-adaptacion-comics\/"},"modified":"2026-03-02T18:51:12","modified_gmt":"2026-03-02T17:51:12","slug":"la-isla-del-tesoro-adaptacion-comics","status":"publish","type":"product","link":"https:\/\/web.editorialteide.com\/ca\/producte\/la-isla-del-tesoro-adaptacion-comics\/","title":{"rendered":"La isla del tesoro (Colecci\u00f3n Dual)"},"content":{"rendered":"<p>Con esta nueva adaptaci\u00f3n de <i>La isla del tesoro<\/i> queremos dar a conocer al p\u00fablico juvenil esta extraordinaria novela de una forma amena, con el texto ilustrado en formato de c\u00f3mic que ayudar\u00e1 a despertar la imaginaci\u00f3n de los lectores y a dar todav\u00eda m\u00e1s vida a los personajes de esta historia. De la mano de Jim Hawkins y con la compa\u00f1\u00eda siempre ambigua de John Silver <i>el Largo<\/i> -ese inolvidable pirata con una sola pierna y con un loro en el hombro-, el lector se ver\u00e1 trasladado a un apasionante mundo de aventuras y aprender\u00e1 la necesidad de hacer uso del ingenio y la valent\u00eda, y de la solidaridad y la responsabilidad, para alcanzar sus sue\u00f1os y superar los numerosos obst\u00e1culos que se presentan en la vida.<\/p>\n<h2>Vinculos de inter\u00e9s<\/h2>\n<h3>Unidad 0<\/h3>\n<ul>\n<li><a href=\"http:\/\/digital.nls.uk\/rlstevenson\/pics\/picture-e3.html\" target=\"_blank\" rel=\"noopener noreferrer\">P\u00e1gina 222, Actividad 15. Enlace de consulta 1<\/a><\/li>\n<li><a href=\"http:\/\/www.brandywine.org\/museum\/exhibitions\/nc-wyeths-treasure-island-classic-illustrations-classic-tale\" target=\"_blank\" rel=\"noopener noreferrer\">P\u00e1gina 222, Actividad 15. Enlace de consulta 2<\/a><\/li>\n<li><a href=\"http:\/\/lasaventurasdelpasado.blogspot.com.es\/2012_06_01_archive.html\" target=\"_blank\" rel=\"noopener noreferrer\">P\u00e1gina 222, Actividad 15. Enlace de consulta 3<\/a><\/li>\n<li><a href=\"http:\/\/www.libreriadh.com\/2014\/05\/la-isla-del-tesoro.html\" target=\"_blank\" rel=\"noopener noreferrer\">P\u00e1gina 222, Actividad 15. Enlace de consulta 4<\/a><\/li>\n<li><a href=\"https:\/\/youtu.be\/MrII0lze4fU\" target=\"_blank\" rel=\"noopener noreferrer\">P\u00e1gina 223, Actividad 17. Enlace de consulta<\/a><\/li>\n<\/ul>\n","protected":false},"excerpt":{"rendered":"<p>Con esta nueva adaptaci\u00f3n de La isla del tesoro queremos dar a conocer al p\u00fablico juvenil esta extraordinaria novela de una forma amena, con el texto ilustrado en formato de c\u00f3mic que ayudar\u00e1 a despertar la imaginaci\u00f3n de los lectores y a dar todav\u00eda m\u00e1s vida a los personajes de esta historia. De la mano &hellip; <a href=\"https:\/\/web.editorialteide.com\/ca\/producte\/la-isla-del-tesoro-adaptacion-comics\/\">Llegir m\u00e9s<\/a><\/p>\n","protected":false},"featured_media":111933,"template":"","meta":{"_links_to":"","_links_to_target":""},"product_brand":[],"product_cat":[189,190,191,192,193,194,195,196,198,202,197,203,204,205,206,207,208,209,210,211],"product_tag":[],"class_list":{"0":"post-83031","1":"product","2":"type-product","3":"status-publish","4":"has-post-thumbnail","6":"product_cat-andalucia-ca","7":"product_cat-aragon-ca","8":"product_cat-canarias-ca","9":"product_cat-cantabria-ca","10":"product_cat-castilla-la-mancha-ca","11":"product_cat-castilla-y-leon-ca","12":"product_cat-catalunya-ca","13":"product_cat-ceuta-ca","14":"product_cat-comunidad-de-madrid-ca","15":"product_cat-comunidad-de-valencia-ca","16":"product_cat-comunidad-foral-de-navarra-ca","17":"product_cat-extremadura-ca","18":"product_cat-galicia-ca","19":"product_cat-illes-balears-ca","20":"product_cat-la-rioja-ca","21":"product_cat-mec-ca","22":"product_cat-melilla-ca","23":"product_cat-pais-vasco-ca","24":"product_cat-principado-de-asturias-ca","25":"product_cat-region-de-murcia-ca","26":"pa_asignatura-llengua-castellana-i-literatura-ca","27":"pa_curso-1-eso-ca","28":"pa_format-llibre-text-ca","29":"pa_idioma-castellano-ca","31":"first","32":"instock","33":"taxable","34":"shipping-taxable","35":"purchasable","36":"product-type-simple"},"_links":{"self":[{"href":"https:\/\/web.editorialteide.com\/ca\/wp-json\/wp\/v2\/product\/83031","targetHints":{"allow":["GET"]}}],"collection":[{"href":"https:\/\/web.editorialteide.com\/ca\/wp-json\/wp\/v2\/product"}],"about":[{"href":"https:\/\/web.editorialteide.com\/ca\/wp-json\/wp\/v2\/types\/product"}],"wp:featuredmedia":[{"embeddable":true,"href":"https:\/\/web.editorialteide.com\/ca\/wp-json\/wp\/v2\/media\/111933"}],"wp:attachment":[{"href":"https:\/\/web.editorialteide.com\/ca\/wp-json\/wp\/v2\/media?parent=83031"}],"wp:term":[{"taxonomy":"product_brand","embeddable":true,"href":"https:\/\/web.editorialteide.com\/ca\/wp-json\/wp\/v2\/product_brand?post=83031"},{"taxonomy":"product_cat","embeddable":true,"href":"https:\/\/web.editorialteide.com\/ca\/wp-json\/wp\/v2\/product_cat?post=83031"},{"taxonomy":"product_tag","embeddable":true,"href":"https:\/\/web.editorialteide.com\/ca\/wp-json\/wp\/v2\/product_tag?post=83031"}],"curies":[{"name":"wp","href":"https:\/\/api.w.org\/{rel}","templated":true}]}}