{"id":83643,"date":"2017-05-10T14:11:41","date_gmt":"2017-05-10T13:11:41","guid":{"rendered":"http:\/\/web.editorialteide.com\/producto\/tecnologia-2-eso-robotica-2016\/"},"modified":"2024-01-09T12:01:29","modified_gmt":"2024-01-09T11:01:29","slug":"tecnologia-2-eso-robotica-2016","status":"publish","type":"product","link":"https:\/\/web.editorialteide.com\/ca\/producte\/tecnologia-2-eso-robotica-2016\/","title":{"rendered":"Tecnolog\u00eda, programaci\u00f3n y rob\u00f3tica 2 ESO (2016)"},"content":{"rendered":"","protected":false},"excerpt":{"rendered":"","protected":false},"featured_media":109301,"template":"","meta":{"_links_to":"","_links_to_target":""},"product_brand":[],"product_cat":[198],"product_tag":[],"class_list":{"0":"post-83643","1":"product","2":"type-product","3":"status-publish","4":"has-post-thumbnail","6":"product_cat-comunidad-de-madrid-ca","7":"pa_asignatura-tecnologia-ca","8":"pa_curso-2-eso-ca","9":"pa_format-llibre-text-ca","10":"pa_idioma-castellano-ca","12":"first","13":"outofstock","14":"sale","15":"taxable","16":"shipping-taxable","17":"purchasable","18":"product-type-simple"},"_links":{"self":[{"href":"https:\/\/web.editorialteide.com\/ca\/wp-json\/wp\/v2\/product\/83643","targetHints":{"allow":["GET"]}}],"collection":[{"href":"https:\/\/web.editorialteide.com\/ca\/wp-json\/wp\/v2\/product"}],"about":[{"href":"https:\/\/web.editorialteide.com\/ca\/wp-json\/wp\/v2\/types\/product"}],"wp:featuredmedia":[{"embeddable":true,"href":"https:\/\/web.editorialteide.com\/ca\/wp-json\/wp\/v2\/media\/109301"}],"wp:attachment":[{"href":"https:\/\/web.editorialteide.com\/ca\/wp-json\/wp\/v2\/media?parent=83643"}],"wp:term":[{"taxonomy":"product_brand","embeddable":true,"href":"https:\/\/web.editorialteide.com\/ca\/wp-json\/wp\/v2\/product_brand?post=83643"},{"taxonomy":"product_cat","embeddable":true,"href":"https:\/\/web.editorialteide.com\/ca\/wp-json\/wp\/v2\/product_cat?post=83643"},{"taxonomy":"product_tag","embeddable":true,"href":"https:\/\/web.editorialteide.com\/ca\/wp-json\/wp\/v2\/product_tag?post=83643"}],"curies":[{"name":"wp","href":"https:\/\/api.w.org\/{rel}","templated":true}]}}