{"id":84229,"date":"2017-05-10T14:04:15","date_gmt":"2017-05-10T13:04:15","guid":{"rendered":"http:\/\/web.editorialteide.com\/producto\/gramatica-catalana\/"},"modified":"2026-03-02T18:49:52","modified_gmt":"2026-03-02T17:49:52","slug":"gramatica-catalana","status":"publish","type":"product","link":"https:\/\/web.editorialteide.com\/ca\/producte\/gramatica-catalana\/","title":{"rendered":"Gram\u00e0tica catalana"},"content":{"rendered":"<p>El Mestre va pensar en aquesta obra principalment com a eina de treball per al qui ha d\u2019ensenyar el catal\u00e0, o per al qui sabent-lo se\u2019n vol ensenyar a si mateix altres aspectes. Per\u00f2 tamb\u00e9 l\u2019escriptor i el corrector de catal\u00e0 trobaran ac\u00ed mat\u00e8ria nova.<br \/>\n<br \/>\nL\u2019obra de Fabra t\u00e9 una resson\u00e0ncia nacional i marca un tombant hist\u00f2ric tan decisiu per a la llengua liter\u00e0ria, que fan d\u2019aquest llibre, com de tots els altres de l\u2019autor, un document d\u2019import\u00e0ncia i valor \u00fanics.<br \/>\n<br \/>\nJoan COROMINES<br \/>\n(Del prefaci d\u2019aquest llibre)<br \/>\n24 de gener de 1956<\/p>\n","protected":false},"excerpt":{"rendered":"<p>El Mestre va pensar en aquesta obra principalment com a eina de treball per al qui ha d\u2019ensenyar el catal\u00e0, o per al qui sabent-lo se\u2019n vol ensenyar a si mateix altres aspectes. Per\u00f2 tamb\u00e9 l\u2019escriptor i el corrector de catal\u00e0 trobaran ac\u00ed mat\u00e8ria nova. L\u2019obra de Fabra t\u00e9 una resson\u00e0ncia nacional i marca un &hellip; <a href=\"https:\/\/web.editorialteide.com\/ca\/producte\/gramatica-catalana\/\">Llegir m\u00e9s<\/a><\/p>\n","protected":false},"featured_media":108701,"template":"","meta":{"_links_to":"","_links_to_target":""},"product_brand":[],"product_cat":[189,190,191,192,193,194,195,196,198,202,197,203,204,205,206,209,210,211],"product_tag":[],"class_list":{"0":"post-84229","1":"product","2":"type-product","3":"status-publish","4":"has-post-thumbnail","6":"product_cat-andalucia-ca","7":"product_cat-aragon-ca","8":"product_cat-canarias-ca","9":"product_cat-cantabria-ca","10":"product_cat-castilla-la-mancha-ca","11":"product_cat-castilla-y-leon-ca","12":"product_cat-catalunya-ca","13":"product_cat-ceuta-ca","14":"product_cat-comunidad-de-madrid-ca","15":"product_cat-comunidad-de-valencia-ca","16":"product_cat-comunidad-foral-de-navarra-ca","17":"product_cat-extremadura-ca","18":"product_cat-galicia-ca","19":"product_cat-illes-balears-ca","20":"product_cat-la-rioja-ca","21":"product_cat-pais-vasco-ca","22":"product_cat-principado-de-asturias-ca","23":"product_cat-region-de-murcia-ca","24":"pa_asignatura-llengua-catalana-i-literatura-ca","25":"pa_format-varis-ca","26":"pa_idioma-catalan-ca","28":"first","29":"instock","30":"taxable","31":"shipping-taxable","32":"purchasable","33":"product-type-simple"},"_links":{"self":[{"href":"https:\/\/web.editorialteide.com\/ca\/wp-json\/wp\/v2\/product\/84229","targetHints":{"allow":["GET"]}}],"collection":[{"href":"https:\/\/web.editorialteide.com\/ca\/wp-json\/wp\/v2\/product"}],"about":[{"href":"https:\/\/web.editorialteide.com\/ca\/wp-json\/wp\/v2\/types\/product"}],"wp:featuredmedia":[{"embeddable":true,"href":"https:\/\/web.editorialteide.com\/ca\/wp-json\/wp\/v2\/media\/108701"}],"wp:attachment":[{"href":"https:\/\/web.editorialteide.com\/ca\/wp-json\/wp\/v2\/media?parent=84229"}],"wp:term":[{"taxonomy":"product_brand","embeddable":true,"href":"https:\/\/web.editorialteide.com\/ca\/wp-json\/wp\/v2\/product_brand?post=84229"},{"taxonomy":"product_cat","embeddable":true,"href":"https:\/\/web.editorialteide.com\/ca\/wp-json\/wp\/v2\/product_cat?post=84229"},{"taxonomy":"product_tag","embeddable":true,"href":"https:\/\/web.editorialteide.com\/ca\/wp-json\/wp\/v2\/product_tag?post=84229"}],"curies":[{"name":"wp","href":"https:\/\/api.w.org\/{rel}","templated":true}]}}