{"id":84427,"date":"2017-05-10T14:01:52","date_gmt":"2017-05-10T13:01:52","guid":{"rendered":"http:\/\/web.editorialteide.com\/producto\/punt-i-seguit-quadern-08-c-i\/"},"modified":"2026-03-02T18:50:39","modified_gmt":"2026-03-02T17:50:39","slug":"punt-i-seguit-quadern-08-c-i","status":"publish","type":"product","link":"https:\/\/web.editorialteide.com\/ca\/producte\/punt-i-seguit-quadern-08-c-i\/","title":{"rendered":"Punt i seguit. Quadern 08 &#8211; Cicle Inicial"},"content":{"rendered":"<p>Punt i seguit \u00e9s una col\u00b7lecci\u00f3 de quaderns de llegir i escriure que t\u00e9 per finalitat desenvolupar les compet\u00e8ncies escrita, comunicativa i audiovisual, sobretot en el vessant ling\u00fc\u00edstic de l&#8217;\u00e0rea de Llengua.<\/p>\n<p><span style=\"color: #f1b310;\"><b>\u00das ling\u00fc\u00edstic: <\/b><\/span>Aspectes de coneixement i reflexi\u00f3 del sistema alfab\u00e8tic: ortografia, grafia, morfosintaxi i l\u00e8xic.<\/p>\n<p><b>Nivell intermedi: <\/b>Pr\u00e0ctica i consolidaci\u00f3 dels aprenentatges. Desenvolupament efectiu del contingut.<\/p>\n","protected":false},"excerpt":{"rendered":"<p>Punt i seguit \u00e9s una col\u00b7lecci\u00f3 de quaderns de llegir i escriure que t\u00e9 per finalitat desenvolupar les compet\u00e8ncies escrita, comunicativa i audiovisual, sobretot en el vessant ling\u00fc\u00edstic de l&#8217;\u00e0rea de Llengua. \u00das ling\u00fc\u00edstic: Aspectes de coneixement i reflexi\u00f3 del sistema alfab\u00e8tic: ortografia, grafia, morfosintaxi i l\u00e8xic. Nivell intermedi: Pr\u00e0ctica i consolidaci\u00f3 dels aprenentatges. Desenvolupament &hellip; <a href=\"https:\/\/web.editorialteide.com\/ca\/producte\/punt-i-seguit-quadern-08-c-i\/\">Llegir m\u00e9s<\/a><\/p>\n","protected":false},"featured_media":157117,"template":"","meta":{"_links_to":"","_links_to_target":""},"product_brand":[],"product_cat":[195,202,205],"product_tag":[],"class_list":{"0":"post-84427","1":"product","2":"type-product","3":"status-publish","4":"has-post-thumbnail","6":"product_cat-catalunya-ca","7":"product_cat-comunidad-de-valencia-ca","8":"product_cat-illes-balears-ca","9":"pa_asignatura-llengua-ca","10":"pa_curso-2-epo-ca","11":"pa_format-quadern-ca","12":"pa_idioma-catalan-ca","14":"first","15":"instock","16":"taxable","17":"shipping-taxable","18":"purchasable","19":"product-type-simple"},"_links":{"self":[{"href":"https:\/\/web.editorialteide.com\/ca\/wp-json\/wp\/v2\/product\/84427","targetHints":{"allow":["GET"]}}],"collection":[{"href":"https:\/\/web.editorialteide.com\/ca\/wp-json\/wp\/v2\/product"}],"about":[{"href":"https:\/\/web.editorialteide.com\/ca\/wp-json\/wp\/v2\/types\/product"}],"wp:featuredmedia":[{"embeddable":true,"href":"https:\/\/web.editorialteide.com\/ca\/wp-json\/wp\/v2\/media\/157117"}],"wp:attachment":[{"href":"https:\/\/web.editorialteide.com\/ca\/wp-json\/wp\/v2\/media?parent=84427"}],"wp:term":[{"taxonomy":"product_brand","embeddable":true,"href":"https:\/\/web.editorialteide.com\/ca\/wp-json\/wp\/v2\/product_brand?post=84427"},{"taxonomy":"product_cat","embeddable":true,"href":"https:\/\/web.editorialteide.com\/ca\/wp-json\/wp\/v2\/product_cat?post=84427"},{"taxonomy":"product_tag","embeddable":true,"href":"https:\/\/web.editorialteide.com\/ca\/wp-json\/wp\/v2\/product_tag?post=84427"}],"curies":[{"name":"wp","href":"https:\/\/api.w.org\/{rel}","templated":true}]}}