{"id":84433,"date":"2017-05-10T14:01:49","date_gmt":"2017-05-10T13:01:49","guid":{"rendered":"http:\/\/web.editorialteide.com\/producto\/punt-i-seguit-quadern-05-c-i\/"},"modified":"2026-03-02T18:50:39","modified_gmt":"2026-03-02T17:50:39","slug":"punt-i-seguit-quadern-05-c-i","status":"publish","type":"product","link":"https:\/\/web.editorialteide.com\/ca\/producte\/punt-i-seguit-quadern-05-c-i\/","title":{"rendered":"Punt i seguit. Quadern 05 &#8211; Cicle Inicial"},"content":{"rendered":"<p>Punt i seguit \u00e9s una col\u00b7lecci\u00f3 de quaderns de llegir i escriure que t\u00e9 per finalitat desenvolupar les compet\u00e8ncies escrita, comunicativa i audiovisual, sobretot en el vessant ling\u00fc\u00edstic de l&#8217;\u00e0rea de Llengua.<\/p>\n<p><span style=\"color: #0079c2;\"><b>\u00das pr\u00e0ctic: <\/b><\/span> Textos referents al funcionament de la classe i \u00fatils per a la vida di\u00e0ria.<\/p>\n<p><b>Nivell intermedi: <\/b>Pr\u00e0ctica i consolidaci\u00f3 dels aprenentatges. Desenvolupament efectiu del contingut.<\/p>\n","protected":false},"excerpt":{"rendered":"<p>Punt i seguit \u00e9s una col\u00b7lecci\u00f3 de quaderns de llegir i escriure que t\u00e9 per finalitat desenvolupar les compet\u00e8ncies escrita, comunicativa i audiovisual, sobretot en el vessant ling\u00fc\u00edstic de l&#8217;\u00e0rea de Llengua. \u00das pr\u00e0ctic: Textos referents al funcionament de la classe i \u00fatils per a la vida di\u00e0ria. Nivell intermedi: Pr\u00e0ctica i consolidaci\u00f3 dels aprenentatges. &hellip; <a href=\"https:\/\/web.editorialteide.com\/ca\/producte\/punt-i-seguit-quadern-05-c-i\/\">Llegir m\u00e9s<\/a><\/p>\n","protected":false},"featured_media":157714,"template":"","meta":{"_links_to":"","_links_to_target":""},"product_brand":[],"product_cat":[195,202,205],"product_tag":[],"class_list":{"0":"post-84433","1":"product","2":"type-product","3":"status-publish","4":"has-post-thumbnail","6":"product_cat-catalunya-ca","7":"product_cat-comunidad-de-valencia-ca","8":"product_cat-illes-balears-ca","9":"pa_asignatura-llengua-ca","10":"pa_curso-1-epo-ca","11":"pa_format-quadern-ca","12":"pa_idioma-catalan-ca","14":"first","15":"instock","16":"taxable","17":"shipping-taxable","18":"purchasable","19":"product-type-simple"},"_links":{"self":[{"href":"https:\/\/web.editorialteide.com\/ca\/wp-json\/wp\/v2\/product\/84433","targetHints":{"allow":["GET"]}}],"collection":[{"href":"https:\/\/web.editorialteide.com\/ca\/wp-json\/wp\/v2\/product"}],"about":[{"href":"https:\/\/web.editorialteide.com\/ca\/wp-json\/wp\/v2\/types\/product"}],"wp:featuredmedia":[{"embeddable":true,"href":"https:\/\/web.editorialteide.com\/ca\/wp-json\/wp\/v2\/media\/157714"}],"wp:attachment":[{"href":"https:\/\/web.editorialteide.com\/ca\/wp-json\/wp\/v2\/media?parent=84433"}],"wp:term":[{"taxonomy":"product_brand","embeddable":true,"href":"https:\/\/web.editorialteide.com\/ca\/wp-json\/wp\/v2\/product_brand?post=84433"},{"taxonomy":"product_cat","embeddable":true,"href":"https:\/\/web.editorialteide.com\/ca\/wp-json\/wp\/v2\/product_cat?post=84433"},{"taxonomy":"product_tag","embeddable":true,"href":"https:\/\/web.editorialteide.com\/ca\/wp-json\/wp\/v2\/product_tag?post=84433"}],"curies":[{"name":"wp","href":"https:\/\/api.w.org\/{rel}","templated":true}]}}