{"id":84619,"date":"2017-05-10T13:59:14","date_gmt":"2017-05-10T12:59:14","guid":{"rendered":"http:\/\/web.editorialteide.com\/producto\/pompeu-fabra-vida-i-obra\/"},"modified":"2026-03-02T18:50:15","modified_gmt":"2026-03-02T17:50:15","slug":"pompeu-fabra-vida-i-obra","status":"publish","type":"product","link":"https:\/\/web.editorialteide.com\/ca\/producte\/pompeu-fabra-vida-i-obra\/","title":{"rendered":"Pompeu Fabra. Vida i obra"},"content":{"rendered":"<p>Aquesta obra \u00e9s una actualitzaci\u00f3 i un eixamplament de la titulada L\u2019obra de Pompeu Fabra, publicada per J. Sol\u00e0 a la mateixa editorial l\u2019any 1987. L\u2019escaien\u00e7a del centenari del Primer Congr\u00e9s Internacional de la Llengua Catalana (1906) i de la creaci\u00f3 de l\u2019Institut d\u2019Estudis Catalans (1907) era un motiu suficient per fer aquest esfor\u00e7.<br \/>\n<br \/>\nAra \u00e9s quan realment es pot comen\u00e7ar a valorar aquest immens llegat, el llegat d\u2019una de les persones de la nostra hist\u00f2ria que haur\u00e0 deixat una empremta m\u00e9s profunda en el seu poble, com a cient\u00edfic, com a patriota i com a salvador de llengua.<br \/>\n<br \/>\nJordi GINEBRA, Joan SOL\u00c0<br \/>\n(De la presentaci\u00f3 d\u2019aquest llibre)<br \/>\nFebrer de 2007<\/p>\n","protected":false},"excerpt":{"rendered":"<p>Aquesta obra \u00e9s una actualitzaci\u00f3 i un eixamplament de la titulada L\u2019obra de Pompeu Fabra, publicada per J. Sol\u00e0 a la mateixa editorial l\u2019any 1987. L\u2019escaien\u00e7a del centenari del Primer Congr\u00e9s Internacional de la Llengua Catalana (1906) i de la creaci\u00f3 de l\u2019Institut d\u2019Estudis Catalans (1907) era un motiu suficient per fer aquest esfor\u00e7. Ara &hellip; <a href=\"https:\/\/web.editorialteide.com\/ca\/producte\/pompeu-fabra-vida-i-obra\/\">Llegir m\u00e9s<\/a><\/p>\n","protected":false},"featured_media":108323,"template":"","meta":{"_links_to":"","_links_to_target":""},"product_brand":[],"product_cat":[195,202,205],"product_tag":[],"class_list":{"0":"post-84619","1":"product","2":"type-product","3":"status-publish","4":"has-post-thumbnail","6":"product_cat-catalunya-ca","7":"product_cat-comunidad-de-valencia-ca","8":"product_cat-illes-balears-ca","9":"pa_asignatura-llengua-catalana-i-literatura-ca","10":"pa_format-varis-ca","11":"pa_idioma-catalan-ca","13":"first","14":"instock","15":"taxable","16":"shipping-taxable","17":"purchasable","18":"product-type-simple"},"_links":{"self":[{"href":"https:\/\/web.editorialteide.com\/ca\/wp-json\/wp\/v2\/product\/84619","targetHints":{"allow":["GET"]}}],"collection":[{"href":"https:\/\/web.editorialteide.com\/ca\/wp-json\/wp\/v2\/product"}],"about":[{"href":"https:\/\/web.editorialteide.com\/ca\/wp-json\/wp\/v2\/types\/product"}],"wp:featuredmedia":[{"embeddable":true,"href":"https:\/\/web.editorialteide.com\/ca\/wp-json\/wp\/v2\/media\/108323"}],"wp:attachment":[{"href":"https:\/\/web.editorialteide.com\/ca\/wp-json\/wp\/v2\/media?parent=84619"}],"wp:term":[{"taxonomy":"product_brand","embeddable":true,"href":"https:\/\/web.editorialteide.com\/ca\/wp-json\/wp\/v2\/product_brand?post=84619"},{"taxonomy":"product_cat","embeddable":true,"href":"https:\/\/web.editorialteide.com\/ca\/wp-json\/wp\/v2\/product_cat?post=84619"},{"taxonomy":"product_tag","embeddable":true,"href":"https:\/\/web.editorialteide.com\/ca\/wp-json\/wp\/v2\/product_tag?post=84619"}],"curies":[{"name":"wp","href":"https:\/\/api.w.org\/{rel}","templated":true}]}}