{"id":84629,"date":"2017-05-10T13:59:04","date_gmt":"2017-05-10T12:59:04","guid":{"rendered":"http:\/\/web.editorialteide.com\/producto\/dracula-adaptacio-comics-catala\/"},"modified":"2026-03-02T18:51:18","modified_gmt":"2026-03-02T17:51:18","slug":"dracula-adaptacio-comics-catala","status":"publish","type":"product","link":"https:\/\/web.editorialteide.com\/ca\/producte\/dracula-adaptacio-comics-catala\/","title":{"rendered":"Dr\u00e0cula (Col\u00b7lecci\u00f3 Dual)"},"content":{"rendered":"<p>Una novel\u00b7la tan popular com <i>Dr\u00e1cula<\/i> mereix una adaptaci\u00f3 que pugui arribar al p\u00fablic juvenil. La nostra converteix la novel\u00b7la en un relat \u00e0gil i am\u00e8, de ritme trepidant, que es mant\u00e9 absolutament fidel a l&#8217;esperit de l&#8217;obra original. Aix\u00ed mateix, la versi\u00f3 en c\u00f2mic que corre en paral\u00b7lel a la narraci\u00f3 ens ajuda a gaudir de l&#8217;estrany i paradoxal plaer que sempre proporciona la lectura d&#8217;una de les millors novel\u00b7les de terror de tots els temps.<\/p>\n<p>&nbsp;<\/p>\n<h2>Vincles d&#8217;inter\u00e8s<\/h2>\n<ul>\n<li><a href=\"https:\/\/www.youtube.com\/watch?v=ml62m0uv_Rc&amp;feature=youtu.be\" target=\"_blank\" rel=\"noopener noreferrer\">P\u00e0gina 235, Activitat 9. Enlla\u00e7 de consulta <\/a><\/li>\n<li><a href=\"https:\/\/www.youtube.com\/watch?v=F0MhmnJoS04&amp;feature=youtu.be\" target=\"_blank\" rel=\"noopener noreferrer\">P\u00e0gina 236, Activitat 11. Enlla\u00e7 de consulta 1<\/a><\/li>\n<li><a href=\"http:\/\/www.youtube.com\/watch?v=B6LYnV2ptdA\" target=\"_blank\" rel=\"noopener noreferrer\">P\u00e0gina 236, Activitat 11. Enlla\u00e7 de consulta 2<\/a><\/li>\n<\/ul>\n","protected":false},"excerpt":{"rendered":"<p>Una novel\u00b7la tan popular com Dr\u00e1cula mereix una adaptaci\u00f3 que pugui arribar al p\u00fablic juvenil. La nostra converteix la novel\u00b7la en un relat \u00e0gil i am\u00e8, de ritme trepidant, que es mant\u00e9 absolutament fidel a l&#8217;esperit de l&#8217;obra original. Aix\u00ed mateix, la versi\u00f3 en c\u00f2mic que corre en paral\u00b7lel a la narraci\u00f3 ens ajuda a &hellip; <a href=\"https:\/\/web.editorialteide.com\/ca\/producte\/dracula-adaptacio-comics-catala\/\">Llegir m\u00e9s<\/a><\/p>\n","protected":false},"featured_media":108301,"template":"","meta":{"_links_to":"","_links_to_target":""},"product_brand":[],"product_cat":[195,202,205],"product_tag":[],"class_list":{"0":"post-84629","1":"product","2":"type-product","3":"status-publish","4":"has-post-thumbnail","6":"product_cat-catalunya-ca","7":"product_cat-comunidad-de-valencia-ca","8":"product_cat-illes-balears-ca","9":"pa_asignatura-llengua-catalana-i-literatura-ca","10":"pa_curso-1-eso-ca","11":"pa_format-llibre-text-ca","12":"pa_idioma-catalan-ca","14":"first","15":"instock","16":"taxable","17":"shipping-taxable","18":"purchasable","19":"product-type-simple"},"_links":{"self":[{"href":"https:\/\/web.editorialteide.com\/ca\/wp-json\/wp\/v2\/product\/84629","targetHints":{"allow":["GET"]}}],"collection":[{"href":"https:\/\/web.editorialteide.com\/ca\/wp-json\/wp\/v2\/product"}],"about":[{"href":"https:\/\/web.editorialteide.com\/ca\/wp-json\/wp\/v2\/types\/product"}],"wp:featuredmedia":[{"embeddable":true,"href":"https:\/\/web.editorialteide.com\/ca\/wp-json\/wp\/v2\/media\/108301"}],"wp:attachment":[{"href":"https:\/\/web.editorialteide.com\/ca\/wp-json\/wp\/v2\/media?parent=84629"}],"wp:term":[{"taxonomy":"product_brand","embeddable":true,"href":"https:\/\/web.editorialteide.com\/ca\/wp-json\/wp\/v2\/product_brand?post=84629"},{"taxonomy":"product_cat","embeddable":true,"href":"https:\/\/web.editorialteide.com\/ca\/wp-json\/wp\/v2\/product_cat?post=84629"},{"taxonomy":"product_tag","embeddable":true,"href":"https:\/\/web.editorialteide.com\/ca\/wp-json\/wp\/v2\/product_tag?post=84629"}],"curies":[{"name":"wp","href":"https:\/\/api.w.org\/{rel}","templated":true}]}}