{"id":84631,"date":"2017-05-10T13:59:04","date_gmt":"2017-05-10T12:59:04","guid":{"rendered":"http:\/\/web.editorialteide.com\/producto\/dracula-adaptacion-comics\/"},"modified":"2026-03-02T18:51:04","modified_gmt":"2026-03-02T17:51:04","slug":"dracula-adaptacion-comics","status":"publish","type":"product","link":"https:\/\/web.editorialteide.com\/ca\/producte\/dracula-adaptacion-comics\/","title":{"rendered":"Dr\u00e1cula (Colecci\u00f3n Dual)"},"content":{"rendered":"<p>Una novela tan popular como <i>Dr\u00e1cula<\/i> merece una adaptaci\u00f3n que pueda llegar al p\u00fablico juvenil. Nuestra adaptaci\u00f3n convierte la novela en un relato \u00e1gil y ameno, de ritmo trepidante, que guarda absoluta fidelidad al esp\u00edritu de la obra original. Asimismo, la versi\u00f3n en c\u00f3mic que discurre en paralelo a la narraci\u00f3n contribuye a que gocemos del extra\u00f1o y parad\u00f3jico placer que siempre proporciona la lectura de una de las mejores novelas de terror de todos los tiempos.<\/p>\n<h2>V\u00ednculos de inter\u00e9s<\/h2>\n<h3>Unidad 0<\/h3>\n<ul>\n<li><a href=\"https:\/\/www.youtube.com\/watch?v=q7s21K1XZCQ\" target=\"_blank\" rel=\"noopener noreferrer\">P\u00e1gina 248, Actividad 10, Enlace de consulta 1<\/a><\/li>\n<li><a href=\"https:\/\/www.youtube.com\/watch?v=0RQxtHGVgzg\" target=\"_blank\" rel=\"noopener noreferrer\">P\u00e1gina 248, Actividad 10, Enlace de consulta 2<\/a><\/li>\n<li><a href=\"https:\/\/www.youtube.com\/watch?v=eZE9DQwR8hE\" target=\"_blank\" rel=\"noopener noreferrer\">P\u00e1gina 248, Actividad 10, Enlace de consulta 3<\/a><\/li>\n<li><a href=\"https:\/\/www.youtube.com\/watch?v=F0MhmnJoS04&amp;feature=youtu.be\" target=\"_blank\" rel=\"noopener noreferrer\">P\u00e1gina 249, Actividad 12, enlace de consulta 1<\/a><\/li>\n<li><a href=\"http:\/\/www.youtube.com\/watch?v=B6LYnV2ptdA\" target=\"_blank\" rel=\"noopener noreferrer\">P\u00e1gina 249, Actividad 12, enlace de consulta 2<\/a><\/li>\n<\/ul>\n","protected":false},"excerpt":{"rendered":"<p>Una novela tan popular como Dr\u00e1cula merece una adaptaci\u00f3n que pueda llegar al p\u00fablico juvenil. Nuestra adaptaci\u00f3n convierte la novela en un relato \u00e1gil y ameno, de ritmo trepidante, que guarda absoluta fidelidad al esp\u00edritu de la obra original. Asimismo, la versi\u00f3n en c\u00f3mic que discurre en paralelo a la narraci\u00f3n contribuye a que gocemos &hellip; <a href=\"https:\/\/web.editorialteide.com\/ca\/producte\/dracula-adaptacion-comics\/\">Llegir m\u00e9s<\/a><\/p>\n","protected":false},"featured_media":126975,"template":"","meta":{"_links_to":"","_links_to_target":""},"product_brand":[],"product_cat":[189,190,191,192,193,194,195,196,198,202,197,203,204,205,206,207,208,209,210,211],"product_tag":[],"class_list":{"0":"post-84631","1":"product","2":"type-product","3":"status-publish","4":"has-post-thumbnail","6":"product_cat-andalucia-ca","7":"product_cat-aragon-ca","8":"product_cat-canarias-ca","9":"product_cat-cantabria-ca","10":"product_cat-castilla-la-mancha-ca","11":"product_cat-castilla-y-leon-ca","12":"product_cat-catalunya-ca","13":"product_cat-ceuta-ca","14":"product_cat-comunidad-de-madrid-ca","15":"product_cat-comunidad-de-valencia-ca","16":"product_cat-comunidad-foral-de-navarra-ca","17":"product_cat-extremadura-ca","18":"product_cat-galicia-ca","19":"product_cat-illes-balears-ca","20":"product_cat-la-rioja-ca","21":"product_cat-mec-ca","22":"product_cat-melilla-ca","23":"product_cat-pais-vasco-ca","24":"product_cat-principado-de-asturias-ca","25":"product_cat-region-de-murcia-ca","26":"pa_asignatura-llengua-castellana-i-literatura-ca","27":"pa_curso-3-eso-ca","28":"pa_format-llibre-text-ca","29":"pa_idioma-castellano-ca","31":"first","32":"instock","33":"taxable","34":"shipping-taxable","35":"purchasable","36":"product-type-simple"},"_links":{"self":[{"href":"https:\/\/web.editorialteide.com\/ca\/wp-json\/wp\/v2\/product\/84631","targetHints":{"allow":["GET"]}}],"collection":[{"href":"https:\/\/web.editorialteide.com\/ca\/wp-json\/wp\/v2\/product"}],"about":[{"href":"https:\/\/web.editorialteide.com\/ca\/wp-json\/wp\/v2\/types\/product"}],"wp:featuredmedia":[{"embeddable":true,"href":"https:\/\/web.editorialteide.com\/ca\/wp-json\/wp\/v2\/media\/126975"}],"wp:attachment":[{"href":"https:\/\/web.editorialteide.com\/ca\/wp-json\/wp\/v2\/media?parent=84631"}],"wp:term":[{"taxonomy":"product_brand","embeddable":true,"href":"https:\/\/web.editorialteide.com\/ca\/wp-json\/wp\/v2\/product_brand?post=84631"},{"taxonomy":"product_cat","embeddable":true,"href":"https:\/\/web.editorialteide.com\/ca\/wp-json\/wp\/v2\/product_cat?post=84631"},{"taxonomy":"product_tag","embeddable":true,"href":"https:\/\/web.editorialteide.com\/ca\/wp-json\/wp\/v2\/product_tag?post=84631"}],"curies":[{"name":"wp","href":"https:\/\/api.w.org\/{rel}","templated":true}]}}