{"id":84633,"date":"2017-05-10T13:59:02","date_gmt":"2017-05-10T12:59:02","guid":{"rendered":"http:\/\/web.editorialteide.com\/producto\/ullal-blanc-adaptacio-comics\/"},"modified":"2026-03-02T18:51:18","modified_gmt":"2026-03-02T17:51:18","slug":"ullal-blanc-adaptacio-comics","status":"publish","type":"product","link":"https:\/\/web.editorialteide.com\/ca\/producte\/ullal-blanc-adaptacio-comics\/","title":{"rendered":"Ullal blanc (Col\u00b7lecci\u00f3 Dual)"},"content":{"rendered":"<p>Amb un prop\u00f2sit eminentment divulgador, oferim aquesta nova versi\u00f3 adaptada d&#8217;<i>Ullal Blanc, <\/i> que va acompanyada d&#8217;una versi\u00f3 en format de c\u00f2mic feta en exclusica per a aquesta edici\u00f3 i que forma part de la Col\u00b7lecci\u00f3 Dual, l&#8217;objectiu de la qual \u00e9s explorar nous camins did\u00e0ctics per acostar els grans cl\u00e0ssics de la literatura als joves estudiants d&#8217;educaci\u00f3 secund\u00e0ria.<\/p>\n<h2>Vincles d&#8217;inter\u00e8s<\/h2>\n<h3>Unitat 0<\/h3>\n<ul>\n<li><a href=\"http:\/\/london.sonoma.edu\/\" target=\"_blank\" rel=\"noopener noreferrer\">P\u00e0gina 146, Activitat 3. Enlla\u00e7 de consulta 1<\/a><\/li>\n<li><a href=\"http:\/\/es.wikipedia.org\/wiki\/Jack_London\" target=\"_blank\" rel=\"noopener noreferrer\">P\u00e0gina 146, Activitat 3. Enlla\u00e7 de consulta 2<\/a><\/li>\n<li><a href=\"http:\/\/jacklondonfdn.org\/\" target=\"_blank\" rel=\"noopener noreferrer\">P\u00e0gina 146, Activitat 3. Enlla\u00e7 de consulta 3<\/a><\/li>\n<li><a href=\"http:\/\/www.youtube.com\/watch?v=S41IcPJqC08\" target=\"_blank\" rel=\"noopener noreferrer\">P\u00e0gina 146, Activitat 3. Enlla\u00e7 de consulta 4<\/a><\/li>\n<li><a href=\"http:\/\/www.rtve.es\/alacarta\/videos\/el-hombre-y-la-tierra\/hombre-tierra-fauna-iberica-hombre-lobo\/1497200\/\" target=\"_blank\" rel=\"noopener noreferrer\">P\u00e0gina 147, Activitat 7. Enlla\u00e7 de consulta 1<\/a><\/li>\n<li><a href=\"http:\/\/www.elcomercio.es\/v\/20111117\/oriente\/pastores-alertan-presencia-lobos-20111117.html\" target=\"_blank\" rel=\"noopener noreferrer\">P\u00e0gina 147, Activitat 7. Enlla\u00e7 de consulta 2<\/a><\/li>\n<li><a href=\"http:\/\/www.zoomnews.es\/42994\/actualidad\/espana\/ganaderos-piden-exterminio-del-lobo-iberico\" target=\"_blank\" rel=\"noopener noreferrer\">P\u00e0gina 147, Activitat 7. Enlla\u00e7 de consulta 3<\/a><\/li>\n<li><a href=\"http:\/\/www.youtube.com\/watch?v=j_IeFsfhOFg\" target=\"_blank\" rel=\"noopener noreferrer\">P\u00e0gina 148, Activitat 10. Enlla\u00e7 de consulta<\/a><\/li>\n<li><a href=\"http:\/\/www.youtube.com\/watch?v=r_l0IIrmUqI\" target=\"_blank\" rel=\"noopener noreferrer\">P\u00e0gina 148, Activitat 9. Enlla\u00e7 de consulta<\/a><\/li>\n<\/ul>\n","protected":false},"excerpt":{"rendered":"<p>Amb un prop\u00f2sit eminentment divulgador, oferim aquesta nova versi\u00f3 adaptada d&#8217;Ullal Blanc, que va acompanyada d&#8217;una versi\u00f3 en format de c\u00f2mic feta en exclusica per a aquesta edici\u00f3 i que forma part de la Col\u00b7lecci\u00f3 Dual, l&#8217;objectiu de la qual \u00e9s explorar nous camins did\u00e0ctics per acostar els grans cl\u00e0ssics de la literatura als joves &hellip; <a href=\"https:\/\/web.editorialteide.com\/ca\/producte\/ullal-blanc-adaptacio-comics\/\">Llegir m\u00e9s<\/a><\/p>\n","protected":false},"featured_media":108299,"template":"","meta":{"_links_to":"","_links_to_target":""},"product_brand":[],"product_cat":[195,202,205],"product_tag":[],"class_list":{"0":"post-84633","1":"product","2":"type-product","3":"status-publish","4":"has-post-thumbnail","6":"product_cat-catalunya-ca","7":"product_cat-comunidad-de-valencia-ca","8":"product_cat-illes-balears-ca","9":"pa_asignatura-llengua-catalana-i-literatura-ca","10":"pa_curso-1-eso-ca","11":"pa_format-llibre-text-ca","12":"pa_idioma-catalan-ca","14":"first","15":"instock","16":"taxable","17":"shipping-taxable","18":"purchasable","19":"product-type-simple"},"_links":{"self":[{"href":"https:\/\/web.editorialteide.com\/ca\/wp-json\/wp\/v2\/product\/84633","targetHints":{"allow":["GET"]}}],"collection":[{"href":"https:\/\/web.editorialteide.com\/ca\/wp-json\/wp\/v2\/product"}],"about":[{"href":"https:\/\/web.editorialteide.com\/ca\/wp-json\/wp\/v2\/types\/product"}],"wp:featuredmedia":[{"embeddable":true,"href":"https:\/\/web.editorialteide.com\/ca\/wp-json\/wp\/v2\/media\/108299"}],"wp:attachment":[{"href":"https:\/\/web.editorialteide.com\/ca\/wp-json\/wp\/v2\/media?parent=84633"}],"wp:term":[{"taxonomy":"product_brand","embeddable":true,"href":"https:\/\/web.editorialteide.com\/ca\/wp-json\/wp\/v2\/product_brand?post=84633"},{"taxonomy":"product_cat","embeddable":true,"href":"https:\/\/web.editorialteide.com\/ca\/wp-json\/wp\/v2\/product_cat?post=84633"},{"taxonomy":"product_tag","embeddable":true,"href":"https:\/\/web.editorialteide.com\/ca\/wp-json\/wp\/v2\/product_tag?post=84633"}],"curies":[{"name":"wp","href":"https:\/\/api.w.org\/{rel}","templated":true}]}}