{"id":84639,"date":"2017-05-10T13:58:57","date_gmt":"2017-05-10T12:58:57","guid":{"rendered":"http:\/\/web.editorialteide.com\/producto\/rimas-y-leyendas-b-a-c\/"},"modified":"2026-03-02T18:50:47","modified_gmt":"2026-03-02T17:50:47","slug":"rimas-y-leyendas-b-a-c","status":"publish","type":"product","link":"https:\/\/web.editorialteide.com\/ca\/producte\/rimas-y-leyendas-b-a-c\/","title":{"rendered":"Rimas y Leyendas (Biblioteca Autores Clasicos)"},"content":{"rendered":"<p>Gustavo Adolfo B\u00e9cquer es considerado el mejor poeta de su \u00e9poca, no solo por ser el que ha tenido mayor influencia en la l\u00edrica posterior, sino tambi\u00e9n el que siempre ha contado -y sigue contando- con infinidad de lectores de todo tipo. Presentamos en este volumen sus <em>Rimas<\/em> y una selecci\u00f3n de <em>Leyendas<\/em>: <em>La ajorca de oro<\/em>, <em>El monte de las \u00c1nimas<\/em>, <em>Los ojos verdes<\/em>, <em>Maese P\u00e9rez el organista<\/em>, <em>El rayo de luna<\/em>, <em>El miserere<\/em> y <em>El Cristo de la calavera<\/em>.<\/p>\n<p>Formato: 144&#215;194 | 213 p\u00e1ginas<\/p>\n<h2>Vinculos de inter\u00e9s<\/h2>\n<h3>Unidad 0<\/h3>\n<ul>\n<li><a href=\"http:\/\/poesi.as\/amach011.htm\" target=\"_blank\" rel=\"noopener noreferrer\">P\u00e1gina 193, Pregunta 224<\/a><\/li>\n<li><a href=\"http:\/\/www.cervantesvirtual.com\/obra-visor\/doloras--0\/html\/\" target=\"_blank\" rel=\"noopener noreferrer\">P\u00e1gina 194, Pregunta 232<\/a><\/li>\n<li><a href=\"http:\/\/www.lenguayliteratura.net\/index.php\" target=\"_blank\" rel=\"noopener noreferrer\">P\u00e1gina 198, Pregunta 276<\/a><\/li>\n<li><a href=\"http:\/\/www.materialesdelengua.org\/LITERATURA\/TEORIA_LITERARIA\/TOPICOS\/topicos.htm\" target=\"_blank\" rel=\"noopener noreferrer\">P\u00e1gina 198, Pregunta 276<\/a><\/li>\n<li><a href=\"http:\/\/es.wikipedia.org\/wiki\/Caballeros_templarios\" target=\"_blank\" rel=\"noopener noreferrer\">P\u00e1gina 206, Actividad de ampliaci\u00f3n<\/a><\/li>\n<li><a href=\"http:\/\/es.wikipedia.org\/wiki\/Las_%C3%93rdenes_Militares_en_Soria\" target=\"_blank\" rel=\"noopener noreferrer\">P\u00e1gina 206, Actividad de ampliaci\u00f3n<\/a><\/li>\n<li><a href=\"http:\/\/bib.cervantesvirtual.com\/bib_autor\/becquer\/pcuartonivel.jsp?conten=presentacion\" target=\"_blank\" rel=\"noopener noreferrer\">P\u00e1gina 213, Actividad final. Consulta 01<\/a><\/li>\n<li><a href=\"http:\/\/cvc.cervantes.es\/obref\/rimas\/introduccion\/creacion.htm\" target=\"_blank\" rel=\"noopener noreferrer\">P\u00e1gina 213, Actividad final. Consulta 02<\/a><\/li>\n<li><a href=\"http:\/\/www.becquerdesconocido.es\/\" target=\"_blank\" rel=\"noopener noreferrer\">P\u00e1gina 213, Actividad final. Consulta 03<\/a><\/li>\n<\/ul>\n","protected":false},"excerpt":{"rendered":"<p>Gustavo Adolfo B\u00e9cquer es considerado el mejor poeta de su \u00e9poca, no solo por ser el que ha tenido mayor influencia en la l\u00edrica posterior, sino tambi\u00e9n el que siempre ha contado -y sigue contando- con infinidad de lectores de todo tipo. Presentamos en este volumen sus Rimas y una selecci\u00f3n de Leyendas: La ajorca &hellip; <a href=\"https:\/\/web.editorialteide.com\/ca\/producte\/rimas-y-leyendas-b-a-c\/\">Llegir m\u00e9s<\/a><\/p>\n","protected":false},"featured_media":127095,"template":"","meta":{"_links_to":"","_links_to_target":""},"product_brand":[],"product_cat":[189,190,191,192,193,194,195,196,198,202,197,203,204,205,206,207,208,209,210,211],"product_tag":[],"class_list":{"0":"post-84639","1":"product","2":"type-product","3":"status-publish","4":"has-post-thumbnail","6":"product_cat-andalucia-ca","7":"product_cat-aragon-ca","8":"product_cat-canarias-ca","9":"product_cat-cantabria-ca","10":"product_cat-castilla-la-mancha-ca","11":"product_cat-castilla-y-leon-ca","12":"product_cat-catalunya-ca","13":"product_cat-ceuta-ca","14":"product_cat-comunidad-de-madrid-ca","15":"product_cat-comunidad-de-valencia-ca","16":"product_cat-comunidad-foral-de-navarra-ca","17":"product_cat-extremadura-ca","18":"product_cat-galicia-ca","19":"product_cat-illes-balears-ca","20":"product_cat-la-rioja-ca","21":"product_cat-mec-ca","22":"product_cat-melilla-ca","23":"product_cat-pais-vasco-ca","24":"product_cat-principado-de-asturias-ca","25":"product_cat-region-de-murcia-ca","26":"pa_asignatura-llengua-castellana-i-literatura-ca","27":"pa_curso-1-bac-ca","28":"pa_format-llibre-text-ca","29":"pa_idioma-castellano-ca","31":"first","32":"instock","33":"taxable","34":"shipping-taxable","35":"purchasable","36":"product-type-simple"},"_links":{"self":[{"href":"https:\/\/web.editorialteide.com\/ca\/wp-json\/wp\/v2\/product\/84639","targetHints":{"allow":["GET"]}}],"collection":[{"href":"https:\/\/web.editorialteide.com\/ca\/wp-json\/wp\/v2\/product"}],"about":[{"href":"https:\/\/web.editorialteide.com\/ca\/wp-json\/wp\/v2\/types\/product"}],"wp:featuredmedia":[{"embeddable":true,"href":"https:\/\/web.editorialteide.com\/ca\/wp-json\/wp\/v2\/media\/127095"}],"wp:attachment":[{"href":"https:\/\/web.editorialteide.com\/ca\/wp-json\/wp\/v2\/media?parent=84639"}],"wp:term":[{"taxonomy":"product_brand","embeddable":true,"href":"https:\/\/web.editorialteide.com\/ca\/wp-json\/wp\/v2\/product_brand?post=84639"},{"taxonomy":"product_cat","embeddable":true,"href":"https:\/\/web.editorialteide.com\/ca\/wp-json\/wp\/v2\/product_cat?post=84639"},{"taxonomy":"product_tag","embeddable":true,"href":"https:\/\/web.editorialteide.com\/ca\/wp-json\/wp\/v2\/product_tag?post=84639"}],"curies":[{"name":"wp","href":"https:\/\/api.w.org\/{rel}","templated":true}]}}