{"id":84641,"date":"2017-05-10T13:58:55","date_gmt":"2017-05-10T12:58:55","guid":{"rendered":"http:\/\/web.editorialteide.com\/producto\/el-burlador-de-sevilla-b-a-c\/"},"modified":"2026-03-02T18:50:47","modified_gmt":"2026-03-02T17:50:47","slug":"el-burlador-de-sevilla-b-a-c","status":"publish","type":"product","link":"https:\/\/web.editorialteide.com\/ca\/producte\/el-burlador-de-sevilla-b-a-c\/","title":{"rendered":"El burlador de Sevilla (Biblioteca Autores Clasicos)"},"content":{"rendered":"<p>Presentamos una edici\u00f3n de <i>El burlador de Sevilla y convidado de piedra<\/i> de Tirso de Molina, un gran cl\u00e1sico del teatro del siglo de oro espa\u00f1ol, en que aparece el mito de don Juan. Tal\u00a0 como apunta la profesora Lola Esteve de Llobet, la autora de esta edici\u00f3n, \u00abuno de los grandes aciertos del teatro de Tirso es la creaci\u00f3n de caracteres y de perfiles psicol\u00f3gicos en la configuraci\u00f3n de los personajes, consiguiendo una variada galer\u00eda de caracteres individuales\u00bb.<\/p>\n<p>Formato: 144&#215;194 | 208 p\u00e1ginas<\/p>\n","protected":false},"excerpt":{"rendered":"<p>Presentamos una edici\u00f3n de El burlador de Sevilla y convidado de piedra de Tirso de Molina, un gran cl\u00e1sico del teatro del siglo de oro espa\u00f1ol, en que aparece el mito de don Juan. Tal\u00a0 como apunta la profesora Lola Esteve de Llobet, la autora de esta edici\u00f3n, \u00abuno de los grandes aciertos del teatro &hellip; <a href=\"https:\/\/web.editorialteide.com\/ca\/producte\/el-burlador-de-sevilla-b-a-c\/\">Llegir m\u00e9s<\/a><\/p>\n","protected":false},"featured_media":127074,"template":"","meta":{"_links_to":"","_links_to_target":""},"product_brand":[],"product_cat":[189,190,191,192,193,194,195,196,198,202,197,203,204,205,206,207,208,209,210,211],"product_tag":[],"class_list":{"0":"post-84641","1":"product","2":"type-product","3":"status-publish","4":"has-post-thumbnail","6":"product_cat-andalucia-ca","7":"product_cat-aragon-ca","8":"product_cat-canarias-ca","9":"product_cat-cantabria-ca","10":"product_cat-castilla-la-mancha-ca","11":"product_cat-castilla-y-leon-ca","12":"product_cat-catalunya-ca","13":"product_cat-ceuta-ca","14":"product_cat-comunidad-de-madrid-ca","15":"product_cat-comunidad-de-valencia-ca","16":"product_cat-comunidad-foral-de-navarra-ca","17":"product_cat-extremadura-ca","18":"product_cat-galicia-ca","19":"product_cat-illes-balears-ca","20":"product_cat-la-rioja-ca","21":"product_cat-mec-ca","22":"product_cat-melilla-ca","23":"product_cat-pais-vasco-ca","24":"product_cat-principado-de-asturias-ca","25":"product_cat-region-de-murcia-ca","26":"pa_asignatura-llengua-castellana-i-literatura-ca","27":"pa_curso-1-bac-ca","28":"pa_curso-1-batx-ca","29":"pa_format-llibre-text-ca","30":"pa_idioma-castellano-ca","32":"first","33":"instock","34":"taxable","35":"shipping-taxable","36":"purchasable","37":"product-type-simple"},"_links":{"self":[{"href":"https:\/\/web.editorialteide.com\/ca\/wp-json\/wp\/v2\/product\/84641","targetHints":{"allow":["GET"]}}],"collection":[{"href":"https:\/\/web.editorialteide.com\/ca\/wp-json\/wp\/v2\/product"}],"about":[{"href":"https:\/\/web.editorialteide.com\/ca\/wp-json\/wp\/v2\/types\/product"}],"wp:featuredmedia":[{"embeddable":true,"href":"https:\/\/web.editorialteide.com\/ca\/wp-json\/wp\/v2\/media\/127074"}],"wp:attachment":[{"href":"https:\/\/web.editorialteide.com\/ca\/wp-json\/wp\/v2\/media?parent=84641"}],"wp:term":[{"taxonomy":"product_brand","embeddable":true,"href":"https:\/\/web.editorialteide.com\/ca\/wp-json\/wp\/v2\/product_brand?post=84641"},{"taxonomy":"product_cat","embeddable":true,"href":"https:\/\/web.editorialteide.com\/ca\/wp-json\/wp\/v2\/product_cat?post=84641"},{"taxonomy":"product_tag","embeddable":true,"href":"https:\/\/web.editorialteide.com\/ca\/wp-json\/wp\/v2\/product_tag?post=84641"}],"curies":[{"name":"wp","href":"https:\/\/api.w.org\/{rel}","templated":true}]}}