{"id":84645,"date":"2017-05-10T13:58:52","date_gmt":"2017-05-10T12:58:52","guid":{"rendered":"http:\/\/web.editorialteide.com\/producto\/lescanyapobres-batxillerat\/"},"modified":"2026-03-02T18:50:29","modified_gmt":"2026-03-02T17:50:29","slug":"lescanyapobres-batxillerat","status":"publish","type":"product","link":"https:\/\/web.editorialteide.com\/ca\/producte\/lescanyapobres-batxillerat\/","title":{"rendered":"L&#8217;Escanyapobres (Pas de Lletres)"},"content":{"rendered":"<p>El tema universal de l\u2019avar\u00edcia, retratat aquest cop pel mestre Oller. Tot all\u00f2 que no t\u00e9 relaci\u00f3 amb la riquesa i els diners escapa a l\u2019inter\u00e8s dels tres protagonistes, la gasiveria dels quals els acabar\u00e0 conduint a una soledat i un a\u00efllament extrems.<\/p>\n<p>Format: 144&#215;194 | 96 p\u00e0gines<\/p>\n","protected":false},"excerpt":{"rendered":"<p>El tema universal de l\u2019avar\u00edcia, retratat aquest cop pel mestre Oller. Tot all\u00f2 que no t\u00e9 relaci\u00f3 amb la riquesa i els diners escapa a l\u2019inter\u00e8s dels tres protagonistes, la gasiveria dels quals els acabar\u00e0 conduint a una soledat i un a\u00efllament extrems. Format: 144&#215;194 | 96 p\u00e0gines<\/p>\n","protected":false},"featured_media":108281,"template":"","meta":{"_links_to":"","_links_to_target":""},"product_brand":[],"product_cat":[195,202,205],"product_tag":[],"class_list":{"0":"post-84645","1":"product","2":"type-product","3":"status-publish","4":"has-post-thumbnail","6":"product_cat-catalunya-ca","7":"product_cat-comunidad-de-valencia-ca","8":"product_cat-illes-balears-ca","9":"pa_asignatura-llengua-catalana-i-literatura-ca","10":"pa_curso-1-bat-ca","11":"pa_format-llibre-text-ca","12":"pa_idioma-catalan-ca","14":"first","15":"instock","16":"taxable","17":"shipping-taxable","18":"purchasable","19":"product-type-simple"},"_links":{"self":[{"href":"https:\/\/web.editorialteide.com\/ca\/wp-json\/wp\/v2\/product\/84645","targetHints":{"allow":["GET"]}}],"collection":[{"href":"https:\/\/web.editorialteide.com\/ca\/wp-json\/wp\/v2\/product"}],"about":[{"href":"https:\/\/web.editorialteide.com\/ca\/wp-json\/wp\/v2\/types\/product"}],"wp:featuredmedia":[{"embeddable":true,"href":"https:\/\/web.editorialteide.com\/ca\/wp-json\/wp\/v2\/media\/108281"}],"wp:attachment":[{"href":"https:\/\/web.editorialteide.com\/ca\/wp-json\/wp\/v2\/media?parent=84645"}],"wp:term":[{"taxonomy":"product_brand","embeddable":true,"href":"https:\/\/web.editorialteide.com\/ca\/wp-json\/wp\/v2\/product_brand?post=84645"},{"taxonomy":"product_cat","embeddable":true,"href":"https:\/\/web.editorialteide.com\/ca\/wp-json\/wp\/v2\/product_cat?post=84645"},{"taxonomy":"product_tag","embeddable":true,"href":"https:\/\/web.editorialteide.com\/ca\/wp-json\/wp\/v2\/product_tag?post=84645"}],"curies":[{"name":"wp","href":"https:\/\/api.w.org\/{rel}","templated":true}]}}