{"id":84647,"date":"2017-05-10T13:58:51","date_gmt":"2017-05-10T12:58:51","guid":{"rendered":"http:\/\/web.editorialteide.com\/producto\/terra-baixa-batxillerat\/"},"modified":"2026-03-02T18:50:15","modified_gmt":"2026-03-02T17:50:15","slug":"terra-baixa-batxillerat","status":"publish","type":"product","link":"https:\/\/web.editorialteide.com\/ca\/producte\/terra-baixa-batxillerat\/","title":{"rendered":"Terra Baixa (Pas de Lletres)"},"content":{"rendered":"<p>Anar al teatre \u00e9s una experi\u00e8ncia enriquidora. Veure teatre \u00e9s una viv\u00e8ncia estimulant. Llegir teatre \u00e9s important i gratificant. L\u2019edici\u00f3 d\u2019aquesta obra ha nascut amb la vocaci\u00f3 de convertir l\u2019original d\u2019\u00c0ngel Guimer\u00e0 en una proposta de lectura intensa d\u2019un drama d\u2019abast universal. Aquesta edici\u00f3, adre\u00e7ada als estudiants de Batxillerat, ofereix una presentaci\u00f3 de l\u2019obra, un acurat apartat de notes i unes propostes de treball que persegueixen la rendibilitat de la lectura.<\/p>\n<p>Format: 144&#215;194 | 112 p\u00e0gines<\/p>\n","protected":false},"excerpt":{"rendered":"<p>Anar al teatre \u00e9s una experi\u00e8ncia enriquidora. Veure teatre \u00e9s una viv\u00e8ncia estimulant. Llegir teatre \u00e9s important i gratificant. L\u2019edici\u00f3 d\u2019aquesta obra ha nascut amb la vocaci\u00f3 de convertir l\u2019original d\u2019\u00c0ngel Guimer\u00e0 en una proposta de lectura intensa d\u2019un drama d\u2019abast universal. Aquesta edici\u00f3, adre\u00e7ada als estudiants de Batxillerat, ofereix una presentaci\u00f3 de l\u2019obra, un &hellip; <a href=\"https:\/\/web.editorialteide.com\/ca\/producte\/terra-baixa-batxillerat\/\">Llegir m\u00e9s<\/a><\/p>\n","protected":false},"featured_media":108279,"template":"","meta":{"_links_to":"","_links_to_target":""},"product_brand":[],"product_cat":[195,202,205],"product_tag":[],"class_list":{"0":"post-84647","1":"product","2":"type-product","3":"status-publish","4":"has-post-thumbnail","6":"product_cat-catalunya-ca","7":"product_cat-comunidad-de-valencia-ca","8":"product_cat-illes-balears-ca","9":"pa_asignatura-llengua-catalana-i-literatura-ca","10":"pa_curso-1-bat-ca","11":"pa_format-llibre-text-ca","12":"pa_idioma-catalan-ca","14":"first","15":"instock","16":"taxable","17":"shipping-taxable","18":"purchasable","19":"product-type-simple"},"_links":{"self":[{"href":"https:\/\/web.editorialteide.com\/ca\/wp-json\/wp\/v2\/product\/84647","targetHints":{"allow":["GET"]}}],"collection":[{"href":"https:\/\/web.editorialteide.com\/ca\/wp-json\/wp\/v2\/product"}],"about":[{"href":"https:\/\/web.editorialteide.com\/ca\/wp-json\/wp\/v2\/types\/product"}],"wp:featuredmedia":[{"embeddable":true,"href":"https:\/\/web.editorialteide.com\/ca\/wp-json\/wp\/v2\/media\/108279"}],"wp:attachment":[{"href":"https:\/\/web.editorialteide.com\/ca\/wp-json\/wp\/v2\/media?parent=84647"}],"wp:term":[{"taxonomy":"product_brand","embeddable":true,"href":"https:\/\/web.editorialteide.com\/ca\/wp-json\/wp\/v2\/product_brand?post=84647"},{"taxonomy":"product_cat","embeddable":true,"href":"https:\/\/web.editorialteide.com\/ca\/wp-json\/wp\/v2\/product_cat?post=84647"},{"taxonomy":"product_tag","embeddable":true,"href":"https:\/\/web.editorialteide.com\/ca\/wp-json\/wp\/v2\/product_tag?post=84647"}],"curies":[{"name":"wp","href":"https:\/\/api.w.org\/{rel}","templated":true}]}}