{"id":84651,"date":"2017-05-10T13:58:49","date_gmt":"2017-05-10T12:58:49","guid":{"rendered":"http:\/\/web.editorialteide.com\/producto\/la-bogeria-batxillerat\/"},"modified":"2026-03-02T18:50:15","modified_gmt":"2026-03-02T17:50:15","slug":"la-bogeria-batxillerat","status":"publish","type":"product","link":"https:\/\/web.editorialteide.com\/ca\/producte\/la-bogeria-batxillerat\/","title":{"rendered":"La bogeria (Pas de Lletres)"},"content":{"rendered":"<p>Un narrador, pocs personatges, un estudi psicol\u00f2gic, el transcurs d\u2019alguns anys, el contrast d\u2019opinions&#8230; s\u00f3n alguns dels ingredients d\u2019aquesta novel\u00b7la, una de les darreres produccions del novel\u00b7lista Oller en qu\u00e8 aposta per aplicar-hi la t\u00e8cnica naturalista.<\/p>\n<p>Format: 144&#215;194 | 128 p\u00e0gines<\/p>\n","protected":false},"excerpt":{"rendered":"<p>Un narrador, pocs personatges, un estudi psicol\u00f2gic, el transcurs d\u2019alguns anys, el contrast d\u2019opinions&#8230; s\u00f3n alguns dels ingredients d\u2019aquesta novel\u00b7la, una de les darreres produccions del novel\u00b7lista Oller en qu\u00e8 aposta per aplicar-hi la t\u00e8cnica naturalista. Format: 144&#215;194 | 128 p\u00e0gines<\/p>\n","protected":false},"featured_media":108275,"template":"","meta":{"_links_to":"","_links_to_target":""},"product_brand":[],"product_cat":[195,202,205],"product_tag":[],"class_list":{"0":"post-84651","1":"product","2":"type-product","3":"status-publish","4":"has-post-thumbnail","6":"product_cat-catalunya-ca","7":"product_cat-comunidad-de-valencia-ca","8":"product_cat-illes-balears-ca","9":"pa_asignatura-llengua-catalana-i-literatura-ca","10":"pa_curso-1-bac-ca","11":"pa_format-llibre-text-ca","12":"pa_idioma-catalan-ca","14":"first","15":"instock","16":"taxable","17":"shipping-taxable","18":"purchasable","19":"product-type-simple"},"_links":{"self":[{"href":"https:\/\/web.editorialteide.com\/ca\/wp-json\/wp\/v2\/product\/84651","targetHints":{"allow":["GET"]}}],"collection":[{"href":"https:\/\/web.editorialteide.com\/ca\/wp-json\/wp\/v2\/product"}],"about":[{"href":"https:\/\/web.editorialteide.com\/ca\/wp-json\/wp\/v2\/types\/product"}],"wp:featuredmedia":[{"embeddable":true,"href":"https:\/\/web.editorialteide.com\/ca\/wp-json\/wp\/v2\/media\/108275"}],"wp:attachment":[{"href":"https:\/\/web.editorialteide.com\/ca\/wp-json\/wp\/v2\/media?parent=84651"}],"wp:term":[{"taxonomy":"product_brand","embeddable":true,"href":"https:\/\/web.editorialteide.com\/ca\/wp-json\/wp\/v2\/product_brand?post=84651"},{"taxonomy":"product_cat","embeddable":true,"href":"https:\/\/web.editorialteide.com\/ca\/wp-json\/wp\/v2\/product_cat?post=84651"},{"taxonomy":"product_tag","embeddable":true,"href":"https:\/\/web.editorialteide.com\/ca\/wp-json\/wp\/v2\/product_tag?post=84651"}],"curies":[{"name":"wp","href":"https:\/\/api.w.org\/{rel}","templated":true}]}}