{"id":84655,"date":"2017-05-10T13:58:47","date_gmt":"2017-05-10T12:58:47","guid":{"rendered":"http:\/\/web.editorialteide.com\/producto\/el-llibre-de-les-besties-batx\/"},"modified":"2026-03-02T18:50:29","modified_gmt":"2026-03-02T17:50:29","slug":"el-llibre-de-les-besties-batx","status":"publish","type":"product","link":"https:\/\/web.editorialteide.com\/ca\/producte\/el-llibre-de-les-besties-batx\/","title":{"rendered":"Llibre de les b\u00e8sties (Pas de Lletres)"},"content":{"rendered":"<p>La societat humana reflectida al m\u00f3n imaginari de les b\u00e8sties. Una narraci\u00f3 farcida de simbolisme i met\u00e0fora on les faules, els <i>exemplis<\/i>, ens condueixen a lli\u00e7ons vitals en una hist\u00f2ria revestida de gran moralitat.<\/p>\n<p>Format: 194&#215;144 | 188 p\u00e0gines<\/p>\n","protected":false},"excerpt":{"rendered":"<p>La societat humana reflectida al m\u00f3n imaginari de les b\u00e8sties. Una narraci\u00f3 farcida de simbolisme i met\u00e0fora on les faules, els exemplis, ens condueixen a lli\u00e7ons vitals en una hist\u00f2ria revestida de gran moralitat. Format: 194&#215;144 | 188 p\u00e0gines<\/p>\n","protected":false},"featured_media":108271,"template":"","meta":{"_links_to":"","_links_to_target":""},"product_brand":[],"product_cat":[195,202,205],"product_tag":[],"class_list":{"0":"post-84655","1":"product","2":"type-product","3":"status-publish","4":"has-post-thumbnail","6":"product_cat-catalunya-ca","7":"product_cat-comunidad-de-valencia-ca","8":"product_cat-illes-balears-ca","9":"pa_asignatura-llengua-catalana-i-literatura-ca","10":"pa_curso-1-bac-ca","11":"pa_format-llibre-text-ca","12":"pa_idioma-catalan-ca","14":"first","15":"instock","16":"taxable","17":"shipping-taxable","18":"purchasable","19":"product-type-simple"},"_links":{"self":[{"href":"https:\/\/web.editorialteide.com\/ca\/wp-json\/wp\/v2\/product\/84655","targetHints":{"allow":["GET"]}}],"collection":[{"href":"https:\/\/web.editorialteide.com\/ca\/wp-json\/wp\/v2\/product"}],"about":[{"href":"https:\/\/web.editorialteide.com\/ca\/wp-json\/wp\/v2\/types\/product"}],"wp:featuredmedia":[{"embeddable":true,"href":"https:\/\/web.editorialteide.com\/ca\/wp-json\/wp\/v2\/media\/108271"}],"wp:attachment":[{"href":"https:\/\/web.editorialteide.com\/ca\/wp-json\/wp\/v2\/media?parent=84655"}],"wp:term":[{"taxonomy":"product_brand","embeddable":true,"href":"https:\/\/web.editorialteide.com\/ca\/wp-json\/wp\/v2\/product_brand?post=84655"},{"taxonomy":"product_cat","embeddable":true,"href":"https:\/\/web.editorialteide.com\/ca\/wp-json\/wp\/v2\/product_cat?post=84655"},{"taxonomy":"product_tag","embeddable":true,"href":"https:\/\/web.editorialteide.com\/ca\/wp-json\/wp\/v2\/product_tag?post=84655"}],"curies":[{"name":"wp","href":"https:\/\/api.w.org\/{rel}","templated":true}]}}