{"id":84681,"date":"2017-05-10T13:58:26","date_gmt":"2017-05-10T12:58:26","guid":{"rendered":"http:\/\/web.editorialteide.com\/producto\/los-domadores-de-dragones\/"},"modified":"2026-03-02T18:50:41","modified_gmt":"2026-03-02T17:50:41","slug":"los-domadores-de-dragones","status":"publish","type":"product","link":"https:\/\/web.editorialteide.com\/ca\/producte\/los-domadores-de-dragones\/","title":{"rendered":"Los domadores de dragones (\u00a1Ya leemos!)"},"content":{"rendered":"<p>Hab\u00eda una vez un herrero muy pobre que tuvo que ir a vivir con su esposa y su beb\u00e9 a un castillo en ruinas. Lo que no sospechaba ninguno de ellos era que en las mazmorras de ese mismo castillo&#8230; \u00a1viv\u00eda un drag\u00f3n! El d\u00eda que descubrieron al animal se asustaron mucho, pero luego se las ingeniaron para vivir de forma pac\u00edfica con \u00e9l, \u00a1aunque al principio no fue nada f\u00e1cil!<\/p>\n","protected":false},"excerpt":{"rendered":"<p>Hab\u00eda una vez un herrero muy pobre que tuvo que ir a vivir con su esposa y su beb\u00e9 a un castillo en ruinas. Lo que no sospechaba ninguno de ellos era que en las mazmorras de ese mismo castillo&#8230; \u00a1viv\u00eda un drag\u00f3n! El d\u00eda que descubrieron al animal se asustaron mucho, pero luego se &hellip; <a href=\"https:\/\/web.editorialteide.com\/ca\/producte\/los-domadores-de-dragones\/\">Llegir m\u00e9s<\/a><\/p>\n","protected":false},"featured_media":108243,"template":"","meta":{"_links_to":"","_links_to_target":""},"product_brand":[],"product_cat":[189,190,191,192,193,194,195,196,198,202,197,203,204,205,206,207,208,209,210,211],"product_tag":[],"class_list":{"0":"post-84681","1":"product","2":"type-product","3":"status-publish","4":"has-post-thumbnail","6":"product_cat-andalucia-ca","7":"product_cat-aragon-ca","8":"product_cat-canarias-ca","9":"product_cat-cantabria-ca","10":"product_cat-castilla-la-mancha-ca","11":"product_cat-castilla-y-leon-ca","12":"product_cat-catalunya-ca","13":"product_cat-ceuta-ca","14":"product_cat-comunidad-de-madrid-ca","15":"product_cat-comunidad-de-valencia-ca","16":"product_cat-comunidad-foral-de-navarra-ca","17":"product_cat-extremadura-ca","18":"product_cat-galicia-ca","19":"product_cat-illes-balears-ca","20":"product_cat-la-rioja-ca","21":"product_cat-mec-ca","22":"product_cat-melilla-ca","23":"product_cat-pais-vasco-ca","24":"product_cat-principado-de-asturias-ca","25":"product_cat-region-de-murcia-ca","26":"pa_asignatura-lengua-castellana-ca","27":"pa_curso-3-epo-ca","28":"pa_format-llibre-text-ca","29":"pa_idioma-castellano-ca","31":"first","32":"instock","33":"taxable","34":"shipping-taxable","35":"purchasable","36":"product-type-simple"},"_links":{"self":[{"href":"https:\/\/web.editorialteide.com\/ca\/wp-json\/wp\/v2\/product\/84681","targetHints":{"allow":["GET"]}}],"collection":[{"href":"https:\/\/web.editorialteide.com\/ca\/wp-json\/wp\/v2\/product"}],"about":[{"href":"https:\/\/web.editorialteide.com\/ca\/wp-json\/wp\/v2\/types\/product"}],"wp:featuredmedia":[{"embeddable":true,"href":"https:\/\/web.editorialteide.com\/ca\/wp-json\/wp\/v2\/media\/108243"}],"wp:attachment":[{"href":"https:\/\/web.editorialteide.com\/ca\/wp-json\/wp\/v2\/media?parent=84681"}],"wp:term":[{"taxonomy":"product_brand","embeddable":true,"href":"https:\/\/web.editorialteide.com\/ca\/wp-json\/wp\/v2\/product_brand?post=84681"},{"taxonomy":"product_cat","embeddable":true,"href":"https:\/\/web.editorialteide.com\/ca\/wp-json\/wp\/v2\/product_cat?post=84681"},{"taxonomy":"product_tag","embeddable":true,"href":"https:\/\/web.editorialteide.com\/ca\/wp-json\/wp\/v2\/product_tag?post=84681"}],"curies":[{"name":"wp","href":"https:\/\/api.w.org\/{rel}","templated":true}]}}