{"id":84801,"date":"2017-05-10T13:56:39","date_gmt":"2017-05-10T12:56:39","guid":{"rendered":"http:\/\/web.editorialteide.com\/producto\/dracula-b-b\/"},"modified":"2026-03-02T18:45:13","modified_gmt":"2026-03-02T17:45:13","slug":"dracula-b-b","status":"publish","type":"product","link":"https:\/\/web.editorialteide.com\/ca\/producte\/dracula-b-b\/","title":{"rendered":"Dr\u00e1cula (Biblioteca B\u00e1sica)"},"content":{"rendered":"<p>Jonathan Harker, un joven ingl\u00e9s, debe viajar al castillo del conde Dr\u00e1cula, en Transilvania, por asuntos de trabajo. Una vez all\u00ed, descubre que \u00e9l mismo se ha convertido en un prisionero. En estas circunstancias, no puede impedir que el conde se desplace a Londres para buscar v\u00edctimas a las que chupar la sangre.<\/p>\n<p>P\u00e1ginas: 120. Formato: 23 x 28 cm<\/p>\n","protected":false},"excerpt":{"rendered":"<p>Jonathan Harker, un joven ingl\u00e9s, debe viajar al castillo del conde Dr\u00e1cula, en Transilvania, por asuntos de trabajo. Una vez all\u00ed, descubre que \u00e9l mismo se ha convertido en un prisionero. En estas circunstancias, no puede impedir que el conde se desplace a Londres para buscar v\u00edctimas a las que chupar la sangre. P\u00e1ginas: 120. &hellip; <a href=\"https:\/\/web.editorialteide.com\/ca\/producte\/dracula-b-b\/\">Llegir m\u00e9s<\/a><\/p>\n","protected":false},"featured_media":157788,"template":"","meta":{"_links_to":"","_links_to_target":""},"product_brand":[],"product_cat":[189,190,191,192,193,194,195,196,198,202,197,203,204,205,206,207,208,209,210,211],"product_tag":[],"class_list":{"0":"post-84801","1":"product","2":"type-product","3":"status-publish","4":"has-post-thumbnail","6":"product_cat-andalucia-ca","7":"product_cat-aragon-ca","8":"product_cat-canarias-ca","9":"product_cat-cantabria-ca","10":"product_cat-castilla-la-mancha-ca","11":"product_cat-castilla-y-leon-ca","12":"product_cat-catalunya-ca","13":"product_cat-ceuta-ca","14":"product_cat-comunidad-de-madrid-ca","15":"product_cat-comunidad-de-valencia-ca","16":"product_cat-comunidad-foral-de-navarra-ca","17":"product_cat-extremadura-ca","18":"product_cat-galicia-ca","19":"product_cat-illes-balears-ca","20":"product_cat-la-rioja-ca","21":"product_cat-mec-ca","22":"product_cat-melilla-ca","23":"product_cat-pais-vasco-ca","24":"product_cat-principado-de-asturias-ca","25":"product_cat-region-de-murcia-ca","26":"pa_asignatura-lengua-castellana-ca","27":"pa_curso-6-epo-ca","28":"pa_format-llibre-text-ca","30":"first","31":"instock","32":"taxable","33":"shipping-taxable","34":"purchasable","35":"product-type-simple"},"_links":{"self":[{"href":"https:\/\/web.editorialteide.com\/ca\/wp-json\/wp\/v2\/product\/84801","targetHints":{"allow":["GET"]}}],"collection":[{"href":"https:\/\/web.editorialteide.com\/ca\/wp-json\/wp\/v2\/product"}],"about":[{"href":"https:\/\/web.editorialteide.com\/ca\/wp-json\/wp\/v2\/types\/product"}],"wp:featuredmedia":[{"embeddable":true,"href":"https:\/\/web.editorialteide.com\/ca\/wp-json\/wp\/v2\/media\/157788"}],"wp:attachment":[{"href":"https:\/\/web.editorialteide.com\/ca\/wp-json\/wp\/v2\/media?parent=84801"}],"wp:term":[{"taxonomy":"product_brand","embeddable":true,"href":"https:\/\/web.editorialteide.com\/ca\/wp-json\/wp\/v2\/product_brand?post=84801"},{"taxonomy":"product_cat","embeddable":true,"href":"https:\/\/web.editorialteide.com\/ca\/wp-json\/wp\/v2\/product_cat?post=84801"},{"taxonomy":"product_tag","embeddable":true,"href":"https:\/\/web.editorialteide.com\/ca\/wp-json\/wp\/v2\/product_tag?post=84801"}],"curies":[{"name":"wp","href":"https:\/\/api.w.org\/{rel}","templated":true}]}}