{"id":84845,"date":"2017-05-10T13:56:02","date_gmt":"2017-05-10T12:56:02","guid":{"rendered":"http:\/\/web.editorialteide.com\/producto\/el-vestit-nou-de-lemperador\/"},"modified":"2026-03-02T18:50:40","modified_gmt":"2026-03-02T17:50:40","slug":"el-vestit-nou-de-lemperador","status":"publish","type":"product","link":"https:\/\/web.editorialteide.com\/ca\/producte\/el-vestit-nou-de-lemperador\/","title":{"rendered":"El vestit nou de l&#8217;emperador (Ja Llegim!)"},"content":{"rendered":"<p>L&#8217;emperador \u00e9s un home molt presumit que es passa el dia mirant-se al mirall. Un dia arriben a palau dos forasters que fan veure que s\u00f3n experts teixidors i li prometen que s\u00f3n capa\u00e7os de teixir un vestit amb una tela que es torna invisible quan la contemplen els babaus. L&#8217;ingenu emperador paga molt d&#8217;or pel seu vestit nou i, quan l&#8217;estrena desfilant davant de tota la ciutat, tothom l&#8217;afalaga&#8230; Tothom? O alg\u00fa descobreix l&#8217;engany dels teixidors?<\/p>\n","protected":false},"excerpt":{"rendered":"<p>L&#8217;emperador \u00e9s un home molt presumit que es passa el dia mirant-se al mirall. Un dia arriben a palau dos forasters que fan veure que s\u00f3n experts teixidors i li prometen que s\u00f3n capa\u00e7os de teixir un vestit amb una tela que es torna invisible quan la contemplen els babaus. L&#8217;ingenu emperador paga molt d&#8217;or &hellip; <a href=\"https:\/\/web.editorialteide.com\/ca\/producte\/el-vestit-nou-de-lemperador\/\">Llegir m\u00e9s<\/a><\/p>\n","protected":false},"featured_media":108079,"template":"","meta":{"_links_to":"","_links_to_target":""},"product_brand":[],"product_cat":[195,202,205],"product_tag":[],"class_list":{"0":"post-84845","1":"product","2":"type-product","3":"status-publish","4":"has-post-thumbnail","6":"product_cat-catalunya-ca","7":"product_cat-comunidad-de-valencia-ca","8":"product_cat-illes-balears-ca","9":"pa_asignatura-llengua-ca","10":"pa_curso-3-epo-ca","11":"pa_format-llibre-text-ca","12":"pa_idioma-catalan-ca","14":"first","15":"instock","16":"taxable","17":"shipping-taxable","18":"purchasable","19":"product-type-simple"},"_links":{"self":[{"href":"https:\/\/web.editorialteide.com\/ca\/wp-json\/wp\/v2\/product\/84845","targetHints":{"allow":["GET"]}}],"collection":[{"href":"https:\/\/web.editorialteide.com\/ca\/wp-json\/wp\/v2\/product"}],"about":[{"href":"https:\/\/web.editorialteide.com\/ca\/wp-json\/wp\/v2\/types\/product"}],"wp:featuredmedia":[{"embeddable":true,"href":"https:\/\/web.editorialteide.com\/ca\/wp-json\/wp\/v2\/media\/108079"}],"wp:attachment":[{"href":"https:\/\/web.editorialteide.com\/ca\/wp-json\/wp\/v2\/media?parent=84845"}],"wp:term":[{"taxonomy":"product_brand","embeddable":true,"href":"https:\/\/web.editorialteide.com\/ca\/wp-json\/wp\/v2\/product_brand?post=84845"},{"taxonomy":"product_cat","embeddable":true,"href":"https:\/\/web.editorialteide.com\/ca\/wp-json\/wp\/v2\/product_cat?post=84845"},{"taxonomy":"product_tag","embeddable":true,"href":"https:\/\/web.editorialteide.com\/ca\/wp-json\/wp\/v2\/product_tag?post=84845"}],"curies":[{"name":"wp","href":"https:\/\/api.w.org\/{rel}","templated":true}]}}