{"id":84849,"date":"2017-05-10T13:55:59","date_gmt":"2017-05-10T12:55:59","guid":{"rendered":"http:\/\/web.editorialteide.com\/producto\/els-domadors-de-dracs\/"},"modified":"2026-03-02T18:50:40","modified_gmt":"2026-03-02T17:50:40","slug":"els-domadors-de-dracs","status":"publish","type":"product","link":"https:\/\/web.editorialteide.com\/ca\/producte\/els-domadors-de-dracs\/","title":{"rendered":"Els domadors de dracs (Ja Llegim!)"},"content":{"rendered":"<p>Hi havia una vegada un ferrer molt pobre que va haver d&#8217;anar-se&#8217;n a viure en un castell en runes amb la seva dona i el seu beb\u00e8. El que cap d&#8217;ells no sospitava era que en aquell castell&#8230; hi vivia un drac! El dia que van descobrir l&#8217;animal es van espantar molt, per\u00f2 despr\u00e9s van trobar la manera de conviure-hi pac\u00edficament, encara que al principi no va ser gens f\u00e0cil!<\/p>\n","protected":false},"excerpt":{"rendered":"<p>Hi havia una vegada un ferrer molt pobre que va haver d&#8217;anar-se&#8217;n a viure en un castell en runes amb la seva dona i el seu beb\u00e8. El que cap d&#8217;ells no sospitava era que en aquell castell&#8230; hi vivia un drac! El dia que van descobrir l&#8217;animal es van espantar molt, per\u00f2 despr\u00e9s van &hellip; <a href=\"https:\/\/web.editorialteide.com\/ca\/producte\/els-domadors-de-dracs\/\">Llegir m\u00e9s<\/a><\/p>\n","protected":false},"featured_media":108075,"template":"","meta":{"_links_to":"","_links_to_target":""},"product_brand":[],"product_cat":[195,202,205],"product_tag":[],"class_list":{"0":"post-84849","1":"product","2":"type-product","3":"status-publish","4":"has-post-thumbnail","6":"product_cat-catalunya-ca","7":"product_cat-comunidad-de-valencia-ca","8":"product_cat-illes-balears-ca","9":"pa_asignatura-llengua-ca","10":"pa_curso-3-epo-ca","11":"pa_format-llibre-text-ca","12":"pa_idioma-catalan-ca","14":"first","15":"instock","16":"taxable","17":"shipping-taxable","18":"purchasable","19":"product-type-simple"},"_links":{"self":[{"href":"https:\/\/web.editorialteide.com\/ca\/wp-json\/wp\/v2\/product\/84849","targetHints":{"allow":["GET"]}}],"collection":[{"href":"https:\/\/web.editorialteide.com\/ca\/wp-json\/wp\/v2\/product"}],"about":[{"href":"https:\/\/web.editorialteide.com\/ca\/wp-json\/wp\/v2\/types\/product"}],"wp:featuredmedia":[{"embeddable":true,"href":"https:\/\/web.editorialteide.com\/ca\/wp-json\/wp\/v2\/media\/108075"}],"wp:attachment":[{"href":"https:\/\/web.editorialteide.com\/ca\/wp-json\/wp\/v2\/media?parent=84849"}],"wp:term":[{"taxonomy":"product_brand","embeddable":true,"href":"https:\/\/web.editorialteide.com\/ca\/wp-json\/wp\/v2\/product_brand?post=84849"},{"taxonomy":"product_cat","embeddable":true,"href":"https:\/\/web.editorialteide.com\/ca\/wp-json\/wp\/v2\/product_cat?post=84849"},{"taxonomy":"product_tag","embeddable":true,"href":"https:\/\/web.editorialteide.com\/ca\/wp-json\/wp\/v2\/product_tag?post=84849"}],"curies":[{"name":"wp","href":"https:\/\/api.w.org\/{rel}","templated":true}]}}