{"id":84853,"date":"2017-05-10T13:55:57","date_gmt":"2017-05-10T12:55:57","guid":{"rendered":"http:\/\/web.editorialteide.com\/producto\/el-ratoli-de-la-ciutat-i-el-ratoli-del-camp\/"},"modified":"2026-03-02T18:50:40","modified_gmt":"2026-03-02T17:50:40","slug":"el-ratoli-de-la-ciutat-i-el-ratoli-del-camp","status":"publish","type":"product","link":"https:\/\/web.editorialteide.com\/ca\/producte\/el-ratoli-de-la-ciutat-i-el-ratoli-del-camp\/","title":{"rendered":"El ratol\u00ed de la ciutat i el ratol\u00ed del camp (Ja Llegim!)"},"content":{"rendered":"<p>El ratol\u00ed del camp convida el seu cos\u00ed, el ratol\u00ed de la ciutat, a pasar uns quants dies amb ell. Per\u00f2 el ratol\u00ed de la ciutat est\u00e0 tan acostumat a la comoditat, que decideix quedar-se poc temps al camp i tornar abans a casa seva. El ratol\u00ed del camp l&#8217;hi acompanya i es queda bocabadat en veure el rebost del seu cos\u00ed, ple d&#8217;aliments deliciosos&#8230; Per\u00f2 el que no li agrada \u00e9s haver d&#8217;esquivar tants perills a la casa!<\/p>\n","protected":false},"excerpt":{"rendered":"<p>El ratol\u00ed del camp convida el seu cos\u00ed, el ratol\u00ed de la ciutat, a pasar uns quants dies amb ell. Per\u00f2 el ratol\u00ed de la ciutat est\u00e0 tan acostumat a la comoditat, que decideix quedar-se poc temps al camp i tornar abans a casa seva. El ratol\u00ed del camp l&#8217;hi acompanya i es queda bocabadat &hellip; <a href=\"https:\/\/web.editorialteide.com\/ca\/producte\/el-ratoli-de-la-ciutat-i-el-ratoli-del-camp\/\">Llegir m\u00e9s<\/a><\/p>\n","protected":false},"featured_media":108071,"template":"","meta":{"_links_to":"","_links_to_target":""},"product_brand":[],"product_cat":[195,202,205],"product_tag":[],"class_list":{"0":"post-84853","1":"product","2":"type-product","3":"status-publish","4":"has-post-thumbnail","6":"product_cat-catalunya-ca","7":"product_cat-comunidad-de-valencia-ca","8":"product_cat-illes-balears-ca","9":"pa_asignatura-llengua-ca","10":"pa_curso-1-epo-ca","11":"pa_format-llibre-text-ca","12":"pa_idioma-catalan-ca","14":"first","15":"instock","16":"taxable","17":"shipping-taxable","18":"purchasable","19":"product-type-simple"},"_links":{"self":[{"href":"https:\/\/web.editorialteide.com\/ca\/wp-json\/wp\/v2\/product\/84853","targetHints":{"allow":["GET"]}}],"collection":[{"href":"https:\/\/web.editorialteide.com\/ca\/wp-json\/wp\/v2\/product"}],"about":[{"href":"https:\/\/web.editorialteide.com\/ca\/wp-json\/wp\/v2\/types\/product"}],"wp:featuredmedia":[{"embeddable":true,"href":"https:\/\/web.editorialteide.com\/ca\/wp-json\/wp\/v2\/media\/108071"}],"wp:attachment":[{"href":"https:\/\/web.editorialteide.com\/ca\/wp-json\/wp\/v2\/media?parent=84853"}],"wp:term":[{"taxonomy":"product_brand","embeddable":true,"href":"https:\/\/web.editorialteide.com\/ca\/wp-json\/wp\/v2\/product_brand?post=84853"},{"taxonomy":"product_cat","embeddable":true,"href":"https:\/\/web.editorialteide.com\/ca\/wp-json\/wp\/v2\/product_cat?post=84853"},{"taxonomy":"product_tag","embeddable":true,"href":"https:\/\/web.editorialteide.com\/ca\/wp-json\/wp\/v2\/product_tag?post=84853"}],"curies":[{"name":"wp","href":"https:\/\/api.w.org\/{rel}","templated":true}]}}