{"id":84857,"date":"2017-05-10T13:55:54","date_gmt":"2017-05-10T12:55:54","guid":{"rendered":"http:\/\/web.editorialteide.com\/producto\/com-va-aconseguir-la-balena-la-gola\/"},"modified":"2026-03-02T18:50:40","modified_gmt":"2026-03-02T17:50:40","slug":"com-va-aconseguir-la-balena-la-gola","status":"publish","type":"product","link":"https:\/\/web.editorialteide.com\/ca\/producte\/com-va-aconseguir-la-balena-la-gola\/","title":{"rendered":"Com va aconseguir la balena la gola? (Ja Llegim!)"},"content":{"rendered":"<p>Hi havia una vegada una balena molt golafre que es va menjar tots els peixos del mar tret d&#8217;un de molt petit, per\u00f2 molt astut. Quan la balena va tornar a tenir gana, el peix li va proposar que es meng\u00e9s un n\u00e0ufrag que portava pantalons de lona blava i duia un parell de tirants. I tal dit, tal fet! Per\u00f2 el n\u00e0ufrag era tan h\u00e1bil i llest, que va trobar la manera de sortir sa i estalvi de l&#8217;enorme panxa de la balena.<\/p>\n","protected":false},"excerpt":{"rendered":"<p>Hi havia una vegada una balena molt golafre que es va menjar tots els peixos del mar tret d&#8217;un de molt petit, per\u00f2 molt astut. Quan la balena va tornar a tenir gana, el peix li va proposar que es meng\u00e9s un n\u00e0ufrag que portava pantalons de lona blava i duia un parell de tirants. &hellip; <a href=\"https:\/\/web.editorialteide.com\/ca\/producte\/com-va-aconseguir-la-balena-la-gola\/\">Llegir m\u00e9s<\/a><\/p>\n","protected":false},"featured_media":108067,"template":"","meta":{"_links_to":"","_links_to_target":""},"product_brand":[],"product_cat":[195,202,205],"product_tag":[],"class_list":{"0":"post-84857","1":"product","2":"type-product","3":"status-publish","4":"has-post-thumbnail","6":"product_cat-catalunya-ca","7":"product_cat-comunidad-de-valencia-ca","8":"product_cat-illes-balears-ca","9":"pa_asignatura-llengua-ca","10":"pa_curso-1-epo-ca","11":"pa_format-llibre-text-ca","12":"pa_idioma-catalan-ca","14":"first","15":"instock","16":"taxable","17":"shipping-taxable","18":"purchasable","19":"product-type-simple"},"_links":{"self":[{"href":"https:\/\/web.editorialteide.com\/ca\/wp-json\/wp\/v2\/product\/84857","targetHints":{"allow":["GET"]}}],"collection":[{"href":"https:\/\/web.editorialteide.com\/ca\/wp-json\/wp\/v2\/product"}],"about":[{"href":"https:\/\/web.editorialteide.com\/ca\/wp-json\/wp\/v2\/types\/product"}],"wp:featuredmedia":[{"embeddable":true,"href":"https:\/\/web.editorialteide.com\/ca\/wp-json\/wp\/v2\/media\/108067"}],"wp:attachment":[{"href":"https:\/\/web.editorialteide.com\/ca\/wp-json\/wp\/v2\/media?parent=84857"}],"wp:term":[{"taxonomy":"product_brand","embeddable":true,"href":"https:\/\/web.editorialteide.com\/ca\/wp-json\/wp\/v2\/product_brand?post=84857"},{"taxonomy":"product_cat","embeddable":true,"href":"https:\/\/web.editorialteide.com\/ca\/wp-json\/wp\/v2\/product_cat?post=84857"},{"taxonomy":"product_tag","embeddable":true,"href":"https:\/\/web.editorialteide.com\/ca\/wp-json\/wp\/v2\/product_tag?post=84857"}],"curies":[{"name":"wp","href":"https:\/\/api.w.org\/{rel}","templated":true}]}}