{"id":84861,"date":"2017-05-10T13:55:52","date_gmt":"2017-05-10T12:55:52","guid":{"rendered":"http:\/\/web.editorialteide.com\/producto\/la-sireneta-catala\/"},"modified":"2026-03-02T18:50:33","modified_gmt":"2026-03-02T17:50:33","slug":"la-sireneta-catala","status":"publish","type":"product","link":"https:\/\/web.editorialteide.com\/ca\/producte\/la-sireneta-catala\/","title":{"rendered":"La Sireneta (Ja Llegim!)"},"content":{"rendered":"<p>Al fons del mar hi viu una petita sirena amb el seu pare i les seves germanes. Per\u00f2 no \u00e9s del tot feli\u00e7, ja que est\u00e0 enamorada d\u2019un pr\u00edncep que viu en terra ferma. Gr\u00e0cies a un encanteri aconseguir\u00e0 pujar a la platja per estar amb ell.<\/p>\n<p>P\u00e0gines: 72. Format: 21 x 27 cm<\/p>\n","protected":false},"excerpt":{"rendered":"<p>Al fons del mar hi viu una petita sirena amb el seu pare i les seves germanes. Per\u00f2 no \u00e9s del tot feli\u00e7, ja que est\u00e0 enamorada d\u2019un pr\u00edncep que viu en terra ferma. Gr\u00e0cies a un encanteri aconseguir\u00e0 pujar a la platja per estar amb ell. P\u00e0gines: 72. Format: 21 x 27 cm<\/p>\n","protected":false},"featured_media":157806,"template":"","meta":{"_links_to":"","_links_to_target":""},"product_brand":[],"product_cat":[195,202,205],"product_tag":[],"class_list":{"0":"post-84861","1":"product","2":"type-product","3":"status-publish","4":"has-post-thumbnail","6":"product_cat-catalunya-ca","7":"product_cat-comunidad-de-valencia-ca","8":"product_cat-illes-balears-ca","9":"pa_asignatura-llengua-ca","10":"pa_curso-1-epo-ca","11":"pa_format-llibre-text-ca","12":"pa_idioma-catalan-ca","14":"first","15":"instock","16":"taxable","17":"shipping-taxable","18":"purchasable","19":"product-type-simple"},"_links":{"self":[{"href":"https:\/\/web.editorialteide.com\/ca\/wp-json\/wp\/v2\/product\/84861","targetHints":{"allow":["GET"]}}],"collection":[{"href":"https:\/\/web.editorialteide.com\/ca\/wp-json\/wp\/v2\/product"}],"about":[{"href":"https:\/\/web.editorialteide.com\/ca\/wp-json\/wp\/v2\/types\/product"}],"wp:featuredmedia":[{"embeddable":true,"href":"https:\/\/web.editorialteide.com\/ca\/wp-json\/wp\/v2\/media\/157806"}],"wp:attachment":[{"href":"https:\/\/web.editorialteide.com\/ca\/wp-json\/wp\/v2\/media?parent=84861"}],"wp:term":[{"taxonomy":"product_brand","embeddable":true,"href":"https:\/\/web.editorialteide.com\/ca\/wp-json\/wp\/v2\/product_brand?post=84861"},{"taxonomy":"product_cat","embeddable":true,"href":"https:\/\/web.editorialteide.com\/ca\/wp-json\/wp\/v2\/product_cat?post=84861"},{"taxonomy":"product_tag","embeddable":true,"href":"https:\/\/web.editorialteide.com\/ca\/wp-json\/wp\/v2\/product_tag?post=84861"}],"curies":[{"name":"wp","href":"https:\/\/api.w.org\/{rel}","templated":true}]}}